{"id":887,"date":"2026-05-01T07:48:19","date_gmt":"2026-05-01T07:48:19","guid":{"rendered":"https:\/\/lpr.de\/de\/?page_id=887"},"modified":"2026-05-01T08:11:37","modified_gmt":"2026-05-01T08:11:37","slug":"richtlinien","status":"publish","type":"page","link":"https:\/\/lpr.de\/de\/richtlinien\/","title":{"rendered":"Richtlinien"},"content":{"rendered":"<div class=\"wpb-content-wrapper\">[vc_row remove_bottom_col_margin=&#8221;true&#8221;][vc_column]<div class=\"templatera_shortcode\"><div class=\"vc_row wpb_row vc_row-fluid policySectionTitle wpex-relative wpex-vc_row-col-mb-0\"><div class=\"wpb_column vc_column_container vc_col-sm-12\"><div class=\"vc_column-inner\"><div class=\"wpb_wrapper\"><h2 class=\"vcex-heading vcex-heading-plain vcex-module wpex-heading wpex-text-2xl\"><span class=\"vcex-heading-inner wpex-inline-block\">Laden Sie unsere CSRD-Richtlinien herunter<\/span><\/h2><\/div><\/div><\/div><\/div><div class=\"vc_row wpb_row vc_row-fluid policyHolder wpex-relative\"><div class=\"wpb_column vc_column_container vc_col-sm-4\"><div class=\"vc_column-inner\"><div class=\"wpb_wrapper\"><figure class=\"vcex-image vcex-module wpex-text-center policyIcon\"><div class=\"vcex-image-inner wpex-relative wpex-inline-block\"><img width=\"9999\" height=\"110\" src=\"https:\/\/lpr.de\/de\/wp-content\/uploads\/sites\/3\/2026\/05\/governance.svg\" class=\"vcex-image-img wpex-align-middle\" alt=\"governance icon\" loading=\"lazy\" decoding=\"async\" \/><\/div><\/figure><div class=\"vc_tta-container\" data-vc-action=\"collapseAll\"><h3>Unternehmensf\u00fchrung &amp; Compliance<\/h3><div class=\"vc_general vc_tta vc_tta-accordion vc_tta-color-grey vc_tta-style-total vc_tta-shape-rounded vc_tta-o-shape-group vc_tta-controls-align-default vc_tta-o-all-clickable\"><div class=\"vc_tta-panels-container\"><div class=\"vc_tta-panels\"><div class=\"vc_tta-panel\" id=\"1774364754306-2c67b8d7-e4aa\" data-vc-content=\".vc_tta-panel-body\"><div class=\"vc_tta-panel-heading\"><h5 class=\"vc_tta-panel-title vc_tta-controls-icon-position-right\"><a href=\"#1774364754306-2c67b8d7-e4aa\" data-vc-accordion data-vc-container=\".vc_tta-container\"><span class=\"vc_tta-title-text\">Richtlinien zu ethischem Verhalten, rechtlicher Compliance und Unternehmensf\u00fchrung<\/span><i class=\"vc_tta-controls-icon vc_tta-controls-icon-chevron\"><\/i><\/a><\/h5><\/div><div class=\"vc_tta-panel-body\"><a href=\"https:\/\/lpr.de\/de\/wp-content\/uploads\/sites\/3\/2026\/05\/DANX-Carousel-LPR-Anti-Bestechung-Korruption-ABC-01.25_2-DE.pdf\" class=\"vcex-button theme-button inline widebut download\"><span class=\"vcex-button-inner theme-button-inner wpex-flex wpex-flex-wrap wpex-items-center wpex-justify-center\">Anti-Bestechung &amp; Korruption<\/span><\/a> <a href=\"https:\/\/danxcarousel.com\/wp-content\/uploads\/2025\/01\/CSL-Modern-Slavery-Statement.pdf\" class=\"vcex-button theme-button inline widebut download\"><span class=\"vcex-button-inner theme-button-inner wpex-flex wpex-flex-wrap wpex-items-center wpex-justify-center\">Modern Slavery Statement<\/span><\/a> <a href=\"https:\/\/lpr.de\/de\/wp-content\/uploads\/sites\/3\/2026\/05\/DANX-Carousel-LPR-Group-Sanktions-Richtlinie-Sanctions-policy-01.25_2-DE.pdf\" class=\"vcex-button theme-button inline widebut download\"><span class=\"vcex-button-inner theme-button-inner wpex-flex wpex-flex-wrap wpex-items-center wpex-justify-center\">Sanktions Richtlinie<\/span><\/a> <a href=\"https:\/\/lpr.de\/de\/wp-content\/uploads\/sites\/3\/2026\/05\/DANX-Carousel-LPR-Group-Verhaltenskodex-fur-Lieferanten-Supplier-CoC-01.25_2-DE.pdf\" class=\"vcex-button theme-button inline widebut download\"><span class=\"vcex-button-inner theme-button-inner wpex-flex wpex-flex-wrap wpex-items-center wpex-justify-center\">Verhaltenskodex f\u00fcr Lieferanten<\/span><\/a> <a href=\"https:\/\/lpr.de\/de\/wp-content\/uploads\/sites\/3\/2026\/05\/DANX-Carousel-LPR-Group-Nachhaltigkeit-Sustainability-Policy-01.25_2-DE.pdf\" class=\"vcex-button theme-button inline widebut download\"><span class=\"vcex-button-inner theme-button-inner wpex-flex wpex-flex-wrap wpex-items-center wpex-justify-center\">Nachhaltigkeit<\/span><\/a> <a href=\"https:\/\/lpr.de\/de\/wp-content\/uploads\/sites\/3\/2026\/05\/DANX-Carousel-LPR-Whistle-Blowing-Policy-01.25_2-DE.pdf\" class=\"vcex-button theme-button inline widebut download\"><span class=\"vcex-button-inner theme-button-inner wpex-flex wpex-flex-wrap wpex-items-center wpex-justify-center\">Whistleblowing Policy<\/span><\/a> <\/div><\/div><\/div><\/div><\/div><\/div><\/div><\/div><\/div><div class=\"wpb_column vc_column_container vc_col-sm-4\"><div class=\"vc_column-inner\"><div class=\"wpb_wrapper\"><figure class=\"vcex-image vcex-module wpex-text-center policyIcon\"><div class=\"vcex-image-inner wpex-relative wpex-inline-block\"><img width=\"9999\" height=\"110\" src=\"https:\/\/lpr.de\/de\/wp-content\/uploads\/sites\/3\/2026\/05\/environment.svg\" class=\"vcex-image-img wpex-align-middle\" alt=\"Environment icon\" loading=\"lazy\" decoding=\"async\" \/><\/div><\/figure><div class=\"vc_tta-container\" data-vc-action=\"collapseAll\"><h3>\u00d6kologische Nachhaltigkeit<\/h3><div class=\"vc_general vc_tta vc_tta-accordion vc_tta-color-grey vc_tta-style-total vc_tta-shape-rounded vc_tta-o-shape-group vc_tta-controls-align-default vc_tta-o-all-clickable\"><div class=\"vc_tta-panels-container\"><div class=\"vc_tta-panels\"><div class=\"vc_tta-panel\" id=\"1774366853430-d078f894-4776\" data-vc-content=\".vc_tta-panel-body\"><div class=\"vc_tta-panel-heading\"><h5 class=\"vc_tta-panel-title vc_tta-controls-icon-position-right\"><a href=\"#1774366853430-d078f894-4776\" data-vc-accordion data-vc-container=\".vc_tta-container\"><span class=\"vc_tta-title-text\">Richtlinien mit Fokus auf Umweltverantwortung und Nachhaltigkeitsleistung<\/span><i class=\"vc_tta-controls-icon vc_tta-controls-icon-chevron\"><\/i><\/a><\/h5><\/div><div class=\"vc_tta-panel-body\"><a href=\"https:\/\/lpr.de\/de\/wp-content\/uploads\/sites\/3\/2026\/05\/DANX-Carousel-LPR-Group-Umweltpolitik-Environmental-Policy-01.25_2-DE.pdf\" class=\"vcex-button theme-button inline widebut download\"><span class=\"vcex-button-inner theme-button-inner wpex-flex wpex-flex-wrap wpex-items-center wpex-justify-center\">Umweltpolitik<\/span><\/a> <a href=\"https:\/\/lpr.de\/de\/wp-content\/uploads\/sites\/3\/2026\/05\/DANX-Carousel-LPR-Group-Nachhaltigkeit-Sustainability-Policy-01.25_2-DE.pdf\" class=\"vcex-button theme-button inline widebut download\"><span class=\"vcex-button-inner theme-button-inner wpex-flex wpex-flex-wrap wpex-items-center wpex-justify-center\">Nachhaltigkeit<\/span><\/a> <a href=\"https:\/\/lpr.de\/de\/wp-content\/uploads\/sites\/3\/2026\/05\/DANX-Carousel-LPR-Group-Abfallwirtschaft-Waste-Management-Policy-01.25_2-DE.pdf\" class=\"vcex-button theme-button inline widebut download\"><span class=\"vcex-button-inner theme-button-inner wpex-flex wpex-flex-wrap wpex-items-center wpex-justify-center\">Abfallwirtschaft<\/span><\/a> <\/div><\/div><\/div><\/div><\/div><\/div><\/div><\/div><\/div><div class=\"wpb_column vc_column_container vc_col-sm-4\"><div class=\"vc_column-inner\"><div class=\"wpb_wrapper\"><figure class=\"vcex-image vcex-module wpex-text-center policyIcon\"><div class=\"vcex-image-inner wpex-relative wpex-inline-block\"><img width=\"9999\" height=\"110\" src=\"https:\/\/lpr.de\/de\/wp-content\/uploads\/sites\/3\/2026\/05\/responsibility.svg\" class=\"vcex-image-img wpex-align-middle\" alt=\"Shield icon\" loading=\"lazy\" decoding=\"async\" \/><\/div><\/figure><div class=\"vc_tta-container\" data-vc-action=\"collapseAll\"><h3>Soziale Verantwortung<\/h3><div class=\"vc_general vc_tta vc_tta-accordion vc_tta-color-grey vc_tta-style-total vc_tta-shape-rounded vc_tta-o-shape-group vc_tta-controls-align-default vc_tta-o-all-clickable\"><div class=\"vc_tta-panels-container\"><div class=\"vc_tta-panels\"><div class=\"vc_tta-panel\" id=\"1774363997006-488bc714-6510\" data-vc-content=\".vc_tta-panel-body\"><div class=\"vc_tta-panel-heading\"><h5 class=\"vc_tta-panel-title vc_tta-controls-icon-position-right\"><a href=\"#1774363997006-488bc714-6510\" data-vc-accordion data-vc-container=\".vc_tta-container\"><span class=\"vc_tta-title-text\">Richtlinien zu Menschenrechten, Mitarbeiterwohl und Inklusion<\/span><i class=\"vc_tta-controls-icon vc_tta-controls-icon-chevron\"><\/i><\/a><\/h5><\/div><div class=\"vc_tta-panel-body\"><a href=\"https:\/\/lpr.de\/de\/wp-content\/uploads\/sites\/3\/2026\/05\/DANX-Carousel-LPR-Vielfalt-Gleichheit-DEI-01.25_2-DE.pdf\" class=\"vcex-button theme-button inline widebut download\"><span class=\"vcex-button-inner theme-button-inner wpex-flex wpex-flex-wrap wpex-items-center wpex-justify-center\">Vielfalt, Gleichheit und Inklusion<\/span><\/a> <a href=\"https:\/\/lpr.de\/de\/wp-content\/uploads\/sites\/3\/2026\/05\/DANX-Carousel-LPR-Menschenrechte-Human-Rights-Policy-01.25_2-DE.pdf\" class=\"vcex-button theme-button inline widebut download\"><span class=\"vcex-button-inner theme-button-inner wpex-flex wpex-flex-wrap wpex-items-center wpex-justify-center\">Menschenrechte<\/span><\/a> <a href=\"https:\/\/lpr.de\/de\/wp-content\/uploads\/sites\/3\/2026\/05\/DANX-Carousel-LPR-Group-Gesundheit-und-Sicherheit-am-Arbeitsplatz-OHS-Policy-01.25_2-DE.pdf\" class=\"vcex-button theme-button inline widebut download\"><span class=\"vcex-button-inner theme-button-inner wpex-flex wpex-flex-wrap wpex-items-center wpex-justify-center\">Gesundheit und Sicherheit am Arbeitsplatz<\/span><\/a> <a href=\"https:\/\/lpr.de\/de\/wp-content\/uploads\/sites\/3\/2026\/05\/DANX-Carousel-LPR-Group-Nachhaltigkeit-Sustainability-Policy-01.25_2-DE.pdf\" class=\"vcex-button theme-button inline widebut download\"><span class=\"vcex-button-inner theme-button-inner wpex-flex wpex-flex-wrap wpex-items-center wpex-justify-center\">Nachhaltigkeit<\/span><\/a> <\/div><\/div><\/div><\/div><\/div><\/div><\/div><\/div><\/div><\/div><div class=\"vc_row wpb_row vc_row-fluid policySectionTitle wpex-relative wpex-vc_row-col-mb-0\"><div class=\"wpb_column vc_column_container vc_col-sm-12\"><div class=\"vc_column-inner\"><div class=\"wpb_wrapper\"><h2 class=\"vcex-heading vcex-heading-plain vcex-module wpex-heading wpex-text-2xl\"><span class=\"vcex-heading-inner wpex-inline-block\">Laden Sie unsere DSGVO-Richtlinien herunter<\/span><\/h2><\/div><\/div><\/div><\/div><div class=\"vc_row wpb_row vc_row-fluid policyHolderNoIcon wpex-relative\"><div class=\"wpb_column vc_column_container vc_col-sm-4\"><div class=\"vc_column-inner\"><div class=\"wpb_wrapper\"><div class=\"vc_tta-container\" data-vc-action=\"collapseAll\"><div class=\"vc_general vc_tta vc_tta-accordion vc_tta-color-grey vc_tta-style-total vc_tta-shape-rounded vc_tta-o-shape-group vc_tta-controls-align-default vc_tta-o-all-clickable\"><div class=\"vc_tta-panels-container\"><div class=\"vc_tta-panels\"><div class=\"vc_tta-panel\" id=\"1774367443137-eb7a9bcb-1080\" data-vc-content=\".vc_tta-panel-body\"><div class=\"vc_tta-panel-heading\"><h5 class=\"vc_tta-panel-title vc_tta-controls-icon-position-right\"><a href=\"#1774367443137-eb7a9bcb-1080\" data-vc-accordion data-vc-container=\".vc_tta-container\"><span class=\"vc_tta-title-text\">GDPR \/ Datenschutzhinweise<\/span><i class=\"vc_tta-controls-icon vc_tta-controls-icon-chevron\"><\/i><\/a><\/h5><\/div><div class=\"vc_tta-panel-body\"><a href=\"https:\/\/danxcarousel.com\/wp-content\/uploads\/2026\/03\/DCG-GDPR-Customer-Privacy-Notice.pdf\" class=\"vcex-button theme-button inline widebut download\"><span class=\"vcex-button-inner theme-button-inner wpex-flex wpex-flex-wrap wpex-items-center wpex-justify-center\">Customer Privacy Notice<\/span><\/a> <a href=\"https:\/\/danxcarousel.com\/wp-content\/uploads\/2026\/03\/DCG-GDPR-Job-Applicant-Privacy-Notice.pdf\" class=\"vcex-button theme-button inline widebut download\"><span class=\"vcex-button-inner theme-button-inner wpex-flex wpex-flex-wrap wpex-items-center wpex-justify-center\">Job Applicant Privacy Notice<\/span><\/a> <a href=\"https:\/\/danxcarousel.com\/wp-content\/uploads\/2026\/03\/DCG-GDPR-Supplier-Privacy-Notice.pdf\" class=\"vcex-button theme-button inline widebut download\"><span class=\"vcex-button-inner theme-button-inner wpex-flex wpex-flex-wrap wpex-items-center wpex-justify-center\">Supplier Privacy Notice<\/span><\/a> <\/div><\/div><\/div><\/div><\/div><\/div><\/div><\/div><\/div><div class=\"wpb_column vc_column_container vc_col-sm-4\"><div class=\"vc_column-inner\"><div class=\"wpb_wrapper\"><div class=\"vc_tta-container\" data-vc-action=\"collapseAll\"><div class=\"vc_general vc_tta vc_tta-accordion vc_tta-color-grey vc_tta-style-total vc_tta-shape-rounded vc_tta-o-shape-group vc_tta-controls-align-default vc_tta-o-all-clickable\"><div class=\"vc_tta-panels-container\"><div class=\"vc_tta-panels\"><div class=\"vc_tta-panel\" id=\"1774367443174-0751e015-b7f0\" data-vc-content=\".vc_tta-panel-body\"><div class=\"vc_tta-panel-heading\"><h5 class=\"vc_tta-panel-title vc_tta-controls-icon-position-right\"><a href=\"#1774367443174-0751e015-b7f0\" data-vc-accordion data-vc-container=\".vc_tta-container\"><span class=\"vc_tta-title-text\">GDPR Richtlinien &amp; Verfahren<\/span><i class=\"vc_tta-controls-icon vc_tta-controls-icon-chevron\"><\/i><\/a><\/h5><\/div><div class=\"vc_tta-panel-body\"><a href=\"https:\/\/danxcarousel.com\/wp-content\/uploads\/2026\/03\/DCG-GDPR-Appropriate-Policy-Document.pdf\" class=\"vcex-button theme-button inline widebut download\"><span class=\"vcex-button-inner theme-button-inner wpex-flex wpex-flex-wrap wpex-items-center wpex-justify-center\">Appropriate Policy Document<\/span><\/a> <a href=\"https:\/\/danxcarousel.com\/wp-content\/uploads\/2026\/03\/DCG-GDPR-CCTV-Policy.pdf\" class=\"vcex-button theme-button inline widebut download\"><span class=\"vcex-button-inner theme-button-inner wpex-flex wpex-flex-wrap wpex-items-center wpex-justify-center\">CCTV Policy<\/span><\/a> <a href=\"https:\/\/danxcarousel.com\/wp-content\/uploads\/2026\/03\/DCG-Data-Retention-Deletion-Policy.pdf\" class=\"vcex-button theme-button inline widebut download\"><span class=\"vcex-button-inner theme-button-inner wpex-flex wpex-flex-wrap wpex-items-center wpex-justify-center\">Data Retention &amp; Deletion Policy<\/span><\/a> <a href=\"https:\/\/danxcarousel.com\/wp-content\/uploads\/2026\/03\/DCG-GDPR-Legitimate-Interest-Policy.pdf\" class=\"vcex-button theme-button inline widebut download\"><span class=\"vcex-button-inner theme-button-inner wpex-flex wpex-flex-wrap wpex-items-center wpex-justify-center\">Legitimate Interest Policy<\/span><\/a> <\/div><\/div><\/div><\/div><\/div><\/div><\/div><\/div><\/div><div class=\"wpb_column vc_column_container vc_col-sm-4\"><div class=\"vc_column-inner\"><div class=\"wpb_wrapper\"><div class=\"vc_tta-container\" data-vc-action=\"collapseAll\"><div class=\"vc_general vc_tta vc_tta-accordion vc_tta-color-grey vc_tta-style-total vc_tta-shape-rounded vc_tta-o-shape-group vc_tta-controls-align-default vc_tta-o-all-clickable\"><div class=\"vc_tta-panels-container\"><div class=\"vc_tta-panels\"><div class=\"vc_tta-panel\" id=\"1774367443208-bf35883d-e9d8\" data-vc-content=\".vc_tta-panel-body\"><div class=\"vc_tta-panel-heading\"><h5 class=\"vc_tta-panel-title vc_tta-controls-icon-position-right\"><a href=\"#1774367443208-bf35883d-e9d8\" data-vc-accordion data-vc-container=\".vc_tta-container\"><span class=\"vc_tta-title-text\">Anfragen betroffener Personen<\/span><i class=\"vc_tta-controls-icon vc_tta-controls-icon-chevron\"><\/i><\/a><\/h5><\/div><div class=\"vc_tta-panel-body\"><a href=\"https:\/\/danxcarousel.com\/wp-content\/uploads\/2026\/03\/DCG-GDPR-Data-Subject-Request-Policy.pdf\" class=\"vcex-button theme-button inline widebut download\"><span class=\"vcex-button-inner theme-button-inner wpex-flex wpex-flex-wrap wpex-items-center wpex-justify-center\">Data Subject Request Policy<\/span><\/a> <a href=\"https:\/\/danxcarousel.com\/wp-content\/uploads\/2026\/03\/DCG-GDPR-Data-Subject-Request-Procedure.pdf\" class=\"vcex-button theme-button inline widebut download\"><span class=\"vcex-button-inner theme-button-inner wpex-flex wpex-flex-wrap wpex-items-center wpex-justify-center\">Data Subject Request Procedure<\/span><\/a> <\/div><\/div><\/div><\/div><\/div><\/div><\/div><\/div><\/div><\/div><div class=\"vc_row wpb_row vc_row-fluid wpex-relative\"><div class=\"wpb_column vc_column_container vc_col-sm-12\"><div class=\"vc_column-inner\"><div class=\"wpb_wrapper\">\n\t<div class=\"wpb_text_column wpb_content_element small\" >\n\t\t<div class=\"wpb_wrapper\">\n\t\t\t<p><span class=\"Small\">Latest version: 26.1_V1.0.0<\/span><\/p>\n\n\t\t<\/div>\n\t<\/div>\n<\/div><\/div><\/div><\/div>\r\n<\/div>[\/vc_column][\/vc_row]\n<\/div>","protected":false},"excerpt":{"rendered":"Laden Sie unsere CSRD-Richtlinien herunterUnternehmensf\u00fchrung &amp; ComplianceRichtlinien zu ethischem Verhalten, rechtlicher Compliance und Unternehmensf\u00fchrungAnti-Bestechung &amp; Korruption Modern Slavery Statement Sanktions Richtlinie Verhaltenskodex f\u00fcr Lieferanten Nachhaltigkeit Whistleblowing Policy \u00d6kologische NachhaltigkeitRichtlinien mit Fokus auf Umweltverantwortung und NachhaltigkeitsleistungUmweltpolitik Nachhaltigkeit Abfallwirtschaft Soziale VerantwortungRichtlinien zu Menschenrechten, Mitarbeiterwohl und InklusionVielfalt, Gleichheit und Inklusion Menschenrechte Gesundheit und Sicherheit am Arbeitsplatz Nachhaltigkeit Laden&hellip;","protected":false},"author":1,"featured_media":0,"parent":0,"menu_order":0,"comment_status":"closed","ping_status":"closed","template":"","meta":{"inline_featured_image":false,"footnotes":""},"class_list":["post-887","page","type-page","status-publish","hentry","entry","no-media"],"_links":{"self":[{"href":"https:\/\/lpr.de\/de\/wp-json\/wp\/v2\/pages\/887","targetHints":{"allow":["GET"]}}],"collection":[{"href":"https:\/\/lpr.de\/de\/wp-json\/wp\/v2\/pages"}],"about":[{"href":"https:\/\/lpr.de\/de\/wp-json\/wp\/v2\/types\/page"}],"author":[{"embeddable":true,"href":"https:\/\/lpr.de\/de\/wp-json\/wp\/v2\/users\/1"}],"replies":[{"embeddable":true,"href":"https:\/\/lpr.de\/de\/wp-json\/wp\/v2\/comments?post=887"}],"version-history":[{"count":3,"href":"https:\/\/lpr.de\/de\/wp-json\/wp\/v2\/pages\/887\/revisions"}],"predecessor-version":[{"id":894,"href":"https:\/\/lpr.de\/de\/wp-json\/wp\/v2\/pages\/887\/revisions\/894"}],"wp:attachment":[{"href":"https:\/\/lpr.de\/de\/wp-json\/wp\/v2\/media?parent=887"}],"curies":[{"name":"wp","href":"https:\/\/api.w.org\/{rel}","templated":true}]}}