{"id":84,"date":"2026-04-08T09:53:11","date_gmt":"2026-04-08T09:53:11","guid":{"rendered":"https:\/\/lpr.de\/de\/?page_id=84"},"modified":"2026-04-22T13:38:29","modified_gmt":"2026-04-22T13:38:29","slug":"fsl-forward-stocking-locations","status":"publish","type":"page","link":"https:\/\/lpr.de\/de\/services\/fsl-forward-stocking-locations\/","title":{"rendered":"FSL \u2013 Field Stocking Locations"},"content":{"rendered":"<div class=\"wpb-content-wrapper\">[vc_row content_placement=&#8221;middle&#8221; column_spacing=&#8221;50&#8243; el_class=&#8221;swap-on-mobile&#8221;][vc_column width=&#8221;1\/2&#8243;]<h2 class=\"vcex-heading vcex-heading-plain vcex-module wpex-heading wpex-text-2xl\"><span class=\"vcex-heading-inner wpex-inline-block\">Reaktionszeiten in Minuten denken<\/span><\/h2>[vc_column_text css=&#8221;&#8221; el_class=&#8221;removepad&#8221;]Mit den FSL Strukturen von LPR r\u00fccken kritische Ersatzteile n\u00e4her an Ihre Installationsorte \u2013 genau dort hin, wo Techniker sie in kurzen Zeitfenstern ben\u00f6tigen. Das reduziert Komplexit\u00e4t, erh\u00f6ht die Einsatzplanbarkeit und sichert verl\u00e4ssliche Servicelevel.<\/p>\n<p>Sie behalten die Kontrolle \u00fcber Best\u00e4nde, Zugriffsrechte und SLAs. LPR \u00fcbernimmt die operative Umsetzung vor Ort, von der Best\u00fcckung bis zur dokumentierten Entnahme.<\/p>\n<p>Ob einzelnes FSL an einem Schl\u00fcsselstandort oder ein europaweit verzweigtes Netz: Alle Bausteine lassen sich modular an Ihre Organisation und Ihre Anforderungen anpassen.<br \/>\n[\/vc_column_text][\/vc_column][vc_column width=&#8221;1\/2&#8243;]<figure class=\"vcex-image vcex-module\"><div class=\"vcex-image-inner wpex-relative wpex-inline-block\"><img width=\"850\" height=\"850\" src=\"https:\/\/lpr.de\/de\/wp-content\/uploads\/sites\/3\/2026\/04\/fsl-content-1.webp\" class=\"vcex-image-img wpex-align-middle wpex-aspect-4-3 wpex-object-cover\" alt=\"worker at screen\" loading=\"lazy\" decoding=\"async\" srcset=\"https:\/\/lpr.de\/de\/wp-content\/uploads\/sites\/3\/2026\/04\/fsl-content-1.webp 850w, https:\/\/lpr.de\/de\/wp-content\/uploads\/sites\/3\/2026\/04\/fsl-content-1-300x300.webp 300w, https:\/\/lpr.de\/de\/wp-content\/uploads\/sites\/3\/2026\/04\/fsl-content-1-150x150.webp 150w, https:\/\/lpr.de\/de\/wp-content\/uploads\/sites\/3\/2026\/04\/fsl-content-1-768x768.webp 768w\" sizes=\"auto, (max-width: 850px) 100vw, 850px\" \/><\/div><\/figure>[\/vc_column][\/vc_row][vc_row remove_bottom_col_margin=&#8221;true&#8221;][vc_column]<h2 class=\"vcex-heading vcex-heading-plain vcex-module wpex-heading wpex-text-2xl wpex-text-center\"><span class=\"vcex-heading-inner wpex-inline-block\">Warum LPR?<\/span><\/h2>[\/vc_column][\/vc_row][vc_row column_spacing=&#8221;50&#8243; gap=&#8221;35&#8243; equal_height=&#8221;yes&#8221; remove_bottom_col_margin=&#8221;true&#8221; el_class=&#8221;iconTileHolder&#8221;][vc_column width=&#8221;1\/3&#8243;][vc_row_inner][vc_column_inner el_class=&#8221;iconTile supplychainTile&#8221;][vc_single_image image=&#8221;770&#8243; alignment=&#8221;center&#8221; css=&#8221;&#8221;]<h3 class=\"vcex-heading vcex-heading-plain vcex-module wpex-heading wpex-text-2xl wpex-text-center iconTileHolder\"><span class=\"vcex-heading-inner wpex-inline-block\">Klare Reaktionszeiten<\/span><\/h3>[vc_column_text css=&#8221;&#8221;]FSL-Strukturen werden systematisch auf vereinbarte SLA-Zeitfenster mit ihren Kunden abgestimmt.[\/vc_column_text][\/vc_column_inner][\/vc_row_inner][\/vc_column][vc_column width=&#8221;1\/3&#8243;][vc_row_inner][vc_column_inner el_class=&#8221;iconTile supplychainTile&#8221;][vc_single_image image=&#8221;92&#8243; alignment=&#8221;center&#8221; css=&#8221;&#8221;]<h3 class=\"vcex-heading vcex-heading-plain vcex-module wpex-heading wpex-text-2xl wpex-text-center iconTileHolder\"><span class=\"vcex-heading-inner wpex-inline-block\">N\u00e4her am Einsatzort<\/span><\/h3>[vc_column_text css=&#8221;&#8221;]Ersatzteile liegen dort, wo Ihre Technik-Teams tats\u00e4chlich arbeiten.[\/vc_column_text][\/vc_column_inner][\/vc_row_inner][\/vc_column][vc_column width=&#8221;1\/3&#8243;][vc_row_inner][vc_column_inner el_class=&#8221;iconTile supplychainTile&#8221;][vc_single_image image=&#8221;752&#8243; alignment=&#8221;center&#8221; css=&#8221;&#8221;]<h3 class=\"vcex-heading vcex-heading-plain vcex-module wpex-heading wpex-text-2xl wpex-text-center iconTileHolder\"><span class=\"vcex-heading-inner wpex-inline-block\">Transparente Best\u00e4nde<\/span><\/h3>[vc_column_text css=&#8221;&#8221;]Jeder Zugriff wird dokumentiert und Best\u00e4nde sind jederzeit nachvollziehbar.[\/vc_column_text][\/vc_column_inner][\/vc_row_inner][\/vc_column][\/vc_row][vc_row column_spacing=&#8221;60&#8243; gap=&#8221;35&#8243; equal_height=&#8221;yes&#8221; el_class=&#8221;iconTileHolder&#8221;][vc_column width=&#8221;1\/3&#8243;][vc_row_inner][vc_column_inner el_class=&#8221;iconTile supplychainTile&#8221;][vc_single_image image=&#8221;771&#8243; alignment=&#8221;center&#8221; css=&#8221;&#8221;]<h3 class=\"vcex-heading vcex-heading-plain vcex-module wpex-heading wpex-text-2xl wpex-text-center iconTileHolder\"><span class=\"vcex-heading-inner wpex-inline-block\">SLA-Absicherung<\/span><\/h3>[vc_column_text css=&#8221;&#8221;]FSL-Prozesse unterst\u00fctzen die zuverl\u00e4ssige Einhaltung definierter Reaktions-und Wiederherstellungszeiten.<br \/>\n[\/vc_column_text][\/vc_column_inner][\/vc_row_inner][\/vc_column][vc_column width=&#8221;1\/3&#8243;][vc_row_inner][vc_column_inner el_class=&#8221;iconTile supplychainTile&#8221;][vc_single_image image=&#8221;758&#8243; alignment=&#8221;center&#8221; css=&#8221;&#8221;]<h3 class=\"vcex-heading vcex-heading-plain vcex-module wpex-heading wpex-text-2xl wpex-text-center iconTileHolder\"><span class=\"vcex-heading-inner wpex-inline-block\">Single point of contact<\/span><\/h3>[vc_column_text css=&#8221;&#8221;]Eine Ansprechperson koordiniert Aufbau, Betrieb und Anpassung Ihrer FSL.[\/vc_column_text][\/vc_column_inner][\/vc_row_inner][\/vc_column][vc_column width=&#8221;1\/3&#8243;][vc_row_inner][vc_column_inner el_class=&#8221;iconTile supplychainTile&#8221;][vc_single_image image=&#8221;772&#8243; alignment=&#8221;center&#8221; css=&#8221;&#8221;]<h3 class=\"vcex-heading vcex-heading-plain vcex-module wpex-heading wpex-text-2xl wpex-text-center iconTileHolder\"><span class=\"vcex-heading-inner wpex-inline-block\">Sicherheit im Fokus<\/span><\/h3>[vc_column_text css=&#8221;&#8221;]Klare Zugriffsrechte, strukturierte Prozesse und transparente Bestands- und Warenfl\u00fcsse.[\/vc_column_text][\/vc_column_inner][\/vc_row_inner][\/vc_column][\/vc_row][vc_row content_placement=&#8221;middle&#8221; column_spacing=&#8221;50&#8243; el_class=&#8221;padtop&#8221;][vc_column width=&#8221;1\/3&#8243;][vc_single_image image=&#8221;99&#8243; css=&#8221;&#8221;][\/vc_column][vc_column width=&#8221;2\/3&#8243;]<h2 class=\"vcex-heading vcex-heading-plain vcex-module wpex-heading wpex-text-2xl yellow\"><span class=\"vcex-heading-inner wpex-inline-block\">FSL als gesteuertes Netzwerk \u2013 nicht nur als Lagerpunkt<\/span><\/h2>[vc_column_text css=&#8221;&#8221; el_class=&#8221;removepad&#8221;]LPR betrachtet regionale Field Stocking Locations nicht als statische Lagerfl\u00e4che, sondern als Teil eines steuerbaren Netzwerks. Best\u00e4nde werden so organisiert, dass Ihre Techniker planbar arbeiten k\u00f6nnen und Vor-Ort-Eins\u00e4tze m\u00f6glichst ohne Zusatzfahrten ablaufen.<\/p>\n<p>Gleichzeitig behalten Sie die Hoheit \u00fcber Prozesse und Servicelevel. LPR sorgt f\u00fcr die Umsetzung \u2013 von der initialen Strukturplanung bis zur laufenden Betreuung \u2013 und bindet ihre FSL bei Bedarf in weitere Bausteine wie KEP-Services oder Nachtexpress ein.<br \/>\n[\/vc_column_text][\/vc_column][\/vc_row][vc_row remove_bottom_col_margin=&#8221;true&#8221; el_class=&#8221;callout&#8221; css=&#8221;.vc_custom_1776619193165{background-image: url(https:\/\/lpr.de\/de\/wp-content\/uploads\/sites\/3\/2026\/04\/fs-cta.webp?id=449) !important;}&#8221;][vc_column width=&#8221;3\/4&#8243;]<h2 class=\"vcex-heading vcex-heading-plain vcex-module wpex-heading wpex-text-2xl white ctaPullup\"><span class=\"vcex-heading-inner wpex-inline-block\">Sprechen wir \u00fcber Ihre Anforderungen.<\/span><\/h2>[\/vc_column][vc_column width=&#8221;1\/4&#8243;]<a href=\"\/contact\/\" class=\"vcex-button theme-button inline solid widebut\"><span class=\"vcex-button-inner theme-button-inner wpex-flex wpex-flex-wrap wpex-items-center wpex-justify-center\">Kontakt aufnehmen<\/span><\/a> [\/vc_column][\/vc_row][vc_row remove_bottom_col_margin=&#8221;true&#8221;][vc_column]<h2 class=\"vcex-heading vcex-heading-plain vcex-module wpex-heading wpex-text-2xl\"><span class=\"vcex-heading-inner wpex-inline-block\">FSL f\u00fcr Ihre Schl\u00fcsselbranchen<\/span><\/h2>[vc_column_text css=&#8221;&#8221;]LPR FSL-Strukturen sind auf zeitkritische Eins\u00e4tze und hohe Verf\u00fcgbarkeitsanforderungen ausgelegt \u2013 in ausgew\u00e4hlten Kernbranchen mit besonderem Fokus auf Technikn\u00e4he und Sicherheit.[\/vc_column_text][vc_row_inner el_class=&#8221;relatedLinks&#8221;][vc_column_inner width=&#8221;1\/4&#8243;][vc_single_image image=&#8221;69&#8243; onclick=&#8221;custom_link&#8221; css=&#8221;&#8221; link=&#8221;\/de\/industries\/materials-handling\/&#8221; img_hover=&#8221;opacity&#8221;]<h5 class=\"vcex-heading vcex-heading-plain vcex-module wpex-heading wpex-text-2xl\"><a href=\"\/sectors\/materials-handling\/\" class=\"wpex-no-underline\" target=\"_self\"><span class=\"vcex-heading-inner wpex-inline-block\">Material Handling<\/span><\/a><\/h5>[vc_column_text css=&#8221;&#8221; el_class=&#8221;removepad&#8221;]FSL nahe logistischen Knotenpunkten f\u00fcr schnell verf\u00fcgbare Ersatzteile in der Intralogistik.[\/vc_column_text][\/vc_column_inner][vc_column_inner width=&#8221;1\/4&#8243;][vc_single_image image=&#8221;68&#8243; onclick=&#8221;custom_link&#8221; css=&#8221;&#8221; link=&#8221;\/de\/industries\/engineering\/&#8221; img_hover=&#8221;opacity&#8221;]<h5 class=\"vcex-heading vcex-heading-plain vcex-module wpex-heading wpex-text-2xl\"><a href=\"\/sectors\/engineering\/\" class=\"wpex-no-underline\" target=\"_self\"><span class=\"vcex-heading-inner wpex-inline-block\">Engineering<\/span><\/a><\/h5>[vc_column_text css=&#8221;&#8221; el_class=&#8221;removepad&#8221;]Regionale Teilepools f\u00fcr Serviceeins\u00e4tze an Maschinen, Anlagen und technischen Installationen.[\/vc_column_text][\/vc_column_inner][vc_column_inner width=&#8221;1\/4&#8243;][vc_single_image image=&#8221;663&#8243; onclick=&#8221;custom_link&#8221; css=&#8221;&#8221; link=&#8221;\/de\/industries\/infrastructure\/&#8221; img_hover=&#8221;opacity&#8221;]<h5 class=\"vcex-heading vcex-heading-plain vcex-module wpex-heading wpex-text-2xl\"><a href=\"\/de\/sectors\/infrastructure\" class=\"wpex-no-underline\" target=\"_self\"><span class=\"vcex-heading-inner wpex-inline-block\">Infrastructure<\/span><\/a><\/h5>[vc_column_text css=&#8221;&#8221; el_class=&#8221;removepad&#8221;]Sicherheitsrelevante Komponenten in kontrollierten FSL f\u00fcr kritische Infrastrukturstandorte.<br \/>\n[\/vc_column_text][\/vc_column_inner][vc_column_inner width=&#8221;1\/4&#8243;][vc_single_image image=&#8221;65&#8243; onclick=&#8221;custom_link&#8221; css=&#8221;&#8221; link=&#8221;\/de\/industries\/medtech\/&#8221; img_hover=&#8221;opacity&#8221;]<h5 class=\"vcex-heading vcex-heading-plain vcex-module wpex-heading wpex-text-2xl\"><a href=\"\/de\/sectors\/medtech\/\" class=\"wpex-no-underline\" target=\"_self\"><span class=\"vcex-heading-inner wpex-inline-block\">MedTech<\/span><\/a><\/h5>[vc_column_text css=&#8221;&#8221; el_class=&#8221;removepad&#8221;]Strukturiertes Netzwerk f\u00fcr sensible Medizintechnik mit klar geregelten Best\u00e4nden und Zugriffen.<br \/>\n[\/vc_column_text][\/vc_column_inner][\/vc_row_inner][\/vc_column][\/vc_row]\n<\/div>","protected":false},"excerpt":{"rendered":"<p>[vc_row content_placement=&#8221;middle&#8221; column_spacing=&#8221;50&#8243; el_class=&#8221;swap-on-mobile&#8221;][vc_column width=&#8221;1\/2&#8243;][vc_column_text css=&#8221;&#8221; el_class=&#8221;removepad&#8221;]Mit den FSL Strukturen von LPR r\u00fccken kritische Ersatzteile n\u00e4her an Ihre Installationsorte \u2013 genau dort hin, wo Techniker sie in kurzen Zeitfenstern ben\u00f6tigen. Das reduziert Komplexit\u00e4t, erh\u00f6ht die Einsatzplanbarkeit und sichert verl\u00e4ssliche Servicelevel. Sie behalten die Kontrolle \u00fcber Best\u00e4nde, Zugriffsrechte und SLAs. LPR \u00fcbernimmt die operative Umsetzung vor&hellip;<\/p>\n","protected":false},"author":1,"featured_media":0,"parent":82,"menu_order":0,"comment_status":"closed","ping_status":"closed","template":"","meta":{"inline_featured_image":false,"footnotes":""},"class_list":["post-84","page","type-page","status-publish","hentry","entry","no-media"],"_links":{"self":[{"href":"https:\/\/lpr.de\/de\/wp-json\/wp\/v2\/pages\/84","targetHints":{"allow":["GET"]}}],"collection":[{"href":"https:\/\/lpr.de\/de\/wp-json\/wp\/v2\/pages"}],"about":[{"href":"https:\/\/lpr.de\/de\/wp-json\/wp\/v2\/types\/page"}],"author":[{"embeddable":true,"href":"https:\/\/lpr.de\/de\/wp-json\/wp\/v2\/users\/1"}],"replies":[{"embeddable":true,"href":"https:\/\/lpr.de\/de\/wp-json\/wp\/v2\/comments?post=84"}],"version-history":[{"count":24,"href":"https:\/\/lpr.de\/de\/wp-json\/wp\/v2\/pages\/84\/revisions"}],"predecessor-version":[{"id":805,"href":"https:\/\/lpr.de\/de\/wp-json\/wp\/v2\/pages\/84\/revisions\/805"}],"up":[{"embeddable":true,"href":"https:\/\/lpr.de\/de\/wp-json\/wp\/v2\/pages\/82"}],"wp:attachment":[{"href":"https:\/\/lpr.de\/de\/wp-json\/wp\/v2\/media?parent=84"}],"curies":[{"name":"wp","href":"https:\/\/api.w.org\/{rel}","templated":true}]}}