{"id":664,"date":"2026-04-20T11:27:57","date_gmt":"2026-04-20T11:27:57","guid":{"rendered":"https:\/\/lpr.de\/de\/?page_id=664"},"modified":"2026-04-21T05:46:41","modified_gmt":"2026-04-21T05:46:41","slug":"infrastructure","status":"publish","type":"page","link":"https:\/\/lpr.de\/de\/industries\/infrastructure\/","title":{"rendered":"Infrastruktur"},"content":{"rendered":"<div class=\"wpb-content-wrapper\">[vc_row content_placement=&#8221;top&#8221; column_spacing=&#8221;50&#8243;][vc_column width=&#8221;1\/2&#8243;]<style>.vcex-image.vcex_69f20b5a2047f .vcex-image-img{height:150px;object-position:top left;}<\/style><figure class=\"vcex-image vcex-module energyLogo vcex_69f20b5a2047f\"><div class=\"vcex-image-inner wpex-relative wpex-inline-block vc_custom_1776750380748\"><img width=\"526\" height=\"407\" src=\"https:\/\/lpr.de\/de\/wp-content\/uploads\/sites\/3\/2026\/04\/lpr-square.webp\" class=\"vcex-image-img wpex-align-middle wpex-object-contain\" alt=\"LPR Energy logo\" loading=\"lazy\" decoding=\"async\" srcset=\"https:\/\/lpr.de\/de\/wp-content\/uploads\/sites\/3\/2026\/04\/lpr-square.webp 526w, https:\/\/lpr.de\/de\/wp-content\/uploads\/sites\/3\/2026\/04\/lpr-square-300x232.webp 300w\" sizes=\"auto, (max-width: 526px) 100vw, 526px\" \/><\/div><\/figure><h2 class=\"vcex-heading vcex-heading-plain vcex-module wpex-heading wpex-text-2xl\"><span class=\"vcex-heading-inner wpex-inline-block\">Damit Infrastruktur zuverl\u00e4ssig funktioniert<\/span><\/h2>[vc_column_text css=&#8221;&#8221; el_class=&#8221;removepad&#8221;]Im Energiesektor m\u00fcssen technische Abl\u00e4ufe, Verf\u00fcgbarkeit und Serviceeins\u00e4tze eng zusammenspielen. Ob Ladeinfrastruktur, Messsysteme oder weitere Komponenten im Feld: Verz\u00f6gerungen, fehlende Transparenz oder unklare Zust\u00e4ndigkeiten wirken sich direkt auf Prozesse, Termine und Servicequalit\u00e4t aus.<\/p>\n<p>LPR Energy unterst\u00fctzt Unternehmen, die technische Infrastruktur zuverl\u00e4ssig betreiben, ausrollen, warten oder im Feld effizient steuern m\u00fcssen.<br \/>\n[\/vc_column_text]<a href=\"#\" class=\"vcex-button theme-button inline\"><span class=\"vcex-button-inner theme-button-inner wpex-flex wpex-flex-wrap wpex-items-center wpex-justify-center\">Visit lpr.energy<\/span><\/a> [\/vc_column][vc_column width=&#8221;1\/2&#8243;]<figure class=\"vcex-image vcex-module\"><div class=\"vcex-image-inner wpex-relative wpex-inline-block\"><img width=\"800\" height=\"679\" src=\"https:\/\/lpr.de\/de\/wp-content\/uploads\/sites\/3\/2026\/04\/infra1.webp\" class=\"vcex-image-img wpex-align-middle\" alt=\"energy utilities\" loading=\"lazy\" decoding=\"async\" srcset=\"https:\/\/lpr.de\/de\/wp-content\/uploads\/sites\/3\/2026\/04\/infra1.webp 800w, https:\/\/lpr.de\/de\/wp-content\/uploads\/sites\/3\/2026\/04\/infra1-300x255.webp 300w, https:\/\/lpr.de\/de\/wp-content\/uploads\/sites\/3\/2026\/04\/infra1-768x652.webp 768w\" sizes=\"auto, (max-width: 800px) 100vw, 800px\" \/><\/div><\/figure>[\/vc_column][\/vc_row]\n<\/div>","protected":false},"excerpt":{"rendered":"<p>[vc_row content_placement=&#8221;top&#8221; column_spacing=&#8221;50&#8243;][vc_column width=&#8221;1\/2&#8243;][vc_column_text css=&#8221;&#8221; el_class=&#8221;removepad&#8221;]Im Energiesektor m\u00fcssen technische Abl\u00e4ufe, Verf\u00fcgbarkeit und Serviceeins\u00e4tze eng zusammenspielen. Ob Ladeinfrastruktur, Messsysteme oder weitere Komponenten im Feld: Verz\u00f6gerungen, fehlende Transparenz oder unklare Zust\u00e4ndigkeiten wirken sich direkt auf Prozesse, Termine und Servicequalit\u00e4t aus. LPR Energy unterst\u00fctzt Unternehmen, die technische Infrastruktur zuverl\u00e4ssig betreiben, ausrollen, warten oder im Feld effizient steuern m\u00fcssen.&hellip;<\/p>\n","protected":false},"author":1,"featured_media":0,"parent":178,"menu_order":0,"comment_status":"closed","ping_status":"closed","template":"","meta":{"inline_featured_image":false,"footnotes":""},"class_list":["post-664","page","type-page","status-publish","hentry","entry","no-media"],"_links":{"self":[{"href":"https:\/\/lpr.de\/de\/wp-json\/wp\/v2\/pages\/664","targetHints":{"allow":["GET"]}}],"collection":[{"href":"https:\/\/lpr.de\/de\/wp-json\/wp\/v2\/pages"}],"about":[{"href":"https:\/\/lpr.de\/de\/wp-json\/wp\/v2\/types\/page"}],"author":[{"embeddable":true,"href":"https:\/\/lpr.de\/de\/wp-json\/wp\/v2\/users\/1"}],"replies":[{"embeddable":true,"href":"https:\/\/lpr.de\/de\/wp-json\/wp\/v2\/comments?post=664"}],"version-history":[{"count":4,"href":"https:\/\/lpr.de\/de\/wp-json\/wp\/v2\/pages\/664\/revisions"}],"predecessor-version":[{"id":724,"href":"https:\/\/lpr.de\/de\/wp-json\/wp\/v2\/pages\/664\/revisions\/724"}],"up":[{"embeddable":true,"href":"https:\/\/lpr.de\/de\/wp-json\/wp\/v2\/pages\/178"}],"wp:attachment":[{"href":"https:\/\/lpr.de\/de\/wp-json\/wp\/v2\/media?parent=664"}],"curies":[{"name":"wp","href":"https:\/\/api.w.org\/{rel}","templated":true}]}}