{"id":353,"date":"2026-04-19T13:00:45","date_gmt":"2026-04-19T13:00:45","guid":{"rendered":"https:\/\/lpr.de\/de\/?page_id=353"},"modified":"2026-04-27T07:51:03","modified_gmt":"2026-04-27T07:51:03","slug":"learning-and-development","status":"publish","type":"page","link":"https:\/\/lpr.de\/de\/learning-and-development\/","title":{"rendered":"Entwicklung bei LPR"},"content":{"rendered":"<div class=\"wpb-content-wrapper\">[vc_row full_width=&#8221;stretch_row&#8221; content_placement=&#8221;middle&#8221; el_class=&#8221;swap-on-mobile&#8221;][vc_column width=&#8221;1\/2&#8243;][vc_column_text css=&#8221;&#8221; el_class=&#8221;removepad&#8221;]Lernen und Weiterentwicklung sind ein fester Bestandteil der Arbeit bei LPR. Als einer der zentralen Werte innerhalb der DANX Carousel Group pr\u00e4gt \u201eLearning\u201c den Arbeitsalltag \u2013 mit einem klaren Fokus auf den Aufbau von F\u00e4higkeiten, den Austausch von Wissen und eine kontinuierliche Entwicklung, die sich an den realen Anforderungen orientiert.<\/p>\n<p>Als Teil der DANX Carousel Group stehen Mitarbeitenden bei LPR vielf\u00e4ltige M\u00f6glichkeiten zur Verf\u00fcgung. Gleichzeitig bleibt Entwicklung immer eng mit den jeweiligen Aufgaben, Teams und operativen Anforderungen verbunden.<br \/>\n[\/vc_column_text][\/vc_column][vc_column width=&#8221;1\/2&#8243;]<figure class=\"vcex-image vcex-module\"><div class=\"vcex-image-inner wpex-relative wpex-inline-block\"><img width=\"800\" height=\"534\" src=\"https:\/\/lpr.de\/de\/wp-content\/uploads\/sites\/3\/2026\/04\/landd1.webp\" class=\"vcex-image-img wpex-align-middle wpex-aspect-16-9 wpex-object-cover\" alt=\"online learning\" loading=\"lazy\" decoding=\"async\" srcset=\"https:\/\/lpr.de\/de\/wp-content\/uploads\/sites\/3\/2026\/04\/landd1.webp 800w, https:\/\/lpr.de\/de\/wp-content\/uploads\/sites\/3\/2026\/04\/landd1-300x200.webp 300w, https:\/\/lpr.de\/de\/wp-content\/uploads\/sites\/3\/2026\/04\/landd1-768x513.webp 768w\" sizes=\"auto, (max-width: 800px) 100vw, 800px\" \/><\/div><\/figure>[\/vc_column][\/vc_row][vc_row full_width=&#8221;stretch_row&#8221; content_placement=&#8221;middle&#8221; css=&#8221;.vc_custom_1776622994588{background-color: #f2f2f2 !important;}&#8221; el_class=&#8221;fullRow padTop&#8221;][vc_column width=&#8221;1\/3&#8243;]<figure class=\"vcex-image vcex-module\"><div class=\"vcex-image-inner wpex-relative wpex-inline-block\"><img width=\"800\" height=\"1448\" src=\"https:\/\/lpr.de\/de\/wp-content\/uploads\/sites\/3\/2026\/04\/landd-port.webp\" class=\"vcex-image-img wpex-align-middle\" alt=\"repair engineer\" loading=\"lazy\" decoding=\"async\" srcset=\"https:\/\/lpr.de\/de\/wp-content\/uploads\/sites\/3\/2026\/04\/landd-port.webp 800w, https:\/\/lpr.de\/de\/wp-content\/uploads\/sites\/3\/2026\/04\/landd-port-166x300.webp 166w, https:\/\/lpr.de\/de\/wp-content\/uploads\/sites\/3\/2026\/04\/landd-port-566x1024.webp 566w, https:\/\/lpr.de\/de\/wp-content\/uploads\/sites\/3\/2026\/04\/landd-port-768x1390.webp 768w\" sizes=\"auto, (max-width: 800px) 100vw, 800px\" \/><\/div><\/figure>[\/vc_column][vc_column width=&#8221;2\/3&#8243;]<h2 class=\"vcex-heading vcex-heading-plain vcex-module wpex-heading wpex-text-2xl\"><span class=\"vcex-heading-inner wpex-inline-block\">Trainings- und Entwicklungsm\u00f6glichkeiten<\/span><\/h2>[vc_column_text css=&#8221;&#8221; el_class=&#8221;removeTitlePad&#8221;]Lernen entsteht bei LPR vor allem im Arbeitsalltag: im Austausch mit Kolleginnen und Kollegen, im Umgang mit konkreten Situationen und im L\u00f6sen praktischer Herausforderungen. Unabh\u00e4ngig davon, ob der Einsatz in LPR Supply, LPR Experts, LPR Energy oder LPR Holding erfolgt \u2013 Entwicklung orientiert sich stets an den jeweiligen Aufgaben und Verantwortlichkeiten.<br \/>\nErg\u00e4nzend dazu unterst\u00fctzt LPR die Weiterentwicklung durch gezielten Wissenstransfer, interne Trainingsformate und externe Angebote. Je nach Rolle und Bedarf kann das umfassen:<\/p>\n<h4>Internes Lernen:<\/h4>\n<p>Workshops, Trainings und Formate, die innerhalb von LPR oder gruppenweit entwickelt und durchgef\u00fchrt werden \u2013 mit Fokus auf rollenbezogene F\u00e4higkeiten, Prozesse und gemeinsame Arbeitsweisen.<\/p>\n<h4>Externes Lernen:<\/h4>\n<p>Ausgew\u00e4hlte Seminare, Weiterbildungen oder Zertifizierungen, die fachliche Entwicklung und Spezialisierung unterst\u00fctzen.<\/p>\n<h4>Digitales Lernen:<\/h4>\n<p>Zugang zu einer zentralen Lernplattform mit einer Vielzahl an digitalen Inhalten und Kursen f\u00fcr Mitarbeitende im gesamten Unternehmen.<\/p>\n<p>Der individuelle Entwicklungsbedarf wird im Austausch mit der jeweiligen F\u00fchrungskraft besprochen, sodass passende Ma\u00dfnahmen im Einklang mit pers\u00f6nlichen Zielen und unternehmerischen Anforderungen definiert werden k\u00f6nnen.[\/vc_column_text][\/vc_column][\/vc_row][vc_row remove_bottom_col_margin=&#8221;true&#8221; el_class=&#8221;padTop&#8221;][vc_column][vc_single_image image=&#8221;357&#8243; css=&#8221;&#8221;][\/vc_column][\/vc_row][vc_row content_placement=&#8221;middle&#8221; el_class=&#8221;padTop&#8221;][vc_column width=&#8221;1\/2&#8243;]<h2 class=\"vcex-heading vcex-heading-plain vcex-module wpex-heading wpex-text-2xl\"><span class=\"vcex-heading-inner wpex-inline-block\">Ein gemeinsames Verst\u00e4ndnis von Lernen<\/span><\/h2>[vc_column_text css=&#8221;&#8221; el_class=&#8221;removepad&#8221;]Lernen ist bei LPR mehr als ein Angebot \u2013 es ist Teil der gemeinsamen Arbeitsweise. Es geht darum, F\u00e4higkeiten weiterzuentwickeln, aus Erfahrungen zu lernen und sich gegenseitig zu unterst\u00fctzen.<\/p>\n<p>Gleichzeitig besteht Offenheit f\u00fcr individuelle Entwicklungswege. Ziel ist es, L\u00f6sungen zu finden, die sowohl zur jeweiligen Rolle als auch zur pers\u00f6nlichen Entwicklung passen.<\/p>\n<p>So entstehen Teams mit fundiertem Wissen und Erfahrung, die den wachsenden Anforderungen gerecht werden \u2013 und Mitarbeitende, die sich innerhalb ihrer Aufgaben kontinuierlich weiterentwickeln k\u00f6nnen.<br \/>\n[\/vc_column_text]<a href=\"\/de\/careers\/\" class=\"vcex-button theme-button inline\"><span class=\"vcex-button-inner theme-button-inner wpex-flex wpex-flex-wrap wpex-items-center wpex-justify-center\">View vacancies<\/span><\/a> [\/vc_column][vc_column width=&#8221;1\/2&#8243;]<figure class=\"vcex-image vcex-module\"><div class=\"vcex-image-inner wpex-relative wpex-inline-block\"><img width=\"800\" height=\"534\" src=\"https:\/\/lpr.de\/de\/wp-content\/uploads\/sites\/3\/2026\/04\/landd2.webp\" class=\"vcex-image-img wpex-align-middle\" alt=\"LPR staff\" loading=\"lazy\" decoding=\"async\" srcset=\"https:\/\/lpr.de\/de\/wp-content\/uploads\/sites\/3\/2026\/04\/landd2.webp 800w, https:\/\/lpr.de\/de\/wp-content\/uploads\/sites\/3\/2026\/04\/landd2-300x200.webp 300w, https:\/\/lpr.de\/de\/wp-content\/uploads\/sites\/3\/2026\/04\/landd2-768x513.webp 768w\" sizes=\"auto, (max-width: 800px) 100vw, 800px\" \/><\/div><\/figure>[\/vc_column][\/vc_row]\n<\/div>","protected":false},"excerpt":{"rendered":"<p>[vc_row full_width=&#8221;stretch_row&#8221; content_placement=&#8221;middle&#8221; el_class=&#8221;swap-on-mobile&#8221;][vc_column width=&#8221;1\/2&#8243;][vc_column_text css=&#8221;&#8221; el_class=&#8221;removepad&#8221;]Lernen und Weiterentwicklung sind ein fester Bestandteil der Arbeit bei LPR. Als einer der zentralen Werte innerhalb der DANX Carousel Group pr\u00e4gt \u201eLearning\u201c den Arbeitsalltag \u2013 mit einem klaren Fokus auf den Aufbau von F\u00e4higkeiten, den Austausch von Wissen und eine kontinuierliche Entwicklung, die sich an den realen Anforderungen&hellip;<\/p>\n","protected":false},"author":1,"featured_media":0,"parent":0,"menu_order":0,"comment_status":"closed","ping_status":"closed","template":"","meta":{"inline_featured_image":false,"footnotes":""},"class_list":["post-353","page","type-page","status-publish","hentry","entry","no-media"],"_links":{"self":[{"href":"https:\/\/lpr.de\/de\/wp-json\/wp\/v2\/pages\/353","targetHints":{"allow":["GET"]}}],"collection":[{"href":"https:\/\/lpr.de\/de\/wp-json\/wp\/v2\/pages"}],"about":[{"href":"https:\/\/lpr.de\/de\/wp-json\/wp\/v2\/types\/page"}],"author":[{"embeddable":true,"href":"https:\/\/lpr.de\/de\/wp-json\/wp\/v2\/users\/1"}],"replies":[{"embeddable":true,"href":"https:\/\/lpr.de\/de\/wp-json\/wp\/v2\/comments?post=353"}],"version-history":[{"count":12,"href":"https:\/\/lpr.de\/de\/wp-json\/wp\/v2\/pages\/353\/revisions"}],"predecessor-version":[{"id":835,"href":"https:\/\/lpr.de\/de\/wp-json\/wp\/v2\/pages\/353\/revisions\/835"}],"wp:attachment":[{"href":"https:\/\/lpr.de\/de\/wp-json\/wp\/v2\/media?parent=353"}],"curies":[{"name":"wp","href":"https:\/\/api.w.org\/{rel}","templated":true}]}}