{"id":343,"date":"2026-04-19T12:32:00","date_gmt":"2026-04-19T12:32:00","guid":{"rendered":"https:\/\/lpr.de\/de\/?page_id=343"},"modified":"2026-04-27T07:50:22","modified_gmt":"2026-04-27T07:50:22","slug":"career-paths","status":"publish","type":"page","link":"https:\/\/lpr.de\/de\/career-paths\/","title":{"rendered":"Karrierewege bei"},"content":{"rendered":"<div class=\"wpb-content-wrapper\">[vc_row full_width=&#8221;stretch_row&#8221; content_placement=&#8221;middle&#8221; el_class=&#8221;swap-on-mobile&#8221;][vc_column width=&#8221;1\/2&#8243;][vc_column_text css=&#8221;&#8221; el_class=&#8221;removepad&#8221;]LPR bietet vielf\u00e4ltige Aufgaben in den vier Unternehmen: LPR Holding, LPR Supply, LPR Experts und LPR Energy. Jedes dieser vier Unternehmen steht f\u00fcr eine eigene Art zu arbeiten \u2013 von operativer Logistik, technischen Services bis hin zu Dienstleistungen im Energiesektor und zentralen Managementfunktionen.<\/p>\n<p>Ein \u00dcberblick \u00fcber die einzelnen Unternehmen und die Rollen, die sie ausmachen.<br \/>\n[\/vc_column_text][\/vc_column][vc_column width=&#8221;1\/2&#8243;]<figure class=\"vcex-image vcex-module\"><div class=\"vcex-image-inner wpex-relative wpex-inline-block\"><img width=\"768\" height=\"513\" src=\"https:\/\/lpr.de\/de\/wp-content\/uploads\/sites\/3\/2026\/04\/office-team.webp\" class=\"vcex-image-img wpex-align-middle wpex-aspect-16-9 wpex-object-cover\" alt=\"office team\" loading=\"lazy\" decoding=\"async\" srcset=\"https:\/\/lpr.de\/de\/wp-content\/uploads\/sites\/3\/2026\/04\/office-team.webp 768w, https:\/\/lpr.de\/de\/wp-content\/uploads\/sites\/3\/2026\/04\/office-team-300x200.webp 300w\" sizes=\"auto, (max-width: 768px) 100vw, 768px\" \/><\/div><\/figure>[\/vc_column][\/vc_row][vc_row full_width=&#8221;stretch_row&#8221; content_placement=&#8221;top&#8221;][vc_column width=&#8221;1\/2&#8243;]<figure class=\"vcex-image vcex-module\"><div class=\"vcex-image-inner wpex-relative wpex-inline-block\"><img width=\"800\" height=\"800\" src=\"https:\/\/lpr.de\/de\/wp-content\/uploads\/sites\/3\/2026\/04\/holding.webp\" class=\"vcex-image-img wpex-align-middle wpex-aspect-1-1 wpex-object-cover\" alt=\"team member at computer\" loading=\"lazy\" decoding=\"async\" srcset=\"https:\/\/lpr.de\/de\/wp-content\/uploads\/sites\/3\/2026\/04\/holding.webp 800w, https:\/\/lpr.de\/de\/wp-content\/uploads\/sites\/3\/2026\/04\/holding-300x300.webp 300w, https:\/\/lpr.de\/de\/wp-content\/uploads\/sites\/3\/2026\/04\/holding-150x150.webp 150w, https:\/\/lpr.de\/de\/wp-content\/uploads\/sites\/3\/2026\/04\/holding-768x768.webp 768w\" sizes=\"auto, (max-width: 800px) 100vw, 800px\" \/><\/div><\/figure>[\/vc_column][vc_column width=&#8221;1\/2&#8243;]<h2 class=\"vcex-heading vcex-heading-plain vcex-module wpex-heading wpex-text-2xl yellow\"><span class=\"vcex-heading-inner wpex-inline-block\">LPR Holding \u2013 Funktionen, die den Rahmen schaffen<\/span><\/h2>[vc_column_text css=&#8221;&#8221; el_class=&#8221;removepad&#8221;]In der LPR Holding b\u00fcndeln wir zentrale Managementfunktionen, die das operative Gesch\u00e4ft unserer Einheiten nachhaltig st\u00e4rken. Ob HR, Marketing, Finance oder IT \u2013 hier laufen die F\u00e4den zusammen, die unseren operativen Teams eine stabile, verl\u00e4ssliche Basis f\u00fcr ihren t\u00e4glichen Erfolg geben.<br \/>\nUnsere Arbeit ist gepr\u00e4gt von enger Zusammenarbeit und starkem Austausch: Wir arbeiten standort\u00fcbergreifend mit Teams in Deutschland und innerhalb der DANX Carousel Group.<br \/>\nAufgabenbereiche in der LPR Holding:<\/p>\n<ul>\n<li>HR<\/li>\n<li>Finance<\/li>\n<li>IT<\/li>\n<li>Marketing<\/li>\n<li>Compliance<\/li>\n<\/ul>\n[\/vc_column_text][\/vc_column][\/vc_row][vc_row full_width=&#8221;stretch_row&#8221; content_placement=&#8221;middle&#8221; el_class=&#8221;swap-on-mobile&#8221;][vc_column width=&#8221;1\/2&#8243;]<h2 class=\"vcex-heading vcex-heading-plain vcex-module wpex-heading wpex-text-2xl yellow\"><span class=\"vcex-heading-inner wpex-inline-block\">LPR Supply \u2013 Ersatzteillogistik im Takt operativer Prozesse<\/span><\/h2>[vc_column_text css=&#8221;&#8221; el_class=&#8221;removepad&#8221;]Als Tochtergesellschaft der LPR Holding \u00fcbernimmt die LPR Supply s\u00e4mtliche operativen logistischen Aufgaben innerhalb der Gruppe \u2013 sowohl national als auch international.<\/p>\n<p>Im Fokus stehen Nachtexpress, Ersatzteillogistik, Warehousing sowie erg\u00e4nzende Leistungen, die stabile Service- und Distributionsprozesse erm\u00f6glichen. Die Aufgaben sind operativ gepr\u00e4gt und erfordern Teamarbeit, klare Kommunikation und ein hohes Ma\u00df an Eigenverantwortung.<br \/>\nTypische Aufgaben und Funktionen:<\/p>\n<ul>\n<li>Mitarbeiter Warenumschlag<\/li>\n<li>Umschlagleitung<\/li>\n<li>Lagerfachkr\u00e4fte<\/li>\n<li>Backoffice-Funktionen f\u00fcr Netzwerksteuerung und Partnermanagement<\/li>\n<li>Projektmanager<\/li>\n<li>Qualit\u00e4ts- und Prozessmanagement<\/li>\n<li>Mitarbeiter im Kundenservice<\/li>\n<li>Vertrieb Innendienst und Au\u00dfendienst<\/li>\n<\/ul>\n[\/vc_column_text][\/vc_column][vc_column width=&#8221;1\/2&#8243;]<figure class=\"vcex-image vcex-module\"><div class=\"vcex-image-inner wpex-relative wpex-inline-block\"><img width=\"800\" height=\"800\" src=\"https:\/\/lpr.de\/de\/wp-content\/uploads\/sites\/3\/2026\/04\/supply.webp\" class=\"vcex-image-img wpex-align-middle wpex-aspect-1-1 wpex-object-cover\" alt=\"supply team member\" loading=\"lazy\" decoding=\"async\" srcset=\"https:\/\/lpr.de\/de\/wp-content\/uploads\/sites\/3\/2026\/04\/supply.webp 800w, https:\/\/lpr.de\/de\/wp-content\/uploads\/sites\/3\/2026\/04\/supply-300x300.webp 300w, https:\/\/lpr.de\/de\/wp-content\/uploads\/sites\/3\/2026\/04\/supply-150x150.webp 150w, https:\/\/lpr.de\/de\/wp-content\/uploads\/sites\/3\/2026\/04\/supply-768x768.webp 768w\" sizes=\"auto, (max-width: 800px) 100vw, 800px\" \/><\/div><\/figure>[\/vc_column][\/vc_row][vc_row full_width=&#8221;stretch_row&#8221; content_placement=&#8221;middle&#8221; css=&#8221;.vc_custom_1776622072326{background-color: #f2f2f2 !important;}&#8221; el_class=&#8221;fullRow padTop&#8221;][vc_column width=&#8221;1\/2&#8243;]<figure class=\"vcex-image vcex-module\"><div class=\"vcex-image-inner wpex-relative wpex-inline-block\"><img width=\"740\" height=\"1024\" src=\"https:\/\/lpr.de\/de\/wp-content\/uploads\/sites\/3\/2026\/04\/experts.webp\" class=\"vcex-image-img wpex-align-middle wpex-aspect-1-1 wpex-object-cover\" alt=\"expert at work\" loading=\"lazy\" decoding=\"async\" srcset=\"https:\/\/lpr.de\/de\/wp-content\/uploads\/sites\/3\/2026\/04\/experts.webp 740w, https:\/\/lpr.de\/de\/wp-content\/uploads\/sites\/3\/2026\/04\/experts-217x300.webp 217w\" sizes=\"auto, (max-width: 740px) 100vw, 740px\" \/><\/div><\/figure>[\/vc_column][vc_column width=&#8221;1\/2&#8243;]<h2 class=\"vcex-heading vcex-heading-plain vcex-module wpex-heading wpex-text-2xl\"><span class=\"vcex-heading-inner wpex-inline-block\">LPR Experts \u2013 Technischer Service entlang des gesamten Lebenszyklus<\/span><\/h2>[vc_column_text css=&#8221;&#8221;]LPR Experts b\u00fcndelt innerhalb der LPR Group den technischen Service f\u00fcr Ger\u00e4te und Systeme im B2B-Umfeld \u2013 von Wartung und Reparatur vor Ort \u00fcber Werkstattservices bis hin zum Remote-Support.<\/p>\n<p>Die T\u00e4tigkeiten sind praxisorientiert und servicegetrieben: Installation, Wartung, Reparaturen und Support sorgen daf\u00fcr, dass die Systeme unserer Kunden zuverl\u00e4ssig funktionieren. Einsatzfelder finden sich unter anderem in Branchen wie Healthcare, IT oder Retail, h\u00e4ufig mit klaren Zeitvorgaben und hohen Qualit\u00e4tsanforderungen.<\/p>\n<p>Kontinuierliches Lernen und der direkte Einfluss des eigenen Fachwissens pr\u00e4gen die Arbeit in diesem Bereich.<br \/>\nBeispiele f\u00fcr Aufgabenbereiche:<\/p>\n<ul>\n<li>Servicetechniker im Au\u00dfendienst<\/li>\n<li>Inhouse-Techniker f\u00fcr die Werkstatt in Neuss<\/li>\n<li>Mitarbeiter im Kundenservice<\/li>\n<li>Backoffice-Funktionen in Projektunterst\u00fctzung, Administration und Disposition<\/li>\n<\/ul>\n[\/vc_column_text][\/vc_column][\/vc_row][vc_row full_width=&#8221;stretch_row&#8221; content_placement=&#8221;top&#8221; el_class=&#8221;swap-on-mobile padTop&#8221;][vc_column width=&#8221;1\/2&#8243;]<h2 class=\"vcex-heading vcex-heading-plain vcex-module wpex-heading wpex-text-2xl yellow\"><span class=\"vcex-heading-inner wpex-inline-block\">LPR Energy \u2013 Services f\u00fcr Energieversorger und Netzbetreiber<\/span><\/h2>[vc_column_text css=&#8221;&#8221; el_class=&#8221;removepad&#8221;]LPR Energy steht f\u00fcr Dienstleistungen im Energiesektor \u2013 mit Fokus auf Energieversorgung und Infrastruktur in Privathaushalten sowie die Zusammenarbeit mit Energieversorgern, Stadtwerken und Netzbetreibern. Dazu z\u00e4hlen insbesondere Leistungen im Z\u00e4hlerwesen, in der Versorgungstechnik und im Ausbau von Ladeinfrastruktur.<\/p>\n<p>Strukturierte Abl\u00e4ufe, enge Abstimmung und ein klarer Projektfokus stehen im Mittelpunkt der t\u00e4glichen Arbeit.<\/p>\n<p>Funktionen im \u00dcberblick:<\/p>\n<ul>\n<li>Servicetechniker im Bereich Z\u00e4hlerwesen, Gas &amp; Wasser sowie Ladeinfrastruktur<\/li>\n<li>Bauleiter<\/li>\n<li>Backoffice-Funktionen im Bereich Kundendienst und Disposition<\/li>\n<\/ul>\n<p>Interesse an LPR? Hier geht es zu den aktuellen Stellenangeboten:<br \/>\n[\/vc_column_text]<a href=\"\/de\/careers\/\" class=\"vcex-button theme-button inline\"><span class=\"vcex-button-inner theme-button-inner wpex-flex wpex-flex-wrap wpex-items-center wpex-justify-center\">View vacancies<\/span><\/a> [\/vc_column][vc_column width=&#8221;1\/2&#8243;]<figure class=\"vcex-image vcex-module\"><div class=\"vcex-image-inner wpex-relative wpex-inline-block\"><img width=\"800\" height=\"800\" src=\"https:\/\/lpr.de\/de\/wp-content\/uploads\/sites\/3\/2026\/04\/energy.webp\" class=\"vcex-image-img wpex-align-middle wpex-aspect-1-1 wpex-object-cover\" alt=\"\" loading=\"lazy\" decoding=\"async\" srcset=\"https:\/\/lpr.de\/de\/wp-content\/uploads\/sites\/3\/2026\/04\/energy.webp 800w, https:\/\/lpr.de\/de\/wp-content\/uploads\/sites\/3\/2026\/04\/energy-300x300.webp 300w, https:\/\/lpr.de\/de\/wp-content\/uploads\/sites\/3\/2026\/04\/energy-150x150.webp 150w, https:\/\/lpr.de\/de\/wp-content\/uploads\/sites\/3\/2026\/04\/energy-768x768.webp 768w\" sizes=\"auto, (max-width: 800px) 100vw, 800px\" \/><\/div><\/figure>[\/vc_column][\/vc_row]\n<\/div>","protected":false},"excerpt":{"rendered":"<p>[vc_row full_width=&#8221;stretch_row&#8221; content_placement=&#8221;middle&#8221; el_class=&#8221;swap-on-mobile&#8221;][vc_column width=&#8221;1\/2&#8243;][vc_column_text css=&#8221;&#8221; el_class=&#8221;removepad&#8221;]LPR bietet vielf\u00e4ltige Aufgaben in den vier Unternehmen: LPR Holding, LPR Supply, LPR Experts und LPR Energy. Jedes dieser vier Unternehmen steht f\u00fcr eine eigene Art zu arbeiten \u2013 von operativer Logistik, technischen Services bis hin zu Dienstleistungen im Energiesektor und zentralen Managementfunktionen. Ein \u00dcberblick \u00fcber die einzelnen Unternehmen&hellip;<\/p>\n","protected":false},"author":1,"featured_media":0,"parent":0,"menu_order":0,"comment_status":"closed","ping_status":"closed","template":"","meta":{"inline_featured_image":false,"footnotes":""},"class_list":["post-343","page","type-page","status-publish","hentry","entry","no-media"],"_links":{"self":[{"href":"https:\/\/lpr.de\/de\/wp-json\/wp\/v2\/pages\/343","targetHints":{"allow":["GET"]}}],"collection":[{"href":"https:\/\/lpr.de\/de\/wp-json\/wp\/v2\/pages"}],"about":[{"href":"https:\/\/lpr.de\/de\/wp-json\/wp\/v2\/types\/page"}],"author":[{"embeddable":true,"href":"https:\/\/lpr.de\/de\/wp-json\/wp\/v2\/users\/1"}],"replies":[{"embeddable":true,"href":"https:\/\/lpr.de\/de\/wp-json\/wp\/v2\/comments?post=343"}],"version-history":[{"count":28,"href":"https:\/\/lpr.de\/de\/wp-json\/wp\/v2\/pages\/343\/revisions"}],"predecessor-version":[{"id":833,"href":"https:\/\/lpr.de\/de\/wp-json\/wp\/v2\/pages\/343\/revisions\/833"}],"wp:attachment":[{"href":"https:\/\/lpr.de\/de\/wp-json\/wp\/v2\/media?parent=343"}],"curies":[{"name":"wp","href":"https:\/\/api.w.org\/{rel}","templated":true}]}}