{"id":322,"date":"2026-04-19T10:09:39","date_gmt":"2026-04-19T10:09:39","guid":{"rendered":"https:\/\/lpr.de\/de\/?page_id=322"},"modified":"2026-04-20T11:08:34","modified_gmt":"2026-04-20T11:08:34","slug":"our-values","status":"publish","type":"page","link":"https:\/\/lpr.de\/de\/our-values\/","title":{"rendered":"Unsere Werte"},"content":{"rendered":"<div class=\"wpb-content-wrapper\">[vc_row][vc_column]<h2 class=\"vcex-heading vcex-heading-plain vcex-module wpex-heading wpex-text-2xl wpex-text-center yellow\"><span class=\"vcex-heading-inner wpex-inline-block\">Unsere Unternehmenskultur basiert auf drei zentralen Werten: Ownership, Learning und Caring. Sie pr\u00e4gen die t\u00e4gliche Zusammenarbeit \u2013 durch Verantwortungsbewusstsein, den Anspruch, sich kontinuierlich weiterzuentwickeln, und einen respektvollen Umgang miteinander sowie mit Kunden und Partnern.<\/span><\/h2>[\/vc_column][\/vc_row][vc_row content_placement=&#8221;middle&#8221; column_spacing=&#8221;50&#8243; el_class=&#8221;swap-on-mobile&#8221;][vc_column width=&#8221;2\/3&#8243;]<div class=\"vcex-module vcex-icon-box vcex-icon-box-one wpex-flex wpex-text-left valueTitle\"><div class=\"vcex-icon-box-symbol vcex-icon-box-symbol--image wpex-flex-shrink-0 wpex-mr-20\"><img width=\"56\" height=\"56\" src=\"https:\/\/lpr.de\/de\/wp-content\/uploads\/sites\/3\/2026\/04\/Icon-ownership.svg\" class=\"vcex-icon-box-image wpex-align-middle\" alt=\"ownership icon\" loading=\"lazy\" decoding=\"async\" \/><\/div><div class=\"vcex-icon-box-text wpex-flex-grow\"><h3 class=\"vcex-icon-box-heading wpex-heading wpex-text-lg wpex-mb-10\">Ownership<\/h3><\/div><\/div>[vc_column_text css=&#8221;&#8221; el_class=&#8221;removepad&#8221;]Verantwortung f\u00fcr Ergebnisse und klare Ziele ist ein zentraler Bestandteil der Arbeitsweise. Ownership steht daf\u00fcr, Aufgaben verl\u00e4sslich umzusetzen und Qualit\u00e4t im eigenen Handeln aktiv zu gestalten.[\/vc_column_text][\/vc_column][vc_column width=&#8221;1\/3&#8243;][vc_single_image image=&#8221;521&#8243; css=&#8221;&#8221;][\/vc_column][\/vc_row][vc_row content_placement=&#8221;middle&#8221; column_spacing=&#8221;50&#8243;][vc_column width=&#8221;1\/3&#8243;][vc_single_image image=&#8221;522&#8243; css=&#8221;&#8221;][\/vc_column][vc_column width=&#8221;2\/3&#8243;]<div class=\"vcex-module vcex-icon-box vcex-icon-box-one wpex-flex wpex-text-left valueTitle\"><div class=\"vcex-icon-box-symbol vcex-icon-box-symbol--image wpex-flex-shrink-0 wpex-mr-20\"><img width=\"56\" height=\"56\" src=\"https:\/\/lpr.de\/de\/wp-content\/uploads\/sites\/3\/2026\/04\/Icon-Learning.svg\" class=\"vcex-icon-box-image wpex-align-middle\" alt=\"learning icon\" loading=\"lazy\" decoding=\"async\" \/><\/div><div class=\"vcex-icon-box-text wpex-flex-grow\"><h3 class=\"vcex-icon-box-heading wpex-heading wpex-text-lg wpex-mb-10\">Learning<\/h3><\/div><\/div>[vc_column_text css=&#8221;&#8221; el_class=&#8221;removepad&#8221;]Kontinuierliches Lernen und Weiterentwicklung sind fest verankert. Lernen entsteht durch Erfahrung, Austausch und Offenheit f\u00fcr neue Perspektiven \u2013 mit dem Ziel, sich fachlich und pers\u00f6nlich stetig weiterzuentwickeln.[\/vc_column_text][\/vc_column][\/vc_row][vc_row content_placement=&#8221;middle&#8221; column_spacing=&#8221;50&#8243; el_class=&#8221;swap-on-mobile padBottomSmall&#8221;][vc_column width=&#8221;2\/3&#8243;]<div class=\"vcex-module vcex-icon-box vcex-icon-box-one wpex-flex wpex-text-left valueTitle\"><div class=\"vcex-icon-box-symbol vcex-icon-box-symbol--image wpex-flex-shrink-0 wpex-mr-20\"><img width=\"56\" height=\"56\" src=\"https:\/\/lpr.de\/de\/wp-content\/uploads\/sites\/3\/2026\/04\/Icon-caring.svg\" class=\"vcex-icon-box-image wpex-align-middle\" alt=\"caring icon\" loading=\"lazy\" decoding=\"async\" \/><\/div><div class=\"vcex-icon-box-text wpex-flex-grow\"><h3 class=\"vcex-icon-box-heading wpex-heading wpex-text-lg wpex-mb-10\">Caring<\/h3><\/div><\/div>[vc_column_text css=&#8221;&#8221; el_class=&#8221;removepad&#8221;]Ein wertsch\u00e4tzender und respektvoller Umgang bildet die Grundlage der Zusammenarbeit. Dieses Verst\u00e4ndnis gilt im Miteinander ebenso wie im Umgang mit Kunden, Partnern, Familien und dem gesellschaftlichen Umfeld.[\/vc_column_text][\/vc_column][vc_column width=&#8221;1\/3&#8243;][vc_single_image image=&#8221;523&#8243; css=&#8221;&#8221;][\/vc_column][\/vc_row]\n<\/div>","protected":false},"excerpt":{"rendered":"<p>[vc_row][vc_column][\/vc_column][\/vc_row][vc_row content_placement=&#8221;middle&#8221; column_spacing=&#8221;50&#8243; el_class=&#8221;swap-on-mobile&#8221;][vc_column width=&#8221;2\/3&#8243;][vc_column_text css=&#8221;&#8221; el_class=&#8221;removepad&#8221;]Verantwortung f\u00fcr Ergebnisse und klare Ziele ist ein zentraler Bestandteil der Arbeitsweise. Ownership steht daf\u00fcr, Aufgaben verl\u00e4sslich umzusetzen und Qualit\u00e4t im eigenen Handeln aktiv zu gestalten.[\/vc_column_text][\/vc_column][vc_column width=&#8221;1\/3&#8243;][vc_single_image image=&#8221;521&#8243; css=&#8221;&#8221;][\/vc_column][\/vc_row][vc_row content_placement=&#8221;middle&#8221; column_spacing=&#8221;50&#8243;][vc_column width=&#8221;1\/3&#8243;][vc_single_image image=&#8221;522&#8243; css=&#8221;&#8221;][\/vc_column][vc_column width=&#8221;2\/3&#8243;][vc_column_text css=&#8221;&#8221; el_class=&#8221;removepad&#8221;]Kontinuierliches Lernen und Weiterentwicklung sind fest verankert. Lernen entsteht durch Erfahrung, Austausch und&hellip;<\/p>\n","protected":false},"author":1,"featured_media":0,"parent":0,"menu_order":0,"comment_status":"closed","ping_status":"closed","template":"","meta":{"inline_featured_image":false,"footnotes":""},"class_list":["post-322","page","type-page","status-publish","hentry","entry","no-media"],"_links":{"self":[{"href":"https:\/\/lpr.de\/de\/wp-json\/wp\/v2\/pages\/322","targetHints":{"allow":["GET"]}}],"collection":[{"href":"https:\/\/lpr.de\/de\/wp-json\/wp\/v2\/pages"}],"about":[{"href":"https:\/\/lpr.de\/de\/wp-json\/wp\/v2\/types\/page"}],"author":[{"embeddable":true,"href":"https:\/\/lpr.de\/de\/wp-json\/wp\/v2\/users\/1"}],"replies":[{"embeddable":true,"href":"https:\/\/lpr.de\/de\/wp-json\/wp\/v2\/comments?post=322"}],"version-history":[{"count":6,"href":"https:\/\/lpr.de\/de\/wp-json\/wp\/v2\/pages\/322\/revisions"}],"predecessor-version":[{"id":659,"href":"https:\/\/lpr.de\/de\/wp-json\/wp\/v2\/pages\/322\/revisions\/659"}],"wp:attachment":[{"href":"https:\/\/lpr.de\/de\/wp-json\/wp\/v2\/media?parent=322"}],"curies":[{"name":"wp","href":"https:\/\/api.w.org\/{rel}","templated":true}]}}