{"id":300,"date":"2026-04-19T09:12:21","date_gmt":"2026-04-19T09:12:21","guid":{"rendered":"https:\/\/lpr.de\/de\/?page_id=300"},"modified":"2026-04-24T09:41:10","modified_gmt":"2026-04-24T09:41:10","slug":"why-lpr","status":"publish","type":"page","link":"https:\/\/lpr.de\/de\/why-lpr\/","title":{"rendered":"Warum LPR"},"content":{"rendered":"<div class=\"wpb-content-wrapper\">[vc_row content_placement=&#8221;middle&#8221; column_spacing=&#8221;50&#8243;][vc_column width=&#8221;3\/4&#8243;]<span class=\"vcex-heading vcex-heading-plain vcex-module wpex-heading wpex-text-2xl whyIntro\"><span class=\"vcex-heading-inner wpex-inline-block\">Wir verbinden Ersatzteillogistik, technischen Field Service und After-Sales-Lifecycle-Management zu einem strukturierten Betriebsmodell \u2013 modular einsetzbar oder als vollst\u00e4ndig integrierte End-to-End-L\u00f6sung. So bleiben Ihre Systeme betriebsf\u00e4hig, compliant und wirtschaftlich leistungsstark.<\/span><\/span><a href=\"#contactFooter\" class=\"vcex-button theme-button inline\"><span class=\"vcex-button-inner theme-button-inner wpex-flex wpex-flex-wrap wpex-items-center wpex-justify-center\">Sprechen Sie mit unseren Experten<\/span><\/a> [\/vc_column][vc_column width=&#8221;1\/4&#8243;][\/vc_column][\/vc_row][vc_row content_placement=&#8221;middle&#8221; column_spacing=&#8221;50&#8243;][vc_column width=&#8221;1\/2&#8243;]<figure class=\"vcex-image vcex-module\"><div class=\"vcex-image-inner wpex-relative wpex-inline-block\"><img width=\"800\" height=\"800\" src=\"https:\/\/lpr.de\/de\/wp-content\/uploads\/sites\/3\/2026\/04\/why-1.webp\" class=\"vcex-image-img wpex-align-middle wpex-aspect-4-3 wpex-object-cover\" alt=\"LPR building\" loading=\"lazy\" decoding=\"async\" srcset=\"https:\/\/lpr.de\/de\/wp-content\/uploads\/sites\/3\/2026\/04\/why-1.webp 800w, https:\/\/lpr.de\/de\/wp-content\/uploads\/sites\/3\/2026\/04\/why-1-300x300.webp 300w, https:\/\/lpr.de\/de\/wp-content\/uploads\/sites\/3\/2026\/04\/why-1-150x150.webp 150w, https:\/\/lpr.de\/de\/wp-content\/uploads\/sites\/3\/2026\/04\/why-1-768x768.webp 768w\" sizes=\"auto, (max-width: 800px) 100vw, 800px\" \/><\/div><\/figure>[\/vc_column][vc_column width=&#8221;1\/2&#8243;]<h2 class=\"vcex-heading vcex-heading-plain vcex-module wpex-heading wpex-text-2xl\"><span class=\"vcex-heading-inner wpex-inline-block\">Was LPR auszeichnet<\/span><\/h2>[vc_column_text css=&#8221;&#8221; el_class=&#8221;removepad&#8221;]Im B2B-Umfeld entscheidet After-Sales \u00fcber Kundenbindung und Folgegesch\u00e4ft. Hohe Erwartungen an Verf\u00fcgbarkeit und Reaktionsgeschwindigkeit machen ihn zu einem der anspruchsvollsten Bereiche \u2013 genau hier unterst\u00fctzen wir.<\/p>\n<p>Genau hier verbinden wir Logistik und technischen Service zu klaren, verl\u00e4sslichen Abl\u00e4ufen. Bei LPR gestalten wir Ersatzteillogistik, Vor-Ort-Service und Lifecycle-Management innerhalb eines skalierbaren Betriebsmodells. Nutzen Sie einzelne Module. Oder verbinden Sie diese zu einer integrierten Servicekette.<\/p>\n<p>In beiden F\u00e4llen bleibt Performance strukturiert, transparent und messbar.[\/vc_column_text][\/vc_column][\/vc_row][vc_row][vc_column]<div class=\"vcex-module vcex-divider vcex-divider-solid vcex-divider-center wpex-mx-auto wpex-block wpex-h-0 wpex-border-b wpex-border-solid wpex-border-main\" style=\"border-bottom-width:2px;border-color:#0f329b;\"><\/div>[\/vc_column][\/vc_row][vc_row content_placement=&#8221;middle&#8221; column_spacing=&#8221;50&#8243; el_class=&#8221;swap-on-mobile&#8221;][vc_column width=&#8221;1\/2&#8243;]<h2 class=\"vcex-heading vcex-heading-plain vcex-module wpex-heading wpex-text-2xl\"><span class=\"vcex-heading-inner wpex-inline-block\">Ein verantwortliches Betriebsmodell<\/span><\/h2>[vc_column_text css=&#8221;&#8221; el_class=&#8221;removepad&#8221;]Statt mehrere Anbieter zu koordinieren, arbeiten Sie mit einem strukturierten Partner, der Logistik und technischen Service nahtlos verbindet.<\/p>\n<p>Wir koordinieren:<\/p>\n<ul>\n<li>Technische Vor-Ort-Eins\u00e4tze f\u00fcr Wartung und Repatur<\/li>\n<li>Nachtexpress-Zustellung an Werkst\u00e4tten, Techniker, Endkunden<\/li>\n<li>Zentrallager und FSL-Standorte<\/li>\n<li>Technisches Repair-Center und End-User Helpdesk<\/li>\n<li>Reverse Logistics und Retourenabwicklung<\/li>\n<\/ul>\n<p>Alles gesteuert durch definierte Prozesse, klare Verantwortlichkeiten und transparentes Reporting.<\/p>\n[\/vc_column_text]<a href=\"\/de\/our-approach\/\" class=\"vcex-button theme-button inline\"><span class=\"vcex-button-inner theme-button-inner wpex-flex wpex-flex-wrap wpex-items-center wpex-justify-center\">Unser Ansatz<\/span><\/a> [\/vc_column][vc_column width=&#8221;1\/2&#8243;]<figure class=\"vcex-image vcex-module\"><div class=\"vcex-image-inner wpex-relative wpex-inline-block\"><img width=\"800\" height=\"800\" src=\"https:\/\/lpr.de\/de\/wp-content\/uploads\/sites\/3\/2026\/04\/why-2.webp\" class=\"vcex-image-img wpex-align-middle wpex-aspect-1-1 wpex-object-cover\" alt=\"fast moving delivery van\" loading=\"lazy\" decoding=\"async\" srcset=\"https:\/\/lpr.de\/de\/wp-content\/uploads\/sites\/3\/2026\/04\/why-2.webp 800w, https:\/\/lpr.de\/de\/wp-content\/uploads\/sites\/3\/2026\/04\/why-2-300x300.webp 300w, https:\/\/lpr.de\/de\/wp-content\/uploads\/sites\/3\/2026\/04\/why-2-150x150.webp 150w, https:\/\/lpr.de\/de\/wp-content\/uploads\/sites\/3\/2026\/04\/why-2-768x768.webp 768w\" sizes=\"auto, (max-width: 800px) 100vw, 800px\" \/><\/div><\/figure>[\/vc_column][\/vc_row][vc_row full_width=&#8221;stretch_row&#8221; wpex_bg_color=&#8221;#f5f5f5&#8243; el_class=&#8221;padTop&#8221;][vc_column][vc_column_text css=&#8221;&#8221;]\n<blockquote><p>Im After-Sales \u00fcbernehmen wir eine klar definierte Rolle: Wir verbinden Ersatzteillogistik und technischen Service zu einer strukturierten Leistungseinheit, die Verf\u00fcgbarkeit erh\u00f6ht und Performance messbar macht. Als Partner f\u00fcgen wir uns in bestehende Strukturen ein \u2013 modular oder integriert.\u201c<\/p>\n<p><span class=\"quoteName\"><b>Michael Bonnes, LPR Group Chief Executive Officer (CEO)<\/b><\/span><\/p><\/blockquote>\n[\/vc_column_text][\/vc_column][\/vc_row][vc_row content_placement=&#8221;middle&#8221; column_spacing=&#8221;50&#8243; el_class=&#8221;padTop&#8221;][vc_column width=&#8221;1\/2&#8243;]<figure class=\"vcex-image vcex-module\"><div class=\"vcex-image-inner wpex-relative wpex-inline-block\"><img width=\"800\" height=\"800\" src=\"https:\/\/lpr.de\/de\/wp-content\/uploads\/sites\/3\/2026\/04\/why3.webp\" class=\"vcex-image-img wpex-align-middle wpex-aspect-4-3 wpex-object-cover\" alt=\"blurred tunnel\" loading=\"lazy\" decoding=\"async\" srcset=\"https:\/\/lpr.de\/de\/wp-content\/uploads\/sites\/3\/2026\/04\/why3.webp 800w, https:\/\/lpr.de\/de\/wp-content\/uploads\/sites\/3\/2026\/04\/why3-300x300.webp 300w, https:\/\/lpr.de\/de\/wp-content\/uploads\/sites\/3\/2026\/04\/why3-150x150.webp 150w, https:\/\/lpr.de\/de\/wp-content\/uploads\/sites\/3\/2026\/04\/why3-768x768.webp 768w\" sizes=\"auto, (max-width: 800px) 100vw, 800px\" \/><\/div><\/figure>[\/vc_column][vc_column width=&#8221;1\/2&#8243;]<h2 class=\"vcex-heading vcex-heading-plain vcex-module wpex-heading wpex-text-2xl\"><span class=\"vcex-heading-inner wpex-inline-block\">Von kritischer Infrastruktur bis zu wertsch\u00f6pfenden Systemen<\/span><\/h2>[vc_column_text css=&#8221;&#8221; el_class=&#8221;removepad&#8221;]Ob Medizintechnik, Kassensysteme, Geldautomaten, industrielle Anlagen oder professionelle Kaffeesysteme \u2013 technische Systeme m\u00fcssen zuverl\u00e4ssig funktionieren.<\/p>\n<p>Wir sorgen f\u00fcr:<\/p>\n<ul>\n<li>Reduzierte Ausfallzeiten<\/li>\n<li>K\u00fcrzere Reparaturzeiten<\/li>\n<li>Strukturierte SLA-Steuerung<\/li>\n<li>Transparente Dokumentation<\/li>\n<li>Einheitliche Servicequalit\u00e4t europaweit<\/li>\n<\/ul>\n<p>Unser Ziel ist klar:<br \/>\nIhre Systeme laufen besser. Messbar.<br \/>\n[\/vc_column_text][\/vc_column][\/vc_row][vc_row content_placement=&#8221;middle&#8221; column_spacing=&#8221;50&#8243; el_class=&#8221;swap-on-mobile padTop&#8221;][vc_column width=&#8221;1\/2&#8243;]<h2 class=\"vcex-heading vcex-heading-plain vcex-module wpex-heading wpex-text-2xl yellow\"><span class=\"vcex-heading-inner wpex-inline-block\">After-Sales als strukturierter Lebenszyklus<\/span><\/h2>[vc_column_text css=&#8221;&#8221; el_class=&#8221;removepad&#8221;]After-Sales ist kein einzelner Serviceeinsatz. Es ist ein Lebenszyklus.<\/p>\n<p><strong>LPR begleitet den gesamten Produktweg:<\/strong><\/p>\n<p>Lifecycle Module (Grid):<\/p>\n<ul>\n<li>Installation &amp; Rollout<\/li>\n<li>Reparaturen und Wartungen<\/li>\n<li>Ersatzteillogistik<\/li>\n<li>Repair-Center und Helpdesk<\/li>\n<li>Reverse Logistics &amp; Retouren<\/li>\n<\/ul>\n<p>W\u00e4hlen Sie einzelne Module \u2013 oder eine vollst\u00e4ndig integrierte End-to-End-L\u00f6sung.[\/vc_column_text][\/vc_column][vc_column width=&#8221;1\/2&#8243;]<figure class=\"vcex-image vcex-module\"><div class=\"vcex-image-inner wpex-relative wpex-inline-block\"><img width=\"800\" height=\"800\" src=\"https:\/\/lpr.de\/de\/wp-content\/uploads\/sites\/3\/2026\/04\/why4.webp\" class=\"vcex-image-img wpex-align-middle wpex-aspect-1-1 wpex-object-cover\" alt=\"after sales support engineer\" loading=\"lazy\" decoding=\"async\" srcset=\"https:\/\/lpr.de\/de\/wp-content\/uploads\/sites\/3\/2026\/04\/why4.webp 800w, https:\/\/lpr.de\/de\/wp-content\/uploads\/sites\/3\/2026\/04\/why4-300x300.webp 300w, https:\/\/lpr.de\/de\/wp-content\/uploads\/sites\/3\/2026\/04\/why4-150x150.webp 150w, https:\/\/lpr.de\/de\/wp-content\/uploads\/sites\/3\/2026\/04\/why4-768x768.webp 768w\" sizes=\"auto, (max-width: 800px) 100vw, 800px\" \/><\/div><\/figure>[\/vc_column][\/vc_row][vc_row content_placement=&#8221;middle&#8221; column_spacing=&#8221;50&#8243; el_class=&#8221;padTop&#8221;][vc_column width=&#8221;1\/2&#8243;]<figure class=\"vcex-image vcex-module\"><div class=\"vcex-image-inner wpex-relative wpex-inline-block\"><img width=\"800\" height=\"600\" src=\"https:\/\/lpr.de\/de\/wp-content\/uploads\/sites\/3\/2026\/04\/why5.webp\" class=\"vcex-image-img wpex-align-middle wpex-aspect-1-1 wpex-object-cover\" alt=\"office team\" loading=\"lazy\" decoding=\"async\" srcset=\"https:\/\/lpr.de\/de\/wp-content\/uploads\/sites\/3\/2026\/04\/why5.webp 800w, https:\/\/lpr.de\/de\/wp-content\/uploads\/sites\/3\/2026\/04\/why5-300x225.webp 300w, https:\/\/lpr.de\/de\/wp-content\/uploads\/sites\/3\/2026\/04\/why5-768x576.webp 768w\" sizes=\"auto, (max-width: 800px) 100vw, 800px\" \/><\/div><\/figure>[\/vc_column][vc_column width=&#8221;1\/2&#8243;]<h2 class=\"vcex-heading vcex-heading-plain vcex-module wpex-heading wpex-text-2xl yellow\"><span class=\"vcex-heading-inner wpex-inline-block\">Strukturiert. Integriert. Skalierbar.<\/span><\/h2>[vc_column_text css=&#8221;&#8221; el_class=&#8221;removepad&#8221;]Wir gestalten Service- und Logistikstrukturen entlang Ihrer operativen Realit\u00e4t \u2013 nicht umgekehrt.<\/p>\n<p>Unser Ansatz basiert auf:<\/p>\n<ul>\n<li>Klarer Prozessarchitektur<\/li>\n<li>Definierten Eskalationswegen<\/li>\n<li>SLA-gesteuerter Steuerungslogik<\/li>\n<li>Einheitlichen Service- und Logistikstandards \u2013 national und europaweit<\/li>\n<li>Transparenter KPI- und Reportingstruktur<\/li>\n<\/ul>\n<p>Damit entsteht verl\u00e4ssliche Planbarkeit f\u00fcr Hersteller, Handelsunternehmen, Gesundheitseinrichtungen sowie Industrie- und Maschinenbauunternehmen in ganz Europa.[\/vc_column_text]<a href=\"\/de\/our-values\/\" class=\"vcex-button theme-button inline\"><span class=\"vcex-button-inner theme-button-inner wpex-flex wpex-flex-wrap wpex-items-center wpex-justify-center\">Unsere Werte<\/span><\/a> [\/vc_column][\/vc_row][vc_row content_placement=&#8221;middle&#8221; column_spacing=&#8221;50&#8243; el_class=&#8221;swap-on-mobile padTop&#8221;][vc_column width=&#8221;1\/2&#8243;]<h2 class=\"vcex-heading vcex-heading-plain vcex-module wpex-heading wpex-text-2xl yellow\"><span class=\"vcex-heading-inner wpex-inline-block\">Transparenz durch Technologie<\/span><\/h2>[vc_column_text css=&#8221;&#8221; el_class=&#8221;removepad&#8221;]Wir integrieren Ihre Systeme mit unseren strukturierten Service- und Reporting-Plattformen und schaffen Echtzeit-<\/p>\n<p>Transparenz \u00fcber:<\/p>\n<ul>\n<li>Tickets<\/li>\n<li>Sendungsstati<\/li>\n<li>Best\u00e4nde<\/li>\n<li>Ersatzteilbewegungen<\/li>\n<li>Retouren<\/li>\n<\/ul>\n<p>Operative Transparenz erm\u00f6glicht fundierte Entscheidungen, und basiert nicht auf Annahmen.[\/vc_column_text][\/vc_column][vc_column width=&#8221;1\/2&#8243;]<figure class=\"vcex-image vcex-module\"><div class=\"vcex-image-inner wpex-relative wpex-inline-block\"><img width=\"800\" height=\"600\" src=\"https:\/\/lpr.de\/de\/wp-content\/uploads\/sites\/3\/2026\/04\/dashboard.webp\" class=\"vcex-image-img wpex-align-middle wpex-aspect-4-3 wpex-object-cover\" alt=\"online dashboard\" loading=\"lazy\" decoding=\"async\" srcset=\"https:\/\/lpr.de\/de\/wp-content\/uploads\/sites\/3\/2026\/04\/dashboard.webp 800w, https:\/\/lpr.de\/de\/wp-content\/uploads\/sites\/3\/2026\/04\/dashboard-300x225.webp 300w, https:\/\/lpr.de\/de\/wp-content\/uploads\/sites\/3\/2026\/04\/dashboard-768x576.webp 768w\" sizes=\"auto, (max-width: 800px) 100vw, 800px\" \/><\/div><\/figure>[\/vc_column][\/vc_row][vc_row][vc_column]<h2 class=\"vcex-heading vcex-heading-plain vcex-module wpex-heading wpex-text-2xl wpex-text-center\"><span class=\"vcex-heading-inner wpex-inline-block\">Lassen Sie uns Ihre After-Sales-Services strukturieren.<\/span><\/h2>[vc_column_text css=&#8221;&#8221;]\n<p style=\"text-align: center;\">Erfahren Sie, wie integrierte oder modulare Logistik- und Serviceleistungen Komplexit\u00e4t reduzieren und Verf\u00fcgbarkeit europaweit verbessern.<\/p>\n[\/vc_column_text][\/vc_column][\/vc_row]\n<\/div>","protected":false},"excerpt":{"rendered":"<p>[vc_row content_placement=&#8221;middle&#8221; column_spacing=&#8221;50&#8243;][vc_column width=&#8221;3\/4&#8243;][\/vc_column][vc_column width=&#8221;1\/4&#8243;][\/vc_column][\/vc_row][vc_row content_placement=&#8221;middle&#8221; column_spacing=&#8221;50&#8243;][vc_column width=&#8221;1\/2&#8243;][\/vc_column][vc_column width=&#8221;1\/2&#8243;][vc_column_text css=&#8221;&#8221; el_class=&#8221;removepad&#8221;]Im B2B-Umfeld entscheidet After-Sales \u00fcber Kundenbindung und Folgegesch\u00e4ft. Hohe Erwartungen an Verf\u00fcgbarkeit und Reaktionsgeschwindigkeit machen ihn zu einem der anspruchsvollsten Bereiche \u2013 genau hier unterst\u00fctzen wir. Genau hier verbinden wir Logistik und technischen Service zu klaren, verl\u00e4sslichen Abl\u00e4ufen. Bei LPR gestalten wir Ersatzteillogistik, Vor-Ort-Service und&hellip;<\/p>\n","protected":false},"author":1,"featured_media":0,"parent":0,"menu_order":0,"comment_status":"closed","ping_status":"closed","template":"","meta":{"inline_featured_image":false,"footnotes":""},"class_list":["post-300","page","type-page","status-publish","hentry","entry","no-media"],"_links":{"self":[{"href":"https:\/\/lpr.de\/de\/wp-json\/wp\/v2\/pages\/300","targetHints":{"allow":["GET"]}}],"collection":[{"href":"https:\/\/lpr.de\/de\/wp-json\/wp\/v2\/pages"}],"about":[{"href":"https:\/\/lpr.de\/de\/wp-json\/wp\/v2\/types\/page"}],"author":[{"embeddable":true,"href":"https:\/\/lpr.de\/de\/wp-json\/wp\/v2\/users\/1"}],"replies":[{"embeddable":true,"href":"https:\/\/lpr.de\/de\/wp-json\/wp\/v2\/comments?post=300"}],"version-history":[{"count":35,"href":"https:\/\/lpr.de\/de\/wp-json\/wp\/v2\/pages\/300\/revisions"}],"predecessor-version":[{"id":819,"href":"https:\/\/lpr.de\/de\/wp-json\/wp\/v2\/pages\/300\/revisions\/819"}],"wp:attachment":[{"href":"https:\/\/lpr.de\/de\/wp-json\/wp\/v2\/media?parent=300"}],"curies":[{"name":"wp","href":"https:\/\/api.w.org\/{rel}","templated":true}]}}