{"id":25,"date":"2026-04-08T06:22:56","date_gmt":"2026-04-08T06:22:56","guid":{"rendered":"https:\/\/lpr.de\/de\/?page_id=25"},"modified":"2026-04-27T17:57:53","modified_gmt":"2026-04-27T17:57:53","slug":"home","status":"publish","type":"page","link":"https:\/\/lpr.de\/de\/","title":{"rendered":"Home"},"content":{"rendered":"<div class=\"wpb-content-wrapper\">[vc_row full_width=&#8221;stretch_row&#8221; remove_bottom_col_margin=&#8221;true&#8221; css=&#8221;.vc_custom_1775637907889{background-image: url(https:\/\/lpr.de\/de\/wp-content\/uploads\/sites\/3\/2026\/04\/hero-bg.webp?id=55) !important;background-position: center !important;background-repeat: no-repeat !important;background-size: cover !important;}&#8221; el_class=&#8221;homeHero&#8221; wpex_bg_position=&#8221;top center&#8221;][vc_column width=&#8221;2\/3&#8243;]<h1 class=\"vcex-heading vcex-heading-plain vcex-module wpex-heading wpex-text-2xl white homeTitle\"><span class=\"vcex-heading-inner wpex-inline-block\">Wo Logistik auf technischen Service trifft. Nahtlos. Europaweit.<\/span><\/h1><a href=\"\/de\/contact\/\" class=\"vcex-button theme-button inline solid\"><span class=\"vcex-button-inner theme-button-inner wpex-flex wpex-flex-wrap wpex-items-center wpex-justify-center\">Kontakt aufnehmen<\/span><\/a> [\/vc_column][vc_column width=&#8221;1\/3&#8243;][\/vc_column][\/vc_row][vc_row][vc_column][vc_row_inner gap=&#8221;35&#8243; remove_bottom_col_margin=&#8221;true&#8221;][vc_column_inner]<h2 class=\"vcex-heading vcex-heading-plain vcex-module wpex-heading wpex-text-2xl yellow\"><span class=\"vcex-heading-inner wpex-inline-block\">UNSERE KERNLEISTUNGEN<\/span><\/h2><h4 class=\"vcex-heading vcex-heading-plain vcex-module wpex-heading wpex-text-2xl subHead\"><span class=\"vcex-heading-inner wpex-inline-block\">Drei Disziplinen. Ein integriertes Betriebsmodell.<\/span><\/h4>[vc_column_text css=&#8221;&#8221; el_class=&#8221;removepad&#8221;]LPR bietet zeitkritische Logistik, technischen Field Service und infrastrukturelle Dienstleistungen als klar definierte Einzelleistungen. Je nach Anforderung k\u00f6nnen diese unabh\u00e4ngig voneinander eingesetzt oder zu einem integrierten Gesamtsystem verbunden werden.<\/p>\n<p>So behalten Sie die Flexibilit\u00e4t in der Steuerung \u2013 und profitieren gleichzeitig von abgestimmten Prozessen, klaren KPIs und messbarer Performance, wenn mehrere Leistungen ineinandergreifen.[\/vc_column_text][\/vc_column_inner][\/vc_row_inner][vc_row_inner gap=&#8221;35&#8243; remove_bottom_col_margin=&#8221;true&#8221; el_class=&#8221;homeCoreServices&#8221;][vc_column_inner width=&#8221;1\/3&#8243;][vc_single_image image=&#8221;714&#8243; onclick=&#8221;custom_link&#8221; css=&#8221;&#8221; el_class=&#8221;imageshadow&#8221; link=&#8221;http:\/\/&#8221;]<h3 class=\"vcex-heading vcex-heading-plain vcex-module wpex-heading wpex-text-2xl\"><span class=\"vcex-heading-inner wpex-inline-block\">LOGISTIKL\u00d6SUNGEN<\/span><\/h3><h4 class=\"vcex-heading vcex-heading-plain vcex-module wpex-heading wpex-text-2xl subHead\"><span class=\"vcex-heading-inner wpex-inline-block\">Zeitkritische Logistik f\u00fcr servicegetriebene Strukturen.<\/span><\/h4>[vc_column_text css=&#8221;&#8221;]Ersatzteillogistik, Lagerhaltung, Nachtexpress, Retourenlogistik \u2013 vollst\u00e4ndig integriert in Ihre technischen Serviceprozesse.<\/p>\n<p>Wir steuern Ihre Ersatzteile vom Lager \u00fcber zeitkritische Zustellung bis zum Techniker oder Endkunden \u2013 abgestimmt auf Ihre Serviceanforderungen. Denn Verf\u00fcgbarkeit beginnt lange bevor ein Techniker vor Ort ist.<br \/>\n[\/vc_column_text][\/vc_column_inner][vc_column_inner width=&#8221;1\/3&#8243;][vc_single_image image=&#8221;693&#8243; onclick=&#8221;custom_link&#8221; css=&#8221;&#8221; el_class=&#8221;imageshadow&#8221; link=&#8221;http:\/\/&#8221;]<h3 class=\"vcex-heading vcex-heading-plain vcex-module wpex-heading wpex-text-2xl\"><span class=\"vcex-heading-inner wpex-inline-block\">TECHNISCHE SERVICES<\/span><\/h3><h4 class=\"vcex-heading vcex-heading-plain vcex-module wpex-heading wpex-text-2xl subHead\"><span class=\"vcex-heading-inner wpex-inline-block\">Technischer Service mit Struktur \u2013 bundesweit und prozessgetrieben.<\/span><\/h4>[vc_column_text css=&#8221;&#8221;]Vor-Ort-Reparaturen, technischer Helpdesk, Rollout-Services und strukturierte Einsatzsteuerung \u2013 vollst\u00e4ndig integriert in Ihre Service- und SLA-Strukturen.<\/p>\n<p>Wir verbinden End-User-Helpdesk, 2nd-Level-Support, Staging sowie Werkstatt- und Repair-Leistungen zu einer abgestimmten Gesamtstruktur \u2013 zentral gesteuert und bundesweit umgesetzt.<\/p>\n<p>Denn Servicequalit\u00e4t entsteht nicht erst beim Einsatz, sondern in der durchg\u00e4ngigen Organisation dahinter.<br \/>\n[\/vc_column_text][\/vc_column_inner][vc_column_inner width=&#8221;1\/3&#8243;][vc_single_image image=&#8221;692&#8243; onclick=&#8221;custom_link&#8221; css=&#8221;&#8221; el_class=&#8221;imageshadow&#8221; link=&#8221;http:\/\/&#8221;]<h3 class=\"vcex-heading vcex-heading-plain vcex-module wpex-heading wpex-text-2xl\"><span class=\"vcex-heading-inner wpex-inline-block\">INFRASTRUKTURSERVICES<\/span><\/h3><h4 class=\"vcex-heading vcex-heading-plain vcex-module wpex-heading wpex-text-2xl subHead\"><span class=\"vcex-heading-inner wpex-inline-block\">Operative Infrastruktur f\u00fcr stabile technische Umgebungen.<\/span><\/h4>[vc_column_text css=&#8221;&#8221;]Installation, Rollout, Wartung und Lifecycle-Services \u2013 mit Fokus auf Systemstabilit\u00e4t, Compliance und nachhaltige Betriebsf\u00e4higkeit.<\/p>\n<p>Von Einzelstandorten bis zu bundesweiten Projekten sorgen wir f\u00fcr klare Prozesse und einheitliche Servicestandards.<br \/>\n[\/vc_column_text][\/vc_column_inner][\/vc_row_inner][\/vc_column][\/vc_row][vc_row full_width=&#8221;stretch_row&#8221; column_spacing=&#8221;60&#8243; css=&#8221;.vc_custom_1775635364113{background-image: url(https:\/\/lpr.de\/de\/wp-content\/uploads\/sites\/3\/2026\/04\/road-network.webp?id=39) !important;background-position: center !important;background-repeat: no-repeat !important;background-size: cover !important;}&#8221; el_class=&#8221;calloutStrip&#8221;][vc_column width=&#8221;2\/3&#8243;]<h2 class=\"vcex-heading vcex-heading-plain vcex-module wpex-heading wpex-text-2xl white\"><span class=\"vcex-heading-inner wpex-inline-block\">GEOGRAFISCHE ABDECKUNG<\/span><\/h2><h4 class=\"vcex-heading vcex-heading-plain vcex-module wpex-heading wpex-text-2xl subHead white\"><span class=\"vcex-heading-inner wpex-inline-block\">Europaweite Pr\u00e4senz. Lokale Umsetzung. Zentrale Steuerung.<\/span><\/h4>[vc_column_text css=&#8221;&#8221; el_class=&#8221;white removepad&#8221;]Als Teil der DANX Carousel Group agieren wir deutschland- und europaweit mit standardisierten Prozessen, einheitlichen KPIs und zentraler Koordination.<\/p>\n<p>Ein Betriebsmodell. Mehrere L\u00e4nder. Messbare Performance.<br \/>\n[\/vc_column_text][\/vc_column][vc_column width=&#8221;1\/3&#8243;][\/vc_column][\/vc_row][vc_row content_placement=&#8221;middle&#8221; el_class=&#8221;swap-on-mobile&#8221;][vc_column]<div class=\"templatera_shortcode\"><style type=\"text\/css\" data-type=\"vc_shortcodes-custom-css\">.vc_custom_1775638328886{margin-top: 30px !important;}<\/style><div class=\"vc_row wpb_row vc_row-fluid keysectors wpex-relative wpex-vc_row-col-mb-0\"><div class=\"wpb_column vc_column_container vc_col-sm-12\"><div class=\"vc_column-inner\"><div class=\"wpb_wrapper\"><div class=\"vc_row wpb_row vc_inner vc_row-fluid wpex-relative wpex-vc_row-col-mb-0\"><div class=\"wpb_column vc_column_container vc_col-sm-12\"><div class=\"vc_column-inner\"><div class=\"wpb_wrapper\"><h2 class=\"vcex-heading vcex-heading-plain vcex-module wpex-heading wpex-text-2xl smallTitle\"><span class=\"vcex-heading-inner wpex-inline-block\">BRANCHENEXPERTISE<\/span><\/h2><h4 class=\"vcex-heading vcex-heading-plain vcex-module wpex-heading wpex-text-2xl suHead\"><span class=\"vcex-heading-inner wpex-inline-block\">Branchenspezifische L\u00f6sungen \u2013 ausgerichtet auf operative Realit\u00e4t.<\/span><\/h4>\n\t<div class=\"wpb_text_column wpb_content_element padbottom\" >\n\t\t<div class=\"wpb_wrapper\">\n\t\t\t<p>Jede Branche hat eigene Serviceanforderungen, regulatorische Rahmenbedingungen und Performance-Erwartungen.<br \/>\nWir richten Logistik und technischen Service pr\u00e4zise darauf aus.<\/p>\n\n\t\t<\/div>\n\t<\/div>\n<\/div><\/div><\/div><\/div><div class=\"vc_row wpb_row vc_inner vc_row-fluid imageLinks imageLinksFirst vc_custom_1775638328886 wpex-relative wpex-vc_row-col-mb-0\"><div class=\"wpb_column vc_column_container vc_col-sm-3\"><div class=\"vc_column-inner\"><div class=\"wpb_wrapper\">\n\t<div  class=\"wpb_single_image wpb_content_element vc_align_ wpb_content_element\">\n\t\t\n\t\t<figure class=\"wpb_wrapper vc_figure\">\n\t\t\t<a href=\"\/de\/industries\/retail\/\" target=\"_self\" class=\"vc_single_image-wrapper wpex-image-hover opacity   vc_box_border_grey\"><img width=\"828\" height=\"497\" src=\"https:\/\/lpr.de\/de\/wp-content\/uploads\/sites\/3\/2026\/04\/retail.webp\" class=\"vc_single_image-img attachment-full\" alt=\"retailer\" title=\"retail\" srcset=\"https:\/\/lpr.de\/de\/wp-content\/uploads\/sites\/3\/2026\/04\/retail.webp 828w, https:\/\/lpr.de\/de\/wp-content\/uploads\/sites\/3\/2026\/04\/retail-300x180.webp 300w, https:\/\/lpr.de\/de\/wp-content\/uploads\/sites\/3\/2026\/04\/retail-768x461.webp 768w\" sizes=\"(max-width: 828px) 100vw, 828px\" \/><\/a>\n\t\t<\/figure>\n\t<\/div>\n<a href=\"\/de\/industries\/retail\/\" class=\"vcex-button theme-button inline nudge\"><span class=\"vcex-button-inner theme-button-inner wpex-flex wpex-flex-wrap wpex-items-center wpex-justify-center\">Retail<\/span><\/a> <\/div><\/div><\/div><div class=\"wpb_column vc_column_container vc_col-sm-3\"><div class=\"vc_column-inner\"><div class=\"wpb_wrapper\">\n\t<div  class=\"wpb_single_image wpb_content_element vc_align_ wpb_content_element\">\n\t\t\n\t\t<figure class=\"wpb_wrapper vc_figure\">\n\t\t\t<a href=\"\/de\/industries\/medtech\/\" target=\"_self\" class=\"vc_single_image-wrapper wpex-image-hover opacity   vc_box_border_grey\"><img width=\"828\" height=\"497\" src=\"https:\/\/lpr.de\/de\/wp-content\/uploads\/sites\/3\/2026\/04\/medtech.webp\" class=\"vc_single_image-img attachment-full\" alt=\"lab technician\" title=\"medtech\" srcset=\"https:\/\/lpr.de\/de\/wp-content\/uploads\/sites\/3\/2026\/04\/medtech.webp 828w, https:\/\/lpr.de\/de\/wp-content\/uploads\/sites\/3\/2026\/04\/medtech-300x180.webp 300w, https:\/\/lpr.de\/de\/wp-content\/uploads\/sites\/3\/2026\/04\/medtech-768x461.webp 768w\" sizes=\"(max-width: 828px) 100vw, 828px\" \/><\/a>\n\t\t<\/figure>\n\t<\/div>\n<a href=\"\/de\/industries\/medtech\/\" class=\"vcex-button theme-button inline nudge\"><span class=\"vcex-button-inner theme-button-inner wpex-flex wpex-flex-wrap wpex-items-center wpex-justify-center\">MedTech<\/span><\/a> <\/div><\/div><\/div><div class=\"wpb_column vc_column_container vc_col-sm-3\"><div class=\"vc_column-inner\"><div class=\"wpb_wrapper\">\n\t<div  class=\"wpb_single_image wpb_content_element vc_align_ wpb_content_element\">\n\t\t\n\t\t<figure class=\"wpb_wrapper vc_figure\">\n\t\t\t<a href=\"\/de\/industries\/high-tech\/\" target=\"_self\" class=\"vc_single_image-wrapper wpex-image-hover opacity   vc_box_border_grey\"><img width=\"828\" height=\"497\" src=\"https:\/\/lpr.de\/de\/wp-content\/uploads\/sites\/3\/2026\/04\/high-tech.webp\" class=\"vc_single_image-img attachment-full\" alt=\"High tech\" title=\"high-tech\" srcset=\"https:\/\/lpr.de\/de\/wp-content\/uploads\/sites\/3\/2026\/04\/high-tech.webp 828w, https:\/\/lpr.de\/de\/wp-content\/uploads\/sites\/3\/2026\/04\/high-tech-300x180.webp 300w, https:\/\/lpr.de\/de\/wp-content\/uploads\/sites\/3\/2026\/04\/high-tech-768x461.webp 768w\" sizes=\"(max-width: 828px) 100vw, 828px\" \/><\/a>\n\t\t<\/figure>\n\t<\/div>\n<a href=\"\/de\/industries\/high-tech\/\" class=\"vcex-button theme-button inline nudge\"><span class=\"vcex-button-inner theme-button-inner wpex-flex wpex-flex-wrap wpex-items-center wpex-justify-center\">High tech<\/span><\/a> <\/div><\/div><\/div><div class=\"wpb_column vc_column_container vc_col-sm-3\"><div class=\"vc_column-inner\"><div class=\"wpb_wrapper\">\n\t<div  class=\"wpb_single_image wpb_content_element vc_align_ wpb_content_element\">\n\t\t\n\t\t<figure class=\"wpb_wrapper vc_figure\">\n\t\t\t<a href=\"\/de\/industries\/infrastructure\/\" target=\"_self\" class=\"vc_single_image-wrapper wpex-image-hover opacity   vc_box_border_grey\"><img width=\"828\" height=\"497\" src=\"https:\/\/lpr.de\/de\/wp-content\/uploads\/sites\/3\/2026\/04\/infrastructure-1-1.webp\" class=\"vc_single_image-img attachment-full\" alt=\"energy infrastructure\" title=\"infrastructure (1)\" srcset=\"https:\/\/lpr.de\/de\/wp-content\/uploads\/sites\/3\/2026\/04\/infrastructure-1-1.webp 828w, https:\/\/lpr.de\/de\/wp-content\/uploads\/sites\/3\/2026\/04\/infrastructure-1-1-300x180.webp 300w, https:\/\/lpr.de\/de\/wp-content\/uploads\/sites\/3\/2026\/04\/infrastructure-1-1-768x461.webp 768w\" sizes=\"(max-width: 828px) 100vw, 828px\" \/><\/a>\n\t\t<\/figure>\n\t<\/div>\n<a href=\"\/de\/industries\/infrastructure\/\" class=\"vcex-button theme-button inline nudge\"><span class=\"vcex-button-inner theme-button-inner wpex-flex wpex-flex-wrap wpex-items-center wpex-justify-center\">Infrastruktur<\/span><\/a> <\/div><\/div><\/div><\/div><div class=\"vc_row wpb_row vc_inner vc_row-fluid imageLinks wpex-relative wpex-vc_row-col-mb-0\"><div class=\"wpb_column vc_column_container vc_col-sm-3\"><div class=\"vc_column-inner\"><div class=\"wpb_wrapper\">\n\t<div  class=\"wpb_single_image wpb_content_element vc_align_ wpb_content_element\">\n\t\t\n\t\t<figure class=\"wpb_wrapper vc_figure\">\n\t\t\t<a href=\"\/de\/industries\/materials-handling\/\" target=\"_self\" class=\"vc_single_image-wrapper wpex-image-hover opacity   vc_box_border_grey\"><img width=\"828\" height=\"497\" src=\"https:\/\/lpr.de\/de\/wp-content\/uploads\/sites\/3\/2026\/04\/mat-handling.webp\" class=\"vc_single_image-img attachment-full\" alt=\"forklift in warehouse\" title=\"mat-handling\" srcset=\"https:\/\/lpr.de\/de\/wp-content\/uploads\/sites\/3\/2026\/04\/mat-handling.webp 828w, https:\/\/lpr.de\/de\/wp-content\/uploads\/sites\/3\/2026\/04\/mat-handling-300x180.webp 300w, https:\/\/lpr.de\/de\/wp-content\/uploads\/sites\/3\/2026\/04\/mat-handling-768x461.webp 768w\" sizes=\"(max-width: 828px) 100vw, 828px\" \/><\/a>\n\t\t<\/figure>\n\t<\/div>\n<a href=\"\/de\/industries\/materials-handling\/\" class=\"vcex-button theme-button inline nudge\"><span class=\"vcex-button-inner theme-button-inner wpex-flex wpex-flex-wrap wpex-items-center wpex-justify-center\">Material Handling<\/span><\/a> <\/div><\/div><\/div><div class=\"wpb_column vc_column_container vc_col-sm-3\"><div class=\"vc_column-inner\"><div class=\"wpb_wrapper\">\n\t<div  class=\"wpb_single_image wpb_content_element vc_align_ wpb_content_element\">\n\t\t\n\t\t<figure class=\"wpb_wrapper vc_figure\">\n\t\t\t<a href=\"\/de\/industries\/engineering\/\" target=\"_self\" class=\"vc_single_image-wrapper wpex-image-hover opacity   vc_box_border_grey\"><img width=\"829\" height=\"497\" src=\"https:\/\/lpr.de\/de\/wp-content\/uploads\/sites\/3\/2026\/04\/engineering.webp\" class=\"vc_single_image-img attachment-full\" alt=\"Engineer\" title=\"engineering\" srcset=\"https:\/\/lpr.de\/de\/wp-content\/uploads\/sites\/3\/2026\/04\/engineering.webp 829w, https:\/\/lpr.de\/de\/wp-content\/uploads\/sites\/3\/2026\/04\/engineering-300x180.webp 300w, https:\/\/lpr.de\/de\/wp-content\/uploads\/sites\/3\/2026\/04\/engineering-768x460.webp 768w\" sizes=\"(max-width: 829px) 100vw, 829px\" \/><\/a>\n\t\t<\/figure>\n\t<\/div>\n<a href=\"\/de\/industries\/engineering\/\" class=\"vcex-button theme-button inline nudge\"><span class=\"vcex-button-inner theme-button-inner wpex-flex wpex-flex-wrap wpex-items-center wpex-justify-center\">Engineering<\/span><\/a> <\/div><\/div><\/div><div class=\"wpb_column vc_column_container vc_col-sm-3\"><div class=\"vc_column-inner\"><div class=\"wpb_wrapper\">\n\t<div  class=\"wpb_single_image wpb_content_element vc_align_ wpb_content_element\">\n\t\t\n\t\t<figure class=\"wpb_wrapper vc_figure\">\n\t\t\t<a href=\"\/de\/industries\/automotive\/\" target=\"_self\" class=\"vc_single_image-wrapper wpex-image-hover opacity   vc_box_border_grey\"><img width=\"829\" height=\"497\" src=\"https:\/\/lpr.de\/de\/wp-content\/uploads\/sites\/3\/2026\/04\/automotive.webp\" class=\"vc_single_image-img attachment-full\" alt=\"Car manufacturing\" title=\"automotive\" srcset=\"https:\/\/lpr.de\/de\/wp-content\/uploads\/sites\/3\/2026\/04\/automotive.webp 829w, https:\/\/lpr.de\/de\/wp-content\/uploads\/sites\/3\/2026\/04\/automotive-300x180.webp 300w, https:\/\/lpr.de\/de\/wp-content\/uploads\/sites\/3\/2026\/04\/automotive-768x460.webp 768w\" sizes=\"(max-width: 829px) 100vw, 829px\" \/><\/a>\n\t\t<\/figure>\n\t<\/div>\n<a href=\"\/de\/industries\/automotive\" class=\"vcex-button theme-button inline nudge\"><span class=\"vcex-button-inner theme-button-inner wpex-flex wpex-flex-wrap wpex-items-center wpex-justify-center\">Automotive<\/span><\/a> <\/div><\/div><\/div><div class=\"wpb_column vc_column_container vc_col-sm-3\"><div class=\"vc_column-inner\"><div class=\"wpb_wrapper\">\n\t<div  class=\"wpb_single_image wpb_content_element vc_align_ wpb_content_element\">\n\t\t\n\t\t<figure class=\"wpb_wrapper vc_figure\">\n\t\t\t<a href=\"\/de\/industries\/office-devices\/\" target=\"_self\" class=\"vc_single_image-wrapper wpex-image-hover opacity   vc_box_border_grey\"><img width=\"828\" height=\"497\" src=\"https:\/\/lpr.de\/de\/wp-content\/uploads\/sites\/3\/2026\/04\/office-devices.webp\" class=\"vc_single_image-img attachment-full\" alt=\"Office printer\" title=\"office-devices\" srcset=\"https:\/\/lpr.de\/de\/wp-content\/uploads\/sites\/3\/2026\/04\/office-devices.webp 828w, https:\/\/lpr.de\/de\/wp-content\/uploads\/sites\/3\/2026\/04\/office-devices-300x180.webp 300w, https:\/\/lpr.de\/de\/wp-content\/uploads\/sites\/3\/2026\/04\/office-devices-768x461.webp 768w\" sizes=\"(max-width: 828px) 100vw, 828px\" \/><\/a>\n\t\t<\/figure>\n\t<\/div>\n<a href=\"\/de\/industries\/office-devices\" class=\"vcex-button theme-button inline nudge\"><span class=\"vcex-button-inner theme-button-inner wpex-flex wpex-flex-wrap wpex-items-center wpex-justify-center\">Office devices<\/span><\/a> <\/div><\/div><\/div><\/div><\/div><\/div><\/div><\/div><\/div>[\/vc_column][\/vc_row][vc_row content_placement=&#8221;middle&#8221; column_spacing=&#8221;60&#8243;][vc_column width=&#8221;1\/2&#8243;][vc_single_image image=&#8221;35&#8243; css=&#8221;&#8221;][\/vc_column][vc_column width=&#8221;1\/2&#8243;]<h2 class=\"vcex-heading vcex-heading-plain vcex-module wpex-heading wpex-text-2xl yellow\"><span class=\"vcex-heading-inner wpex-inline-block\">Unsere Diensteistungen im After-Sales<\/span><\/h2>[vc_row_inner el_class=&#8221;salesServiceButtons&#8221;][vc_column_inner width=&#8221;1\/2&#8243;]<a href=\"\/de\/services\/fsl-forward-stocking-locations\/\" class=\"vcex-button theme-button inline solid widebut\"><span class=\"vcex-button-inner theme-button-inner wpex-flex wpex-flex-wrap wpex-items-center wpex-justify-center\">Ersatzteillogistik<\/span><\/a> <a href=\"\/de\/services\/nightexpress\/\" class=\"vcex-button theme-button inline solid widebut\"><span class=\"vcex-button-inner theme-button-inner wpex-flex wpex-flex-wrap wpex-items-center wpex-justify-center\">Nachtexpress<\/span><\/a> <a href=\"\/de\/services\/warehousing\/\" class=\"vcex-button theme-button inline solid widebut\"><span class=\"vcex-button-inner theme-button-inner wpex-flex wpex-flex-wrap wpex-items-center wpex-justify-center\">Warehousing<\/span><\/a> [\/vc_column_inner][vc_column_inner width=&#8221;1\/2&#8243;]<a href=\"\/de\/services\/on-site-service\/\" class=\"vcex-button theme-button inline solid widebut\"><span class=\"vcex-button-inner theme-button-inner wpex-flex wpex-flex-wrap wpex-items-center wpex-justify-center\">Field service<\/span><\/a> <a href=\"\/de\/services\/technical-end-user-helpdesk\/\" class=\"vcex-button theme-button inline solid widebut\"><span class=\"vcex-button-inner theme-button-inner wpex-flex wpex-flex-wrap wpex-items-center wpex-justify-center\">Technisches Helpdesk<\/span><\/a> <a href=\"\/de\/services\/rollout-installation\/\" class=\"vcex-button theme-button inline solid widebut\"><span class=\"vcex-button-inner theme-button-inner wpex-flex wpex-flex-wrap wpex-items-center wpex-justify-center\">Installation<\/span><\/a> [\/vc_column_inner][\/vc_row_inner][\/vc_column][\/vc_row][vc_row full_width=&#8221;stretch_row&#8221; remove_bottom_col_margin=&#8221;true&#8221; css=&#8221;.vc_custom_1777312445105{background-color: #f2f2f2 !important;}&#8221; el_class=&#8221;logoSlider&#8221;][vc_column][vc_row_inner el_class=&#8221;logoSliderText&#8221;][vc_column_inner width=&#8221;1\/12&#8243;][\/vc_column_inner][vc_column_inner el_class=&#8221;logoSliderContent&#8221; width=&#8221;10\/12&#8243;]<h3 class=\"vcex-heading vcex-heading-plain vcex-module wpex-heading wpex-text-2xl wpex-text-center trustedTitle\"><span class=\"vcex-heading-inner wpex-inline-block\">Vertrauensvoller Partner f\u00fcr Hersteller, H\u00e4ndler und Technologieanbieter in Europa.<\/span><\/h3>[vc_column_text css=&#8221;&#8221;]\n<p style=\"text-align: center;\">Wir unterst\u00fctzen Unternehmen, die auf strukturierte Logistik und technischen Service angewiesen sind, um operative Stabilit\u00e4t und Kundenzufriedenheit nachhaltig sicherzustellen<\/p>\n[\/vc_column_text][\/vc_column_inner][vc_column_inner width=&#8221;1\/12&#8243;][\/vc_column_inner][\/vc_row_inner][\/vc_column][\/vc_row]\n<\/div>","protected":false},"excerpt":{"rendered":"Wo Logistik auf technischen Service trifft. Nahtlos. Europaweit.Kontakt aufnehmen UNSERE KERNLEISTUNGENDrei Disziplinen. Ein integriertes Betriebsmodell. LPR bietet zeitkritische Logistik, technischen Field Service und infrastrukturelle Dienstleistungen als klar definierte Einzelleistungen. Je nach Anforderung k\u00f6nnen diese unabh\u00e4ngig voneinander eingesetzt oder zu einem integrierten Gesamtsystem verbunden werden. So behalten Sie die Flexibilit\u00e4t in der Steuerung \u2013 und profitieren&hellip;","protected":false},"author":1,"featured_media":0,"parent":0,"menu_order":0,"comment_status":"closed","ping_status":"closed","template":"","meta":{"inline_featured_image":false,"footnotes":""},"class_list":["post-25","page","type-page","status-publish","hentry","entry","no-media"],"_links":{"self":[{"href":"https:\/\/lpr.de\/de\/wp-json\/wp\/v2\/pages\/25","targetHints":{"allow":["GET"]}}],"collection":[{"href":"https:\/\/lpr.de\/de\/wp-json\/wp\/v2\/pages"}],"about":[{"href":"https:\/\/lpr.de\/de\/wp-json\/wp\/v2\/types\/page"}],"author":[{"embeddable":true,"href":"https:\/\/lpr.de\/de\/wp-json\/wp\/v2\/users\/1"}],"replies":[{"embeddable":true,"href":"https:\/\/lpr.de\/de\/wp-json\/wp\/v2\/comments?post=25"}],"version-history":[{"count":54,"href":"https:\/\/lpr.de\/de\/wp-json\/wp\/v2\/pages\/25\/revisions"}],"predecessor-version":[{"id":862,"href":"https:\/\/lpr.de\/de\/wp-json\/wp\/v2\/pages\/25\/revisions\/862"}],"wp:attachment":[{"href":"https:\/\/lpr.de\/de\/wp-json\/wp\/v2\/media?parent=25"}],"curies":[{"name":"wp","href":"https:\/\/api.w.org\/{rel}","templated":true}]}}