{"id":219,"date":"2026-04-08T16:49:51","date_gmt":"2026-04-08T16:49:51","guid":{"rendered":"https:\/\/lpr.de\/de\/?page_id=219"},"modified":"2026-04-22T13:39:33","modified_gmt":"2026-04-22T13:39:33","slug":"office-devices","status":"publish","type":"page","link":"https:\/\/lpr.de\/de\/industries\/office-devices\/","title":{"rendered":"B\u00fcrotechnik"},"content":{"rendered":"<div class=\"wpb-content-wrapper\">[vc_row content_placement=&#8221;middle&#8221; column_spacing=&#8221;50&#8243;][vc_column width=&#8221;1\/2&#8243;]<figure class=\"vcex-image vcex-module\"><div class=\"vcex-image-inner wpex-relative wpex-inline-block\"><img width=\"900\" height=\"900\" src=\"https:\/\/lpr.de\/de\/wp-content\/uploads\/sites\/3\/2026\/04\/office-1.webp\" class=\"vcex-image-img wpex-align-middle wpex-aspect-4-3 wpex-object-cover\" alt=\"office installation\" loading=\"lazy\" decoding=\"async\" srcset=\"https:\/\/lpr.de\/de\/wp-content\/uploads\/sites\/3\/2026\/04\/office-1.webp 900w, https:\/\/lpr.de\/de\/wp-content\/uploads\/sites\/3\/2026\/04\/office-1-300x300.webp 300w, https:\/\/lpr.de\/de\/wp-content\/uploads\/sites\/3\/2026\/04\/office-1-150x150.webp 150w, https:\/\/lpr.de\/de\/wp-content\/uploads\/sites\/3\/2026\/04\/office-1-768x768.webp 768w\" sizes=\"auto, (max-width: 900px) 100vw, 900px\" \/><\/div><\/figure>[\/vc_column][vc_column width=&#8221;1\/2&#8243;]<h2 class=\"vcex-heading vcex-heading-plain vcex-module wpex-heading wpex-text-2xl\"><span class=\"vcex-heading-inner wpex-inline-block\">Hohe Betriebsstabilit\u00e4t f\u00fcr Office-Infrastrukturen.<\/span><\/h2>[vc_column_text css=&#8221;&#8221; el_class=&#8221;removepad&#8221;]Drucker, Scanner, MFPs, Digitalisierungsl\u00f6sungen und PC-Systeme m\u00fcssen im Alltag zuverl\u00e4ssig laufen \u2013 an Zentralstandorten, Filialen und im Homeoffice. Ausf\u00e4lle st\u00f6ren Abl\u00e4ufe, erzeugen Tickets und kosten Zeit im gesamten Unternehmen.<\/p>\n<p>Gleichzeitig stehen Service- und Logistikteams unter Kostendruck, m\u00fcssen strenge SLA-Anforderungen einhalten und neue Ger\u00e4tegenerationen sauber ausrollen.<\/p>\n<p>LPR verbindet Logistik und Field Service so, dass Reparatureins\u00e4tze optimiert, Rollouts transparent und Ger\u00e4te beim Endkunden m\u00f6glichst verf\u00fcgbar bleiben.<br \/>\n[\/vc_column_text][\/vc_column][\/vc_row][vc_row content_placement=&#8221;middle&#8221; column_spacing=&#8221;50&#8243; el_class=&#8221;swap-on-mobile&#8221;][vc_column width=&#8221;1\/2&#8243;]<h2 class=\"vcex-heading vcex-heading-plain vcex-module wpex-heading wpex-text-2xl\"><span class=\"vcex-heading-inner wpex-inline-block\">Integrierte Service- und Logistikstrukturen f\u00fcr Office Devices.<\/span><\/h2>[vc_column_text css=&#8221;&#8221; el_class=&#8221;removepad&#8221;]Office-Infrastrukturen erfordern abgestimmten Vor-Ort-Service, Werkstattabwicklung und strukturierte Logistik. Neben Rollouts neuer Ger\u00e4tegenerationen sichern vor allem Reparaturen, Ersatzteilversorgung und schnelle Reaktionszeiten die Verf\u00fcgbarkeit im Alltag.<\/p>\n<p>LPR verbindet On-Site-Service, Repair Center, Nachtexpress, Field Stock Locations (FSL) und Warehouse zu einer integrierten Struktur. Serviceeins\u00e4tze, Teilelogistik und R\u00fcckf\u00fchrungsprozesse greifen ineinander und bleiben zentral steuerbar.<\/p>\n<p>So entsteht Transparenz \u00fcber die gesamte Servicekette \u2013 mit klarer Koordination, nachvollziehbarer Dokumentation und planbarer Ger\u00e4teverf\u00fcgbarkeit.<br \/>\n[\/vc_column_text][\/vc_column][vc_column width=&#8221;1\/2&#8243;]<figure class=\"vcex-image vcex-module\"><div class=\"vcex-image-inner wpex-relative wpex-inline-block\"><img width=\"900\" height=\"900\" src=\"https:\/\/lpr.de\/de\/wp-content\/uploads\/sites\/3\/2026\/04\/office-2.webp\" class=\"vcex-image-img wpex-align-middle wpex-aspect-4-3 wpex-object-cover\" alt=\"fixing office equipment\" loading=\"lazy\" decoding=\"async\" srcset=\"https:\/\/lpr.de\/de\/wp-content\/uploads\/sites\/3\/2026\/04\/office-2.webp 900w, https:\/\/lpr.de\/de\/wp-content\/uploads\/sites\/3\/2026\/04\/office-2-300x300.webp 300w, https:\/\/lpr.de\/de\/wp-content\/uploads\/sites\/3\/2026\/04\/office-2-150x150.webp 150w, https:\/\/lpr.de\/de\/wp-content\/uploads\/sites\/3\/2026\/04\/office-2-768x768.webp 768w\" sizes=\"auto, (max-width: 900px) 100vw, 900px\" \/><\/div><\/figure>[\/vc_column][\/vc_row][vc_row column_spacing=&#8221;60&#8243;][vc_column width=&#8221;1\/2&#8243;]<span class=\"vcex-heading vcex-heading-plain vcex-module wpex-heading wpex-text-2xl largeSectorCallout\"><span class=\"vcex-heading-inner wpex-inline-block\">Was Anbieter mit LPR gewinnen<\/span><\/span>[\/vc_column][vc_column width=&#8221;1\/2&#8243;][vc_column_text css=&#8221;&#8221; el_class=&#8221;sectorList&#8221;]\n<ul>\n<li>Optimierte Reparatureins\u00e4tze durch abgestimmte Teilelogistik und Technikersteuerung<\/li>\n<li>H\u00f6here Ger\u00e4teverf\u00fcgbarkeit beim Endkunden durch stabile Service- und Logistikprozesse<\/li>\n<li>Transparente Rollouts neuer Ger\u00e4tegenerationen mit klaren Status und Nachweisen<\/li>\n<li>Einheitliche Serviceerfahrung \u00fcber Standorte und Ger\u00e4tegruppen hinweg<\/li>\n<li>Nachvollziehbare, belegbare Dokumentation f\u00fcr Audits, Compliance und SLA<\/li>\n<li>Ersatzteile planbar vor Arbeitsbeginn an Servicetechniker, Warendepots, Parcel-Locker oder PUDO geliefert<\/li>\n<li>Flexibilit\u00e4t, einzelne Bausteine oder komplette End-to-End-L\u00f6sungen zu kombinieren<\/li>\n<\/ul>\n[\/vc_column_text][\/vc_column][\/vc_row][vc_row column_spacing=&#8221;60&#8243; gap=&#8221;35&#8243; equal_height=&#8221;yes&#8221; remove_bottom_col_margin=&#8221;true&#8221; el_class=&#8221;iconTileHolder&#8221;][vc_column width=&#8221;1\/3&#8243;][vc_row_inner][vc_column_inner el_class=&#8221;iconTile supplychainTile&#8221;][vc_single_image image=&#8221;777&#8243; alignment=&#8221;center&#8221; css=&#8221;&#8221;]<h3 class=\"vcex-heading vcex-heading-plain vcex-module wpex-heading wpex-text-2xl wpex-text-center iconTileHolder\"><span class=\"vcex-heading-inner wpex-inline-block\">Reparaturen, die sich lohnen<\/span><\/h3>[vc_column_text css=&#8221;&#8221;]Teile sind rechtzeitig vor Ort, Techniker kommen mit dem richtigen Material, Eins\u00e4tze lassen sich besser planen und bewerten.[\/vc_column_text][\/vc_column_inner][\/vc_row_inner][\/vc_column][vc_column width=&#8221;1\/3&#8243;][vc_row_inner][vc_column_inner el_class=&#8221;iconTile supplychainTile&#8221;][vc_single_image image=&#8221;762&#8243; alignment=&#8221;center&#8221; css=&#8221;&#8221;]<h3 class=\"vcex-heading vcex-heading-plain vcex-module wpex-heading wpex-text-2xl wpex-text-center iconTileHolder\"><span class=\"vcex-heading-inner wpex-inline-block\">Rollouts ohne Blindflug<\/span><\/h3>[vc_column_text css=&#8221;&#8221;]Jede Phase \u2013 von der Auslieferung bis zur Inbetriebnahme \u2013 ist dokumentiert und nachvollziehbar. F\u00fcr Projektteams und Management.[\/vc_column_text][\/vc_column_inner][\/vc_row_inner][\/vc_column][vc_column width=&#8221;1\/3&#8243;][vc_row_inner][vc_column_inner el_class=&#8221;iconTile supplychainTile&#8221;][vc_single_image image=&#8221;778&#8243; alignment=&#8221;center&#8221; css=&#8221;&#8221;]<h3 class=\"vcex-heading vcex-heading-plain vcex-module wpex-heading wpex-text-2xl wpex-text-center iconTileHolder\"><span class=\"vcex-heading-inner wpex-inline-block\">Ruhigere Supportlandschaft<\/span><\/h3>[vc_column_text css=&#8221;&#8221;]Weniger ungeplante Ausf\u00e4lle bedeuten weniger Tickets und ein konsistenteres Nutzererlebnis an Druckern, Scannern und Arbeitsplatzsystemen.[\/vc_column_text][\/vc_column_inner][\/vc_row_inner][\/vc_column][\/vc_row][vc_row remove_bottom_col_margin=&#8221;true&#8221; el_class=&#8221;callout&#8221; css=&#8221;.vc_custom_1776617385315{background-image: url(https:\/\/lpr.de\/de\/wp-content\/uploads\/sites\/3\/2026\/04\/office-devices-cta.webp?id=422) !important;background-position: center !important;background-repeat: no-repeat !important;background-size: cover !important;}&#8221;][vc_column width=&#8221;3\/4&#8243;]<h2 class=\"vcex-heading vcex-heading-plain vcex-module wpex-heading wpex-text-2xl white\"><span class=\"vcex-heading-inner wpex-inline-block\">Sprechen wir \u00fcber Ihre Serviceanforderungen.<\/span><\/h2>[\/vc_column][vc_column width=&#8221;1\/4&#8243;]<a href=\"\/de\/contact\/\" class=\"vcex-button theme-button inline solid widebut\"><span class=\"vcex-button-inner theme-button-inner wpex-flex wpex-flex-wrap wpex-items-center wpex-justify-center\">Kontakt aufnehmen<\/span><\/a> [\/vc_column][\/vc_row][vc_row remove_bottom_col_margin=&#8221;true&#8221;][vc_column]<h2 class=\"vcex-heading vcex-heading-plain vcex-module wpex-heading wpex-text-2xl\"><span class=\"vcex-heading-inner wpex-inline-block\">Kernservices f\u00fcr B\u00fcrotechnik<\/span><\/h2>[vc_column_text css=&#8221;&#8221;]W\u00e4hlen Sie die Bausteine, die Sie f\u00fcr Ihre Kunden ben\u00f6tigen \u2013 von gezielten Reparaturen bis zur zentralen Servicekoordination.[\/vc_column_text][vc_row_inner remove_bottom_col_margin=&#8221;true&#8221; el_class=&#8221;relatedLinks&#8221;][vc_column_inner width=&#8221;1\/4&#8243;][vc_single_image image=&#8221;193&#8243; onclick=&#8221;custom_link&#8221; css=&#8221;&#8221; link=&#8221;\/de\/services\/on-site-service\/&#8221;]<h5 class=\"vcex-heading vcex-heading-plain vcex-module wpex-heading wpex-text-2xl\"><a href=\"\/services\/on-site-service\/\" class=\"wpex-no-underline\" target=\"_self\"><span class=\"vcex-heading-inner wpex-inline-block\">On-Site Reparaturen<\/span><\/a><\/h5>[vc_column_text css=&#8221;&#8221;]Vor-Ort-Reparaturen, abgestimmt auf Ihre Ger\u00e4teflotte, mit optimierter Teileversorgung und klarer Einsatzplanung.[\/vc_column_text][\/vc_column_inner][vc_column_inner width=&#8221;1\/4&#8243;][vc_single_image image=&#8221;191&#8243; onclick=&#8221;custom_link&#8221; css=&#8221;&#8221; link=&#8221;\/de\/services\/rollout-installation\/&#8221;]<h5 class=\"vcex-heading vcex-heading-plain vcex-module wpex-heading wpex-text-2xl\"><a href=\"\/services\/rollout-installation\/\" class=\"wpex-no-underline\" target=\"_self\"><span class=\"vcex-heading-inner wpex-inline-block\">Rollout und Installation<\/span><\/a><\/h5>[vc_column_text css=&#8221;&#8221;]Strukturierte Installationen und Inbetriebnahmen neuer Ger\u00e4tegenerationen \u2013 planbar \u00fcber Standorte und L\u00e4nder hinweg.[\/vc_column_text][\/vc_column_inner][vc_column_inner width=&#8221;1\/4&#8243;][vc_single_image image=&#8221;194&#8243; onclick=&#8221;custom_link&#8221; css=&#8221;&#8221; link=&#8221;\/de\/services\/technical-end-user-helpdesk\/&#8221;]<h5 class=\"vcex-heading vcex-heading-plain vcex-module wpex-heading wpex-text-2xl\"><a href=\"\/services\/technical-end-user-helpdesk\/\" class=\"wpex-no-underline\" target=\"_self\"><span class=\"vcex-heading-inner wpex-inline-block\">Technisches End-User Helpdesk<\/span><\/a><\/h5>[vc_column_text css=&#8221;&#8221;]Technischer Helpdesk, der Vorqualifizierung, Remote-L\u00f6sungen und Field-Eins\u00e4tze effizient verbindet.[\/vc_column_text][\/vc_column_inner][vc_column_inner width=&#8221;1\/4&#8243;][vc_single_image image=&#8221;195&#8243; onclick=&#8221;custom_link&#8221; css=&#8221;&#8221; link=&#8221;\/de\/services\/technical-repair-centre\/&#8221;]<h5 class=\"vcex-heading vcex-heading-plain vcex-module wpex-heading wpex-text-2xl\"><a href=\"\/services\/technical-repair-centre\/\" class=\"wpex-no-underline\" target=\"_self\"><span class=\"vcex-heading-inner wpex-inline-block\">Technisches Repair Center<\/span><\/a><\/h5>[vc_column_text css=&#8221;&#8221;]Zentrales Repair Center f\u00fcr mobile Komponenten und Ger\u00e4te, inklusive Dokumentation und R\u00fcckf\u00fchrung in Ihren Bestand.[\/vc_column_text][\/vc_column_inner][\/vc_row_inner]<div class=\"vcex-module vcex-divider vcex-divider-solid vcex-divider-center wpex-mx-auto wpex-block wpex-h-0 wpex-border-b wpex-border-solid wpex-border-main\" style=\"margin-block-start:40px;border-bottom-width:2px;border-color:#0f329b;\"><\/div>[\/vc_column][\/vc_row][vc_row remove_bottom_col_margin=&#8221;true&#8221;][vc_column]<div class=\"templatera_shortcode\"><div class=\"vc_row wpb_row vc_row-fluid relatedLinks wpex-relative\"><div class=\"wpb_column vc_column_container vc_col-sm-4\"><div class=\"vc_column-inner\"><div class=\"wpb_wrapper\">\n\t<div  class=\"wpb_single_image wpb_content_element vc_align_ wpb_content_element\">\n\t\t\n\t\t<figure class=\"wpb_wrapper vc_figure\">\n\t\t\t<a href=\"\/de\/why-lpr\/\" target=\"_self\" class=\"vc_single_image-wrapper wpex-image-hover opacity   vc_box_border_grey\"><img width=\"828\" height=\"497\" src=\"https:\/\/lpr.de\/de\/wp-content\/uploads\/sites\/3\/2026\/04\/why-lpr-1.webp\" class=\"vc_single_image-img attachment-full\" alt=\"LPR engineer\" title=\"why-lpr (1)\" srcset=\"https:\/\/lpr.de\/de\/wp-content\/uploads\/sites\/3\/2026\/04\/why-lpr-1.webp 828w, https:\/\/lpr.de\/de\/wp-content\/uploads\/sites\/3\/2026\/04\/why-lpr-1-300x180.webp 300w, https:\/\/lpr.de\/de\/wp-content\/uploads\/sites\/3\/2026\/04\/why-lpr-1-768x461.webp 768w\" sizes=\"(max-width: 828px) 100vw, 828px\" \/><\/a>\n\t\t<\/figure>\n\t<\/div>\n<h5 class=\"vcex-heading vcex-heading-plain vcex-module wpex-heading wpex-text-2xl\"><a href=\"\/de\/why-lpr\/\" class=\"wpex-no-underline\" target=\"_self\"><span class=\"vcex-heading-inner wpex-inline-block\">Warum LPR?<\/span><\/a><\/h5>\n\t<div class=\"wpb_text_column wpb_content_element\" >\n\t\t<div class=\"wpb_wrapper\">\n\t\t\t<p>Weil wir Ersatzteillogistik mit Vor-Ort-Services und Rollouts kombinieren und so Ihre Serviceorganisation ganzheitlich im Feld unterst\u00fctzen.<\/p>\n\n\t\t<\/div>\n\t<\/div>\n<\/div><\/div><\/div><div class=\"wpb_column vc_column_container vc_col-sm-4\"><div class=\"vc_column-inner\"><div class=\"wpb_wrapper\">\n\t<div  class=\"wpb_single_image wpb_content_element vc_align_ wpb_content_element\">\n\t\t\n\t\t<figure class=\"wpb_wrapper vc_figure\">\n\t\t\t<a href=\"\/de\/services\/\" target=\"_self\" class=\"vc_single_image-wrapper wpex-image-hover opacity   vc_box_border_grey\"><img width=\"828\" height=\"497\" src=\"https:\/\/lpr.de\/de\/wp-content\/uploads\/sites\/3\/2026\/04\/find-solution.webp\" class=\"vc_single_image-img attachment-full\" alt=\"driver in van\" title=\"find-solution\" srcset=\"https:\/\/lpr.de\/de\/wp-content\/uploads\/sites\/3\/2026\/04\/find-solution.webp 828w, https:\/\/lpr.de\/de\/wp-content\/uploads\/sites\/3\/2026\/04\/find-solution-300x180.webp 300w, https:\/\/lpr.de\/de\/wp-content\/uploads\/sites\/3\/2026\/04\/find-solution-768x461.webp 768w\" sizes=\"(max-width: 828px) 100vw, 828px\" \/><\/a>\n\t\t<\/figure>\n\t<\/div>\n<h5 class=\"vcex-heading vcex-heading-plain vcex-module wpex-heading wpex-text-2xl\"><a href=\"\/de\/services\/\" class=\"wpex-no-underline\" target=\"_self\"><span class=\"vcex-heading-inner wpex-inline-block\">Finden Sie Ihre L\u00f6sung<\/span><\/a><\/h5>\n\t<div class=\"wpb_text_column wpb_content_element\" >\n\t\t<div class=\"wpb_wrapper\">\n\t\t\t<p>Stellen Sie Ihr individuelles Setup aus Logistik- und Servicebausteinen zusammen \u2013 von einzelnen Leistungsbaustein bis zu End-to-End-Szenarien.<\/p>\n\n\t\t<\/div>\n\t<\/div>\n<\/div><\/div><\/div><div class=\"wpb_column vc_column_container vc_col-sm-4\"><div class=\"vc_column-inner\"><div class=\"wpb_wrapper\">\n\t<div  class=\"wpb_single_image wpb_content_element vc_align_ wpb_content_element\">\n\t\t\n\t\t<figure class=\"wpb_wrapper vc_figure\">\n\t\t\t<a href=\"\/de\/insights\/\" target=\"_self\" class=\"vc_single_image-wrapper wpex-image-hover opacity   vc_box_border_grey\"><img width=\"828\" height=\"497\" src=\"https:\/\/lpr.de\/de\/wp-content\/uploads\/sites\/3\/2026\/04\/insights-small.webp\" class=\"vc_single_image-img attachment-full\" alt=\"conveyor belt\" title=\"insights-small\" srcset=\"https:\/\/lpr.de\/de\/wp-content\/uploads\/sites\/3\/2026\/04\/insights-small.webp 828w, https:\/\/lpr.de\/de\/wp-content\/uploads\/sites\/3\/2026\/04\/insights-small-300x180.webp 300w, https:\/\/lpr.de\/de\/wp-content\/uploads\/sites\/3\/2026\/04\/insights-small-768x461.webp 768w\" sizes=\"(max-width: 828px) 100vw, 828px\" \/><\/a>\n\t\t<\/figure>\n\t<\/div>\n<h5 class=\"vcex-heading vcex-heading-plain vcex-module wpex-heading wpex-text-2xl\"><a href=\"\/de\/insights\/\" class=\"wpex-no-underline\" target=\"_self\"><span class=\"vcex-heading-inner wpex-inline-block\">Insights<\/span><\/a><\/h5>\n\t<div class=\"wpb_text_column wpb_content_element\" >\n\t\t<div class=\"wpb_wrapper\">\n\t\t\t<p>Entdecken Sie Praxisbeispiele, wie Retailer durch integrierte Logistik- und Serviceketten Verf\u00fcgbarkeit, Transparenz und Steuerbarkeit erh\u00f6hen.<\/p>\n\n\t\t<\/div>\n\t<\/div>\n<\/div><\/div><\/div><\/div><\/div>[\/vc_column][\/vc_row]\n<\/div>","protected":false},"excerpt":{"rendered":"Hohe Betriebsstabilit\u00e4t f\u00fcr Office-Infrastrukturen. Drucker, Scanner, MFPs, Digitalisierungsl\u00f6sungen und PC-Systeme m\u00fcssen im Alltag zuverl\u00e4ssig laufen \u2013 an Zentralstandorten, Filialen und im Homeoffice. Ausf\u00e4lle st\u00f6ren Abl\u00e4ufe, erzeugen Tickets und kosten Zeit im gesamten Unternehmen. Gleichzeitig stehen Service- und Logistikteams unter Kostendruck, m\u00fcssen strenge SLA-Anforderungen einhalten und neue Ger\u00e4tegenerationen sauber ausrollen. LPR verbindet Logistik und Field Service&hellip;","protected":false},"author":1,"featured_media":0,"parent":178,"menu_order":0,"comment_status":"closed","ping_status":"closed","template":"","meta":{"inline_featured_image":false,"footnotes":""},"class_list":["post-219","page","type-page","status-publish","hentry","entry","no-media"],"_links":{"self":[{"href":"https:\/\/lpr.de\/de\/wp-json\/wp\/v2\/pages\/219","targetHints":{"allow":["GET"]}}],"collection":[{"href":"https:\/\/lpr.de\/de\/wp-json\/wp\/v2\/pages"}],"about":[{"href":"https:\/\/lpr.de\/de\/wp-json\/wp\/v2\/types\/page"}],"author":[{"embeddable":true,"href":"https:\/\/lpr.de\/de\/wp-json\/wp\/v2\/users\/1"}],"replies":[{"embeddable":true,"href":"https:\/\/lpr.de\/de\/wp-json\/wp\/v2\/comments?post=219"}],"version-history":[{"count":12,"href":"https:\/\/lpr.de\/de\/wp-json\/wp\/v2\/pages\/219\/revisions"}],"predecessor-version":[{"id":807,"href":"https:\/\/lpr.de\/de\/wp-json\/wp\/v2\/pages\/219\/revisions\/807"}],"up":[{"embeddable":true,"href":"https:\/\/lpr.de\/de\/wp-json\/wp\/v2\/pages\/178"}],"wp:attachment":[{"href":"https:\/\/lpr.de\/de\/wp-json\/wp\/v2\/media?parent=219"}],"curies":[{"name":"wp","href":"https:\/\/api.w.org\/{rel}","templated":true}]}}