{"id":216,"date":"2026-04-08T16:44:12","date_gmt":"2026-04-08T16:44:12","guid":{"rendered":"https:\/\/lpr.de\/de\/?page_id=216"},"modified":"2026-04-22T10:22:00","modified_gmt":"2026-04-22T10:22:00","slug":"medtech","status":"publish","type":"page","link":"https:\/\/lpr.de\/de\/industries\/medtech\/","title":{"rendered":"Medizintechnik"},"content":{"rendered":"<div class=\"wpb-content-wrapper\">[vc_row content_placement=&#8221;middle&#8221; column_spacing=&#8221;50&#8243;][vc_column width=&#8221;1\/2&#8243;]<figure class=\"vcex-image vcex-module\"><div class=\"vcex-image-inner wpex-relative wpex-inline-block\"><img width=\"900\" height=\"900\" src=\"https:\/\/lpr.de\/de\/wp-content\/uploads\/sites\/3\/2026\/04\/med-tech-1.webp\" class=\"vcex-image-img wpex-align-middle\" alt=\"using medical equipment\" loading=\"lazy\" decoding=\"async\" srcset=\"https:\/\/lpr.de\/de\/wp-content\/uploads\/sites\/3\/2026\/04\/med-tech-1.webp 900w, https:\/\/lpr.de\/de\/wp-content\/uploads\/sites\/3\/2026\/04\/med-tech-1-300x300.webp 300w, https:\/\/lpr.de\/de\/wp-content\/uploads\/sites\/3\/2026\/04\/med-tech-1-150x150.webp 150w, https:\/\/lpr.de\/de\/wp-content\/uploads\/sites\/3\/2026\/04\/med-tech-1-768x768.webp 768w\" sizes=\"auto, (max-width: 900px) 100vw, 900px\" \/><\/div><\/figure>[\/vc_column][vc_column width=&#8221;1\/2&#8243;]<h2 class=\"vcex-heading vcex-heading-plain vcex-module wpex-heading wpex-text-2xl\"><span class=\"vcex-heading-inner wpex-inline-block\">Medizintechnik: Logistik und Vor-Ort-Services zusammendenken.<\/span><\/h2>[vc_column_text css=&#8221;&#8221; el_class=&#8221;removepad&#8221;]Kliniken und Krankenh\u00e4usern muss alles funktionieren: Ersatzteile f\u00fcr medizintechnische Ger\u00e4te ebenso wie patientenspezifische Komponenten, Implantate und OP-Instrumente m\u00fcssen termingerecht verf\u00fcgbar sein. Serviceeins\u00e4tze m\u00fcssen abgestimmt, Rollouts sauber geplant werden. Logistik und Vor-Ort-Services greifen dabei direkt ineinander.<\/p>\n<p>LPR \u00fcbernimmt Wartung, Reparatur, Rollouts und Ersatzteillogistik \u2013 einzeln einsetzbar oder integriert gesteuert. Wir stimmen Umfang, Schnittstellen und Dokumentationsanforderungen pr\u00e4zise auf Ihr regulatorisches Umfeld ab.<br \/>\nDurch strukturierte Prozesse und revisionssichere Dokumentation entsteht eine belastbare Grundlage f\u00fcr Compliance, Transparenz und nachhaltige Betriebssicherheit bei Ihren Kunden.<br \/>\n[\/vc_column_text][\/vc_column][\/vc_row][vc_row content_placement=&#8221;middle&#8221; column_spacing=&#8221;50&#8243; el_class=&#8221;swap-on-mobile&#8221;][vc_column width=&#8221;1\/2&#8243;]<h2 class=\"vcex-heading vcex-heading-plain vcex-module wpex-heading wpex-text-2xl\"><span class=\"vcex-heading-inner wpex-inline-block\">Das richtige Team mit dem richtigen Material \u2013 zur richtigen Zeit<\/span><\/h2>[vc_column_text css=&#8221;&#8221; el_class=&#8221;removepad&#8221;]Serviceeins\u00e4tze scheitern selten an der Motivation, sondern an fehlenden Teilen, unklaren Zeitfenstern oder schlecht abgestimmten Prozessen. LPR richtet den After-Sales-Service so aus, dass Ihre Serviceorganisation diese Punkte im Griff beh\u00e4lt.<\/p>\n<p>Servicerelevante Ersatzteile sowie patientenspezifische Komponenten, Implantate und OP-Instrumente werden \u00fcber Nachtexpress an abgestimmte \u00dcbergabepunkte in Kliniken oder direkt zum Servicetechniker geliefert. Parallel unterst\u00fctzen wir Sie bei der Organisation von Vor-Ort-Reparaturen, Wartungen und auf Wunsch auch mit koordinierten Rollouts \u2013 mit klaren SLA, definierten Ansprechpartnern und nachvollziehbarer Dokumentation.<br \/>\n[\/vc_column_text][\/vc_column][vc_column width=&#8221;1\/2&#8243;]<figure class=\"vcex-image vcex-module\"><div class=\"vcex-image-inner wpex-relative wpex-inline-block\"><img width=\"900\" height=\"900\" src=\"https:\/\/lpr.de\/de\/wp-content\/uploads\/sites\/3\/2026\/04\/med-tech-2.webp\" class=\"vcex-image-img wpex-align-middle\" alt=\"installing medical equipment\" loading=\"lazy\" decoding=\"async\" srcset=\"https:\/\/lpr.de\/de\/wp-content\/uploads\/sites\/3\/2026\/04\/med-tech-2.webp 900w, https:\/\/lpr.de\/de\/wp-content\/uploads\/sites\/3\/2026\/04\/med-tech-2-300x300.webp 300w, https:\/\/lpr.de\/de\/wp-content\/uploads\/sites\/3\/2026\/04\/med-tech-2-150x150.webp 150w, https:\/\/lpr.de\/de\/wp-content\/uploads\/sites\/3\/2026\/04\/med-tech-2-768x768.webp 768w\" sizes=\"auto, (max-width: 900px) 100vw, 900px\" \/><\/div><\/figure>[\/vc_column][\/vc_row][vc_row column_spacing=&#8221;60&#8243;][vc_column width=&#8221;1\/2&#8243;]<span class=\"vcex-heading vcex-heading-plain vcex-module wpex-heading wpex-text-2xl largeSectorCallout\"><span class=\"vcex-heading-inner wpex-inline-block\">Was Hersteller mit LPR gewinnen<\/span><\/span>[\/vc_column][vc_column width=&#8221;1\/2&#8243;][vc_column_text css=&#8221;&#8221; el_class=&#8221;sectorList&#8221;]\n<ul>\n<li>Planbare Techniker- und Serviceeins\u00e4tze durch klar definierte Prozesse, abgestimmte Terminsteuerung und gesicherte Teilebereitstellung.<\/li>\n<li>Strukturierte Ersatzteillogistik von europ\u00e4ischen Zentrallagern bis in Kliniken, Krankenh\u00e4user oder direkt zum Servicetechniker<\/li>\n<li>Flexible Belieferungsmodelle \u2013 von Kofferaum \u00fcber Station, bis PUDO oder Parcel Locker \u2013 erm\u00f6glichen dynamische Techniker-Disposition.<\/li>\n<li>Vor-Ort-Reparaturen in Ihrem Auftrag \u2013 fachgerecht durchgef\u00fchrt und revisionssicher dokumentiert.<\/li>\n<li>Koordinierte Rollouts f\u00fcr neue Ger\u00e4te und Standorte \u2013 abgestimmt auf klinische Betriebsabl\u00e4ufe.<\/li>\n<li>Transparente SLA-Steuerung durch strukturierte, auditf\u00e4hige Einsatzdokumentation.<\/li>\n<li>Skalierbare Servicebausteine f\u00fcr wachsende Ger\u00e4tebasen und neue Service- und Vertragsmodelle.<\/li>\n<li>Klar definierte Schnittstellen zwischen Ihnen, dem Betreiber und LPR \u2013 mit dokumentierten \u00dcbergaben und regulatorischer Konformit\u00e4t.<\/li>\n<\/ul>\n[\/vc_column_text][\/vc_column][\/vc_row][vc_row column_spacing=&#8221;60&#8243; gap=&#8221;35&#8243; equal_height=&#8221;yes&#8221; remove_bottom_col_margin=&#8221;true&#8221; el_class=&#8221;iconTileHolder&#8221;][vc_column width=&#8221;1\/3&#8243;][vc_row_inner][vc_column_inner el_class=&#8221;iconTile supplychainTile&#8221;][vc_single_image image=&#8221;777&#8243; alignment=&#8221;center&#8221; css=&#8221;&#8221;]<h3 class=\"vcex-heading vcex-heading-plain vcex-module wpex-heading wpex-text-2xl wpex-text-center iconTileHolder\"><span class=\"vcex-heading-inner wpex-inline-block\">F\u00fcr Hersteller und Betreiber<\/span><\/h3>[vc_column_text css=&#8221;&#8221;]Eine kombinierte Sicht auf Ersatzteillogistik, Vor-Ort-Services und Rollouts \u2013 mit klaren Zust\u00e4ndigkeiten und skalierbaren Strukturen.[\/vc_column_text][\/vc_column_inner][\/vc_row_inner][\/vc_column][vc_column width=&#8221;1\/3&#8243;][vc_row_inner][vc_column_inner el_class=&#8221;iconTile supplychainTile&#8221;][vc_single_image image=&#8221;780&#8243; alignment=&#8221;center&#8221; css=&#8221;&#8221;]<h3 class=\"vcex-heading vcex-heading-plain vcex-module wpex-heading wpex-text-2xl wpex-text-center iconTileHolder\"><span class=\"vcex-heading-inner wpex-inline-block\">F\u00fcr After-Sales Verantwortliche<\/span><\/h3>[vc_column_text css=&#8221;&#8221;]Serviceeins\u00e4tze mit abgestimmten Zeitfenstern und klarer Kommunikation \u2013 und m\u00f6glichst wenig Eingriff in den Klinikalltag.[\/vc_column_text][\/vc_column_inner][\/vc_row_inner][\/vc_column][vc_column width=&#8221;1\/3&#8243;][vc_row_inner][vc_column_inner el_class=&#8221;iconTile supplychainTile&#8221;][vc_single_image image=&#8221;781&#8243; alignment=&#8221;center&#8221; css=&#8221;&#8221;]<h3 class=\"vcex-heading vcex-heading-plain vcex-module wpex-heading wpex-text-2xl wpex-text-center iconTileHolder\"><span class=\"vcex-heading-inner wpex-inline-block\">F\u00fcr Klinikbetreiber und Krankenh\u00e4user<\/span><\/h3>[vc_column_text css=&#8221;&#8221;]Medizintechnik bleibt bei Ihren Kunden zuverl\u00e4ssig einsatzbereit \u2013 Wartung und Reparatur erfolgen im Hintergrund, ohne den Klinikbetrieb zu st\u00f6ren.[\/vc_column_text][\/vc_column_inner][\/vc_row_inner][\/vc_column][\/vc_row][vc_row remove_bottom_col_margin=&#8221;true&#8221; el_class=&#8221;callout&#8221; css=&#8221;.vc_custom_1776617476927{background-image: url(https:\/\/lpr.de\/de\/wp-content\/uploads\/sites\/3\/2026\/04\/medtech-cta.webp?id=424) !important;background-position: center !important;background-repeat: no-repeat !important;background-size: cover !important;}&#8221;][vc_column width=&#8221;3\/4&#8243;]<h2 class=\"vcex-heading vcex-heading-plain vcex-module wpex-heading wpex-text-2xl white\"><span class=\"vcex-heading-inner wpex-inline-block\">Sprechen wir \u00fcber Ihre Anforderungen.<\/span><\/h2>[\/vc_column][vc_column width=&#8221;1\/4&#8243;]<a href=\"\/de\/contact\/\" class=\"vcex-button theme-button inline solid widebut\"><span class=\"vcex-button-inner theme-button-inner wpex-flex wpex-flex-wrap wpex-items-center wpex-justify-center\">Kontakt aufnehmen<\/span><\/a> [\/vc_column][\/vc_row][vc_row remove_bottom_col_margin=&#8221;true&#8221;][vc_column]<h2 class=\"vcex-heading vcex-heading-plain vcex-module wpex-heading wpex-text-2xl\"><span class=\"vcex-heading-inner wpex-inline-block\">Kerndienstleistungen im Bereich Medizintechnik<\/span><\/h2>[vc_column_text css=&#8221;&#8221;]Kombinieren Sie Logistik und Vor-Ort-Services zu einer durchg\u00e4ngigen Servicekette \u2013 modular aufgebaut, nach Ihren Anforderungen.[\/vc_column_text][vc_row_inner remove_bottom_col_margin=&#8221;true&#8221; el_class=&#8221;relatedLinks&#8221;][vc_column_inner width=&#8221;1\/4&#8243;][vc_single_image image=&#8221;193&#8243; onclick=&#8221;custom_link&#8221; css=&#8221;&#8221; link=&#8221;\/de\/services\/on-site-service\/&#8221;]<h5 class=\"vcex-heading vcex-heading-plain vcex-module wpex-heading wpex-text-2xl\"><a href=\"\/de\/services\/on-site-service\/\" class=\"wpex-no-underline\" target=\"_self\"><span class=\"vcex-heading-inner wpex-inline-block\">Vor-Ort Services<\/span><\/a><\/h5>[vc_column_text css=&#8221;&#8221;]LPR \u00fcbernimmt Vor-Ort-Reparaturen und Wartungen in Kliniken, Praxen und Krankenh\u00e4usern \u2013 mit klaren SLA und strukturierter Dokumentation.[\/vc_column_text][\/vc_column_inner][vc_column_inner width=&#8221;1\/4&#8243;][vc_single_image image=&#8221;192&#8243; onclick=&#8221;custom_link&#8221; css=&#8221;&#8221; link=&#8221;\/de\/services\/nightexpress\/&#8221;]<h5 class=\"vcex-heading vcex-heading-plain vcex-module wpex-heading wpex-text-2xl\"><a href=\"\/de\/services\/nightexpress\/\" class=\"wpex-no-underline\" target=\"_self\"><span class=\"vcex-heading-inner wpex-inline-block\">Nachtexpress<\/span><\/a><\/h5>[vc_column_text css=&#8221;&#8221;]Zeitkritische Versorgung von Krankenh\u00e4usern, Kliniken und Serviceteams \u00fcber Nacht \u2013 als Basis f\u00fcr planbare Reparaturen und Wartungen.[\/vc_column_text][\/vc_column_inner][vc_column_inner width=&#8221;1\/4&#8243;][vc_single_image image=&#8221;195&#8243; onclick=&#8221;custom_link&#8221; css=&#8221;&#8221; link=&#8221;\/de\/services\/technical-repair-centre\/&#8221;]<h5 class=\"vcex-heading vcex-heading-plain vcex-module wpex-heading wpex-text-2xl\"><a href=\"\/de\/services\/technical-repair-centre\/\" class=\"wpex-no-underline\" target=\"_self\"><span class=\"vcex-heading-inner wpex-inline-block\">Technisches Repair Center<\/span><\/a><\/h5>[vc_column_text css=&#8221;&#8221;]Unser Repair Center f\u00fcr mobile medizintechnische Ger\u00e4te \u2013 eine kosteneffiziente und skalierbare L\u00f6sung f\u00fcr die Instandsetzung und Aufbereitung.[\/vc_column_text][\/vc_column_inner][vc_column_inner width=&#8221;1\/4&#8243;][vc_single_image image=&#8221;194&#8243; onclick=&#8221;custom_link&#8221; css=&#8221;&#8221; link=&#8221;\/de\/services\/technical-end-user-helpdesk\/&#8221;]<h5 class=\"vcex-heading vcex-heading-plain vcex-module wpex-heading wpex-text-2xl\"><a href=\"\/de\/services\/technical-end-user-helpdesk\/\" class=\"wpex-no-underline\" target=\"_self\"><span class=\"vcex-heading-inner wpex-inline-block\">Technisches End-User Helpdesk<\/span><\/a><\/h5>[vc_column_text css=&#8221;&#8221;]Unser technisches End-User-Helpdesk als erste Anlaufstelle: Remote Fehlersuche und L\u00f6sungsfindung oder, wenn n\u00f6tig, \u00dcbergabe an den Vor-Ort-Service \u2013 mit Fokus auf effiziente, kostensensible Fallbearbeitung.[\/vc_column_text][\/vc_column_inner][\/vc_row_inner]<div class=\"vcex-module vcex-divider vcex-divider-solid vcex-divider-center wpex-mx-auto wpex-block wpex-h-0 wpex-border-b wpex-border-solid wpex-border-main\" style=\"margin-block-start:40px;border-bottom-width:2px;border-color:#0f329b;\"><\/div>[\/vc_column][\/vc_row][vc_row remove_bottom_col_margin=&#8221;true&#8221;][vc_column]<div class=\"templatera_shortcode\"><div class=\"vc_row wpb_row vc_row-fluid relatedLinks wpex-relative\"><div class=\"wpb_column vc_column_container vc_col-sm-4\"><div class=\"vc_column-inner\"><div class=\"wpb_wrapper\">\n\t<div  class=\"wpb_single_image wpb_content_element vc_align_ wpb_content_element\">\n\t\t\n\t\t<figure class=\"wpb_wrapper vc_figure\">\n\t\t\t<a href=\"\/de\/why-lpr\/\" target=\"_self\" class=\"vc_single_image-wrapper wpex-image-hover opacity   vc_box_border_grey\"><img width=\"828\" height=\"497\" src=\"https:\/\/lpr.de\/de\/wp-content\/uploads\/sites\/3\/2026\/04\/why-lpr-1.webp\" class=\"vc_single_image-img attachment-full\" alt=\"LPR engineer\" title=\"why-lpr (1)\" srcset=\"https:\/\/lpr.de\/de\/wp-content\/uploads\/sites\/3\/2026\/04\/why-lpr-1.webp 828w, https:\/\/lpr.de\/de\/wp-content\/uploads\/sites\/3\/2026\/04\/why-lpr-1-300x180.webp 300w, https:\/\/lpr.de\/de\/wp-content\/uploads\/sites\/3\/2026\/04\/why-lpr-1-768x461.webp 768w\" sizes=\"(max-width: 828px) 100vw, 828px\" \/><\/a>\n\t\t<\/figure>\n\t<\/div>\n<h5 class=\"vcex-heading vcex-heading-plain vcex-module wpex-heading wpex-text-2xl\"><a href=\"\/de\/why-lpr\/\" class=\"wpex-no-underline\" target=\"_self\"><span class=\"vcex-heading-inner wpex-inline-block\">Warum LPR?<\/span><\/a><\/h5>\n\t<div class=\"wpb_text_column wpb_content_element\" >\n\t\t<div class=\"wpb_wrapper\">\n\t\t\t<p>Weil wir Ersatzteillogistik mit Vor-Ort-Services und Rollouts kombinieren und so Ihre Serviceorganisation ganzheitlich im Feld unterst\u00fctzen.<\/p>\n\n\t\t<\/div>\n\t<\/div>\n<\/div><\/div><\/div><div class=\"wpb_column vc_column_container vc_col-sm-4\"><div class=\"vc_column-inner\"><div class=\"wpb_wrapper\">\n\t<div  class=\"wpb_single_image wpb_content_element vc_align_ wpb_content_element\">\n\t\t\n\t\t<figure class=\"wpb_wrapper vc_figure\">\n\t\t\t<a href=\"\/de\/services\/\" target=\"_self\" class=\"vc_single_image-wrapper wpex-image-hover opacity   vc_box_border_grey\"><img width=\"828\" height=\"497\" src=\"https:\/\/lpr.de\/de\/wp-content\/uploads\/sites\/3\/2026\/04\/find-solution.webp\" class=\"vc_single_image-img attachment-full\" alt=\"driver in van\" title=\"find-solution\" srcset=\"https:\/\/lpr.de\/de\/wp-content\/uploads\/sites\/3\/2026\/04\/find-solution.webp 828w, https:\/\/lpr.de\/de\/wp-content\/uploads\/sites\/3\/2026\/04\/find-solution-300x180.webp 300w, https:\/\/lpr.de\/de\/wp-content\/uploads\/sites\/3\/2026\/04\/find-solution-768x461.webp 768w\" sizes=\"(max-width: 828px) 100vw, 828px\" \/><\/a>\n\t\t<\/figure>\n\t<\/div>\n<h5 class=\"vcex-heading vcex-heading-plain vcex-module wpex-heading wpex-text-2xl\"><a href=\"\/de\/services\/\" class=\"wpex-no-underline\" target=\"_self\"><span class=\"vcex-heading-inner wpex-inline-block\">Finden Sie Ihre L\u00f6sung<\/span><\/a><\/h5>\n\t<div class=\"wpb_text_column wpb_content_element\" >\n\t\t<div class=\"wpb_wrapper\">\n\t\t\t<p>Stellen Sie Ihr individuelles Setup aus Logistik- und Servicebausteinen zusammen \u2013 von einzelnen Leistungsbaustein bis zu End-to-End-Szenarien.<\/p>\n\n\t\t<\/div>\n\t<\/div>\n<\/div><\/div><\/div><div class=\"wpb_column vc_column_container vc_col-sm-4\"><div class=\"vc_column-inner\"><div class=\"wpb_wrapper\">\n\t<div  class=\"wpb_single_image wpb_content_element vc_align_ wpb_content_element\">\n\t\t\n\t\t<figure class=\"wpb_wrapper vc_figure\">\n\t\t\t<a href=\"\/de\/insights\/\" target=\"_self\" class=\"vc_single_image-wrapper wpex-image-hover opacity   vc_box_border_grey\"><img width=\"828\" height=\"497\" src=\"https:\/\/lpr.de\/de\/wp-content\/uploads\/sites\/3\/2026\/04\/insights-small.webp\" class=\"vc_single_image-img attachment-full\" alt=\"conveyor belt\" title=\"insights-small\" srcset=\"https:\/\/lpr.de\/de\/wp-content\/uploads\/sites\/3\/2026\/04\/insights-small.webp 828w, https:\/\/lpr.de\/de\/wp-content\/uploads\/sites\/3\/2026\/04\/insights-small-300x180.webp 300w, https:\/\/lpr.de\/de\/wp-content\/uploads\/sites\/3\/2026\/04\/insights-small-768x461.webp 768w\" sizes=\"(max-width: 828px) 100vw, 828px\" \/><\/a>\n\t\t<\/figure>\n\t<\/div>\n<h5 class=\"vcex-heading vcex-heading-plain vcex-module wpex-heading wpex-text-2xl\"><a href=\"\/de\/insights\/\" class=\"wpex-no-underline\" target=\"_self\"><span class=\"vcex-heading-inner wpex-inline-block\">Insights<\/span><\/a><\/h5>\n\t<div class=\"wpb_text_column wpb_content_element\" >\n\t\t<div class=\"wpb_wrapper\">\n\t\t\t<p>Entdecken Sie Praxisbeispiele, wie Retailer durch integrierte Logistik- und Serviceketten Verf\u00fcgbarkeit, Transparenz und Steuerbarkeit erh\u00f6hen.<\/p>\n\n\t\t<\/div>\n\t<\/div>\n<\/div><\/div><\/div><\/div><\/div>[\/vc_column][\/vc_row]\n<\/div>","protected":false},"excerpt":{"rendered":"Medizintechnik: Logistik und Vor-Ort-Services zusammendenken. Kliniken und Krankenh\u00e4usern muss alles funktionieren: Ersatzteile f\u00fcr medizintechnische Ger\u00e4te ebenso wie patientenspezifische Komponenten, Implantate und OP-Instrumente m\u00fcssen termingerecht verf\u00fcgbar sein. Serviceeins\u00e4tze m\u00fcssen abgestimmt, Rollouts sauber geplant werden. Logistik und Vor-Ort-Services greifen dabei direkt ineinander. LPR \u00fcbernimmt Wartung, Reparatur, Rollouts und Ersatzteillogistik \u2013 einzeln einsetzbar oder integriert gesteuert. Wir stimmen&hellip;","protected":false},"author":1,"featured_media":0,"parent":178,"menu_order":0,"comment_status":"closed","ping_status":"closed","template":"","meta":{"inline_featured_image":false,"footnotes":""},"class_list":["post-216","page","type-page","status-publish","hentry","entry","no-media"],"_links":{"self":[{"href":"https:\/\/lpr.de\/de\/wp-json\/wp\/v2\/pages\/216","targetHints":{"allow":["GET"]}}],"collection":[{"href":"https:\/\/lpr.de\/de\/wp-json\/wp\/v2\/pages"}],"about":[{"href":"https:\/\/lpr.de\/de\/wp-json\/wp\/v2\/types\/page"}],"author":[{"embeddable":true,"href":"https:\/\/lpr.de\/de\/wp-json\/wp\/v2\/users\/1"}],"replies":[{"embeddable":true,"href":"https:\/\/lpr.de\/de\/wp-json\/wp\/v2\/comments?post=216"}],"version-history":[{"count":11,"href":"https:\/\/lpr.de\/de\/wp-json\/wp\/v2\/pages\/216\/revisions"}],"predecessor-version":[{"id":782,"href":"https:\/\/lpr.de\/de\/wp-json\/wp\/v2\/pages\/216\/revisions\/782"}],"up":[{"embeddable":true,"href":"https:\/\/lpr.de\/de\/wp-json\/wp\/v2\/pages\/178"}],"wp:attachment":[{"href":"https:\/\/lpr.de\/de\/wp-json\/wp\/v2\/media?parent=216"}],"curies":[{"name":"wp","href":"https:\/\/api.w.org\/{rel}","templated":true}]}}