{"id":211,"date":"2026-04-08T16:21:09","date_gmt":"2026-04-08T16:21:09","guid":{"rendered":"https:\/\/lpr.de\/de\/?page_id=211"},"modified":"2026-04-28T14:13:04","modified_gmt":"2026-04-28T14:13:04","slug":"high-tech","status":"publish","type":"page","link":"https:\/\/lpr.de\/de\/industries\/high-tech\/","title":{"rendered":"High Tech"},"content":{"rendered":"<div class=\"wpb-content-wrapper\">[vc_row content_placement=&#8221;middle&#8221; column_spacing=&#8221;50&#8243;][vc_column width=&#8221;1\/2&#8243;]<figure class=\"vcex-image vcex-module\"><div class=\"vcex-image-inner wpex-relative wpex-inline-block\"><img width=\"900\" height=\"900\" src=\"https:\/\/lpr.de\/de\/wp-content\/uploads\/sites\/3\/2026\/04\/high-tech-1.webp\" class=\"vcex-image-img wpex-align-middle wpex-aspect-4-3 wpex-object-cover\" alt=\"robotics engineers\" loading=\"lazy\" decoding=\"async\" srcset=\"https:\/\/lpr.de\/de\/wp-content\/uploads\/sites\/3\/2026\/04\/high-tech-1.webp 900w, https:\/\/lpr.de\/de\/wp-content\/uploads\/sites\/3\/2026\/04\/high-tech-1-300x300.webp 300w, https:\/\/lpr.de\/de\/wp-content\/uploads\/sites\/3\/2026\/04\/high-tech-1-150x150.webp 150w, https:\/\/lpr.de\/de\/wp-content\/uploads\/sites\/3\/2026\/04\/high-tech-1-768x768.webp 768w\" sizes=\"auto, (max-width: 900px) 100vw, 900px\" \/><\/div><\/figure>[\/vc_column][vc_column width=&#8221;1\/2&#8243;]<h2 class=\"vcex-heading vcex-heading-plain vcex-module wpex-heading wpex-text-2xl\"><span class=\"vcex-heading-inner wpex-inline-block\">After-Sales Services, die mit Ihrem Wachstum Schritt halten<\/span><\/h2>[vc_column_text css=&#8221;&#8221; el_class=&#8221;removepad&#8221;]Betreiber technischer Produktionssysteme erwarten schnelle Reaktionszeiten, nachvollziehbare Serviceprozesse und die zuverl\u00e4ssige Verf\u00fcgbarkeit passender Ersatzteile, unabh\u00e4ngig davon, wo ihre Anlagen im Einsatz sind. Gleichzeitig stehen Sie unter Kostendruck und m\u00fcssen komplexe Service- und Garantieversprechen steuern.<\/p>\n<p>LPR verbindet zeitkritische Logistik mit technischen Servicebausteinen. So behalten Sie die Kontrolle \u00fcber Kosten und Performance \u2013 w\u00e4hrend Ihre Endkunden planbar weiterarbeiten k\u00f6nnen.<\/p>\n<p>Alle Bausteine sind modular: Vom Nachtexpress f\u00fcr dringend ben\u00f6tigte Ersatzteile bis zu integrierten Service- und Garantie-L\u00f6sungen.<br \/>\n[\/vc_column_text][\/vc_column][\/vc_row][vc_row content_placement=&#8221;middle&#8221; column_spacing=&#8221;50&#8243; el_class=&#8221;swap-on-mobile&#8221;][vc_column width=&#8221;1\/2&#8243;]<h2 class=\"vcex-heading vcex-heading-plain vcex-module wpex-heading wpex-text-2xl\"><span class=\"vcex-heading-inner wpex-inline-block\">Ersatzteile dort, wo Ihre Techniker und Kunden sie brauchen<\/span><\/h2>[vc_column_text css=&#8221;&#8221; el_class=&#8221;removepad&#8221;]Bei Produktionssystemen z\u00e4hlt jede Stunde, in der die Anlage zuverl\u00e4ssig l\u00e4uft. LPR organisiert zeitkritische Ersatzteilverteilung in Europa \u2013 inklusive klarer Cut-off-Zeiten, definierter \u00dcbergabepunkte und nachvollziehbarer Dokumentation. Ihre Servicetechniker finden die richtigen Teile zur richtigen Zeit am vereinbarten Ort.<\/p>\n<p>Gleichzeitig bleiben Ihre Kosten steuerbar, da Leistungsbausteine und Prozesse pr\u00e4zise auf Ihren Bedarf abgestimmt sind. So unterst\u00fctzen wir Sie dabei, Service- und Logistikkosten zu optimieren, ohne Verf\u00fcgbarkeit und Qualit\u00e4t zu vernachl\u00e4ssigen.<br \/>\n[\/vc_column_text][\/vc_column][vc_column width=&#8221;1\/2&#8243;]<figure class=\"vcex-image vcex-module\"><div class=\"vcex-image-inner wpex-relative wpex-inline-block\"><img width=\"900\" height=\"900\" src=\"https:\/\/lpr.de\/de\/wp-content\/uploads\/sites\/3\/2026\/04\/high-tech-2.webp\" class=\"vcex-image-img wpex-align-middle wpex-aspect-4-3 wpex-object-cover\" alt=\"modern office delivery\" loading=\"lazy\" decoding=\"async\" srcset=\"https:\/\/lpr.de\/de\/wp-content\/uploads\/sites\/3\/2026\/04\/high-tech-2.webp 900w, https:\/\/lpr.de\/de\/wp-content\/uploads\/sites\/3\/2026\/04\/high-tech-2-300x300.webp 300w, https:\/\/lpr.de\/de\/wp-content\/uploads\/sites\/3\/2026\/04\/high-tech-2-150x150.webp 150w, https:\/\/lpr.de\/de\/wp-content\/uploads\/sites\/3\/2026\/04\/high-tech-2-768x768.webp 768w\" sizes=\"auto, (max-width: 900px) 100vw, 900px\" \/><\/div><\/figure>[\/vc_column][\/vc_row][vc_row column_spacing=&#8221;60&#8243;][vc_column width=&#8221;1\/2&#8243;]<span class=\"vcex-heading vcex-heading-plain vcex-module wpex-heading wpex-text-2xl largeSectorCallout\"><span class=\"vcex-heading-inner wpex-inline-block\">Mehr Kontrolle f\u00fcr Sie, weniger Ausfallzeit f\u00fcr Ihre Kunden<\/span><\/span>[\/vc_column][vc_column width=&#8221;1\/2&#8243;][vc_column_text css=&#8221;&#8221; el_class=&#8221;sectorList&#8221;]\n<ul>\n<li>Zeitkritische Nachtexpress-L\u00f6sungen f\u00fcr kritische Ersatzteile<\/li>\n<li>Hohe Teileverf\u00fcgbarkeit durch abgestimmte Lager- und FSL-Strukturen<\/li>\n<li>Klare Verantwortung: ein Partner f\u00fcr Logistik, Service und R\u00fcckf\u00fchrungsprozesse<\/li>\n<li>Transparente Track&amp;Trace-Daten f\u00fcr Reporting und Audit-Anforderungen<\/li>\n<li>Flexible Belieferungsmodelle \u2013 von Werkstatt \u00fcber Kofferraum bis PUDO oder Parcel Locker \u2013 erm\u00f6glichen dynamische<\/li>\n<li>Techniker-Disposition<\/li>\n<li>Standardisierte Abl\u00e4ufe, die sich an Ihre Service-Levels anlehnen<\/li>\n<li>Integrierbare Reparatur- und Wartungsprozesse<\/li>\n<li>Reduzierte Stillstandzeiten bei Ihren Endkunden<\/li>\n<\/ul>\n[\/vc_column_text][\/vc_column][\/vc_row][vc_row column_spacing=&#8221;60&#8243; gap=&#8221;35&#8243; equal_height=&#8221;yes&#8221; remove_bottom_col_margin=&#8221;true&#8221; el_class=&#8221;iconTileHolder&#8221;][vc_column width=&#8221;1\/3&#8243;][vc_row_inner][vc_column_inner el_class=&#8221;iconTile supplychainTile&#8221;][vc_single_image image=&#8221;763&#8243; alignment=&#8221;center&#8221; css=&#8221;&#8221;]<h3 class=\"vcex-heading vcex-heading-plain vcex-module wpex-heading wpex-text-2xl wpex-text-center iconTileHolder\"><span class=\"vcex-heading-inner wpex-inline-block\">F\u00fcr Ihre Service-Organisation<\/span><\/h3>[vc_column_text css=&#8221;&#8221;]Skalierbare Ersatzteil- und Reparaturprozesse \u2013 gesteuert aus einer integrierten Logistik- und Serviceperspektive.[\/vc_column_text][\/vc_column_inner][\/vc_row_inner][\/vc_column][vc_column width=&#8221;1\/3&#8243;][vc_row_inner][vc_column_inner el_class=&#8221;iconTile supplychainTile&#8221;][vc_single_image image=&#8221;785&#8243; alignment=&#8221;center&#8221; css=&#8221;&#8221;]<h3 class=\"vcex-heading vcex-heading-plain vcex-module wpex-heading wpex-text-2xl wpex-text-center iconTileHolder\"><span class=\"vcex-heading-inner wpex-inline-block\">F\u00fcr Ihre Endkunden<\/span><\/h3>[vc_column_text css=&#8221;&#8221;]Schnellere Wiederinbetriebnahme, planbare Eins\u00e4tze und konsistente Serviceerfahrung \u00fcber Standorte und L\u00e4nder hinweg.[\/vc_column_text][\/vc_column_inner][\/vc_row_inner][\/vc_column][vc_column width=&#8221;1\/3&#8243;][vc_row_inner][vc_column_inner el_class=&#8221;iconTile supplychainTile&#8221;][vc_single_image image=&#8221;753&#8243; alignment=&#8221;center&#8221; css=&#8221;&#8221;]<h3 class=\"vcex-heading vcex-heading-plain vcex-module wpex-heading wpex-text-2xl wpex-text-center iconTileHolder\"><span class=\"vcex-heading-inner wpex-inline-block\">F\u00fcr Ihre Kostenstruktur<\/span><\/h3>[vc_column_text css=&#8221;&#8221;]Optimierte Best\u00e4nde, abgestimmte Lagerstandorte und durchdachte Transportkonzepte unterst\u00fctzen Sie dabei, Service- und Logistikkosten zu senken.[\/vc_column_text][\/vc_column_inner][\/vc_row_inner][\/vc_column][\/vc_row][vc_row content_placement=&#8221;middle&#8221; remove_bottom_col_margin=&#8221;true&#8221; el_class=&#8221;callout&#8221; css=&#8221;.vc_custom_1776617693393{background-image: url(https:\/\/lpr.de\/de\/wp-content\/uploads\/sites\/3\/2026\/04\/tech-cta.webp?id=428) !important;background-position: center !important;background-repeat: no-repeat !important;background-size: cover !important;}&#8221;][vc_column width=&#8221;3\/4&#8243;]<h2 class=\"vcex-heading vcex-heading-plain vcex-module wpex-heading wpex-text-2xl white callout\"><span class=\"vcex-heading-inner wpex-inline-block\">Sprechen Sie mit uns \u00fcber Ihre Serviceanforderungen.<\/span><\/h2>[\/vc_column][vc_column width=&#8221;1\/4&#8243;]<a href=\"\/de\/contact\/\" class=\"vcex-button theme-button inline solid widebut\"><span class=\"vcex-button-inner theme-button-inner wpex-flex wpex-flex-wrap wpex-items-center wpex-justify-center\">LPR kontaktieren<\/span><\/a> [\/vc_column][\/vc_row][vc_row remove_bottom_col_margin=&#8221;true&#8221;][vc_column]<h2 class=\"vcex-heading vcex-heading-plain vcex-module wpex-heading wpex-text-2xl\"><span class=\"vcex-heading-inner wpex-inline-block\">Kernleistungen f\u00fcr High-Tech Produkte<\/span><\/h2>[vc_column_text css=&#8221;&#8221;]LPR unterst\u00fctzt Hersteller mit modularen Bausteinen \u2013 von zeitkritischer Ersatzteillogistik bis zu integrierten Service- und Reparaturl\u00f6sungen.[\/vc_column_text][vc_row_inner remove_bottom_col_margin=&#8221;true&#8221; el_class=&#8221;relatedLinks&#8221;][vc_column_inner width=&#8221;1\/4&#8243;][vc_single_image image=&#8221;192&#8243; onclick=&#8221;custom_link&#8221; css=&#8221;&#8221; link=&#8221;\/de\/services\/nightexpress\/&#8221;]<h5 class=\"vcex-heading vcex-heading-plain vcex-module wpex-heading wpex-text-2xl\"><a href=\"\/de\/services\/nightexpress\/\" class=\"wpex-no-underline\" target=\"_self\"><span class=\"vcex-heading-inner wpex-inline-block\">Nachtexpress<\/span><\/a><\/h5>[vc_column_text css=&#8221;&#8221;]Zeitkritische Zustellung von Ersatzteilen \u00fcber Nacht an Servicetechniker, Endkunden oder definierte \u00dcbergabepunkte.[\/vc_column_text][\/vc_column_inner][vc_column_inner width=&#8221;1\/4&#8243;][vc_single_image image=&#8221;193&#8243; onclick=&#8221;custom_link&#8221; css=&#8221;&#8221; link=&#8221;\/de\/services\/on-site-service\/&#8221;]<h5 class=\"vcex-heading vcex-heading-plain vcex-module wpex-heading wpex-text-2xl\"><a href=\"\/de\/services\/on-site-service\/\" class=\"wpex-no-underline\" target=\"_self\"><span class=\"vcex-heading-inner wpex-inline-block\">Vor-Ort-Reparaturen<\/span><\/a><\/h5>[vc_column_text css=&#8221;&#8221;]Vor-Ort-Services durch spezialisierte Teams, eingebettet in Ihre bestehenden Serviceprozesse.[\/vc_column_text][\/vc_column_inner][vc_column_inner width=&#8221;1\/4&#8243;][vc_single_image image=&#8221;189&#8243; onclick=&#8221;custom_link&#8221; css=&#8221;&#8221; link=&#8221;\/de\/services\/end-to-end-solutions\/&#8221;]<h5 class=\"vcex-heading vcex-heading-plain vcex-module wpex-heading wpex-text-2xl\"><a href=\"\/de\/services\/end-to-end-solutions\/\" class=\"wpex-no-underline\" target=\"_self\"><span class=\"vcex-heading-inner wpex-inline-block\">End-to-End L\u00f6sungen<\/span><\/a><\/h5>[vc_column_text css=&#8221;&#8221;]Durchg\u00e4ngige Serviceketten von Warehouse, Last-Mile bis zur R\u00fcckf\u00fchrung nicht ben\u00f6tigter oder defekter Teile.[\/vc_column_text][\/vc_column_inner][vc_column_inner width=&#8221;1\/4&#8243;][vc_single_image image=&#8221;195&#8243; onclick=&#8221;custom_link&#8221; css=&#8221;&#8221; link=&#8221;\/de\/services\/technical-repair-centre\/&#8221;]<h5 class=\"vcex-heading vcex-heading-plain vcex-module wpex-heading wpex-text-2xl\"><a href=\"\/de\/services\/technical-repair-centre\/\" class=\"wpex-no-underline\" target=\"_self\"><span class=\"vcex-heading-inner wpex-inline-block\">Technisches Repair Center<\/span><\/a><\/h5>[vc_column_text css=&#8221;&#8221;]Zentrale Reparatur- und Refurbishment-Prozesse mit klaren Durchlaufzeiten und transparenter Dokumentation.[\/vc_column_text][\/vc_column_inner][\/vc_row_inner]<div class=\"vcex-module vcex-divider vcex-divider-solid vcex-divider-center wpex-mx-auto wpex-block wpex-h-0 wpex-border-b wpex-border-solid wpex-border-main\" style=\"margin-block-start:40px;border-bottom-width:2px;border-color:#0f329b;\"><\/div>[\/vc_column][\/vc_row][vc_row remove_bottom_col_margin=&#8221;true&#8221;][vc_column]<div class=\"templatera_shortcode\"><div class=\"vc_row wpb_row vc_row-fluid relatedLinks wpex-relative\"><div class=\"wpb_column vc_column_container vc_col-sm-4\"><div class=\"vc_column-inner\"><div class=\"wpb_wrapper\">\n\t<div  class=\"wpb_single_image wpb_content_element vc_align_ wpb_content_element\">\n\t\t\n\t\t<figure class=\"wpb_wrapper vc_figure\">\n\t\t\t<a href=\"\/de\/why-lpr\/\" target=\"_self\" class=\"vc_single_image-wrapper wpex-image-hover opacity   vc_box_border_grey\"><img width=\"828\" height=\"497\" src=\"https:\/\/lpr.de\/de\/wp-content\/uploads\/sites\/3\/2026\/04\/why-lpr-1.webp\" class=\"vc_single_image-img attachment-full\" alt=\"LPR engineer\" title=\"why-lpr (1)\" srcset=\"https:\/\/lpr.de\/de\/wp-content\/uploads\/sites\/3\/2026\/04\/why-lpr-1.webp 828w, https:\/\/lpr.de\/de\/wp-content\/uploads\/sites\/3\/2026\/04\/why-lpr-1-300x180.webp 300w, https:\/\/lpr.de\/de\/wp-content\/uploads\/sites\/3\/2026\/04\/why-lpr-1-768x461.webp 768w\" sizes=\"(max-width: 828px) 100vw, 828px\" \/><\/a>\n\t\t<\/figure>\n\t<\/div>\n<h5 class=\"vcex-heading vcex-heading-plain vcex-module wpex-heading wpex-text-2xl\"><a href=\"\/de\/why-lpr\/\" class=\"wpex-no-underline\" target=\"_self\"><span class=\"vcex-heading-inner wpex-inline-block\">Warum LPR?<\/span><\/a><\/h5>\n\t<div class=\"wpb_text_column wpb_content_element\" >\n\t\t<div class=\"wpb_wrapper\">\n\t\t\t<p>Weil wir Ersatzteillogistik mit Vor-Ort-Services und Rollouts kombinieren und so Ihre Serviceorganisation ganzheitlich im Feld unterst\u00fctzen.<\/p>\n\n\t\t<\/div>\n\t<\/div>\n<\/div><\/div><\/div><div class=\"wpb_column vc_column_container vc_col-sm-4\"><div class=\"vc_column-inner\"><div class=\"wpb_wrapper\">\n\t<div  class=\"wpb_single_image wpb_content_element vc_align_ wpb_content_element\">\n\t\t\n\t\t<figure class=\"wpb_wrapper vc_figure\">\n\t\t\t<a href=\"\/de\/services\/\" target=\"_self\" class=\"vc_single_image-wrapper wpex-image-hover opacity   vc_box_border_grey\"><img width=\"828\" height=\"497\" src=\"https:\/\/lpr.de\/de\/wp-content\/uploads\/sites\/3\/2026\/04\/find-solution.webp\" class=\"vc_single_image-img attachment-full\" alt=\"driver in van\" title=\"find-solution\" srcset=\"https:\/\/lpr.de\/de\/wp-content\/uploads\/sites\/3\/2026\/04\/find-solution.webp 828w, https:\/\/lpr.de\/de\/wp-content\/uploads\/sites\/3\/2026\/04\/find-solution-300x180.webp 300w, https:\/\/lpr.de\/de\/wp-content\/uploads\/sites\/3\/2026\/04\/find-solution-768x461.webp 768w\" sizes=\"(max-width: 828px) 100vw, 828px\" \/><\/a>\n\t\t<\/figure>\n\t<\/div>\n<h5 class=\"vcex-heading vcex-heading-plain vcex-module wpex-heading wpex-text-2xl\"><a href=\"\/de\/services\/\" class=\"wpex-no-underline\" target=\"_self\"><span class=\"vcex-heading-inner wpex-inline-block\">Finden Sie Ihre L\u00f6sung<\/span><\/a><\/h5>\n\t<div class=\"wpb_text_column wpb_content_element\" >\n\t\t<div class=\"wpb_wrapper\">\n\t\t\t<p>Stellen Sie Ihr individuelles Setup aus Logistik- und Servicebausteinen zusammen \u2013 von einzelnen Leistungsbaustein bis zu End-to-End-Szenarien.<\/p>\n\n\t\t<\/div>\n\t<\/div>\n<\/div><\/div><\/div><div class=\"wpb_column vc_column_container vc_col-sm-4\"><div class=\"vc_column-inner\"><div class=\"wpb_wrapper\">\n\t<div  class=\"wpb_single_image wpb_content_element vc_align_ wpb_content_element\">\n\t\t\n\t\t<figure class=\"wpb_wrapper vc_figure\">\n\t\t\t<a href=\"\/de\/insights\/\" target=\"_self\" class=\"vc_single_image-wrapper wpex-image-hover opacity   vc_box_border_grey\"><img width=\"828\" height=\"497\" src=\"https:\/\/lpr.de\/de\/wp-content\/uploads\/sites\/3\/2026\/04\/insights-small.webp\" class=\"vc_single_image-img attachment-full\" alt=\"conveyor belt\" title=\"insights-small\" srcset=\"https:\/\/lpr.de\/de\/wp-content\/uploads\/sites\/3\/2026\/04\/insights-small.webp 828w, https:\/\/lpr.de\/de\/wp-content\/uploads\/sites\/3\/2026\/04\/insights-small-300x180.webp 300w, https:\/\/lpr.de\/de\/wp-content\/uploads\/sites\/3\/2026\/04\/insights-small-768x461.webp 768w\" sizes=\"(max-width: 828px) 100vw, 828px\" \/><\/a>\n\t\t<\/figure>\n\t<\/div>\n<h5 class=\"vcex-heading vcex-heading-plain vcex-module wpex-heading wpex-text-2xl\"><a href=\"\/de\/insights\/\" class=\"wpex-no-underline\" target=\"_self\"><span class=\"vcex-heading-inner wpex-inline-block\">Insights<\/span><\/a><\/h5>\n\t<div class=\"wpb_text_column wpb_content_element\" >\n\t\t<div class=\"wpb_wrapper\">\n\t\t\t<p>Entdecken Sie Praxisbeispiele, wie Retailer durch integrierte Logistik- und Serviceketten Verf\u00fcgbarkeit, Transparenz und Steuerbarkeit erh\u00f6hen.<\/p>\n\n\t\t<\/div>\n\t<\/div>\n<\/div><\/div><\/div><\/div><\/div>[\/vc_column][\/vc_row]\n<\/div>","protected":false},"excerpt":{"rendered":"After-Sales Services, die mit Ihrem Wachstum Schritt halten Betreiber technischer Produktionssysteme erwarten schnelle Reaktionszeiten, nachvollziehbare Serviceprozesse und die zuverl\u00e4ssige Verf\u00fcgbarkeit passender Ersatzteile, unabh\u00e4ngig davon, wo ihre Anlagen im Einsatz sind. Gleichzeitig stehen Sie unter Kostendruck und m\u00fcssen komplexe Service- und Garantieversprechen steuern. LPR verbindet zeitkritische Logistik mit technischen Servicebausteinen. So behalten Sie die Kontrolle \u00fcber&hellip;","protected":false},"author":1,"featured_media":0,"parent":178,"menu_order":0,"comment_status":"closed","ping_status":"closed","template":"","meta":{"inline_featured_image":false,"footnotes":""},"class_list":["post-211","page","type-page","status-publish","hentry","entry","no-media"],"_links":{"self":[{"href":"https:\/\/lpr.de\/de\/wp-json\/wp\/v2\/pages\/211","targetHints":{"allow":["GET"]}}],"collection":[{"href":"https:\/\/lpr.de\/de\/wp-json\/wp\/v2\/pages"}],"about":[{"href":"https:\/\/lpr.de\/de\/wp-json\/wp\/v2\/types\/page"}],"author":[{"embeddable":true,"href":"https:\/\/lpr.de\/de\/wp-json\/wp\/v2\/users\/1"}],"replies":[{"embeddable":true,"href":"https:\/\/lpr.de\/de\/wp-json\/wp\/v2\/comments?post=211"}],"version-history":[{"count":11,"href":"https:\/\/lpr.de\/de\/wp-json\/wp\/v2\/pages\/211\/revisions"}],"predecessor-version":[{"id":874,"href":"https:\/\/lpr.de\/de\/wp-json\/wp\/v2\/pages\/211\/revisions\/874"}],"up":[{"embeddable":true,"href":"https:\/\/lpr.de\/de\/wp-json\/wp\/v2\/pages\/178"}],"wp:attachment":[{"href":"https:\/\/lpr.de\/de\/wp-json\/wp\/v2\/media?parent=211"}],"curies":[{"name":"wp","href":"https:\/\/api.w.org\/{rel}","templated":true}]}}