{"id":206,"date":"2026-04-08T16:06:19","date_gmt":"2026-04-08T16:06:19","guid":{"rendered":"https:\/\/lpr.de\/de\/?page_id=206"},"modified":"2026-04-22T10:35:48","modified_gmt":"2026-04-22T10:35:48","slug":"engineering","status":"publish","type":"page","link":"https:\/\/lpr.de\/de\/industries\/engineering\/","title":{"rendered":"Maschinenbau"},"content":{"rendered":"<div class=\"wpb-content-wrapper\">[vc_row content_placement=&#8221;middle&#8221; column_spacing=&#8221;50&#8243;][vc_column width=&#8221;1\/2&#8243;]<figure class=\"vcex-image vcex-module\"><div class=\"vcex-image-inner wpex-relative wpex-inline-block\"><img width=\"900\" height=\"900\" src=\"https:\/\/lpr.de\/de\/wp-content\/uploads\/sites\/3\/2026\/04\/engineering-1.webp\" class=\"vcex-image-img wpex-align-middle wpex-aspect-4-3 wpex-object-cover\" alt=\"engineer working\" loading=\"lazy\" decoding=\"async\" srcset=\"https:\/\/lpr.de\/de\/wp-content\/uploads\/sites\/3\/2026\/04\/engineering-1.webp 900w, https:\/\/lpr.de\/de\/wp-content\/uploads\/sites\/3\/2026\/04\/engineering-1-300x300.webp 300w, https:\/\/lpr.de\/de\/wp-content\/uploads\/sites\/3\/2026\/04\/engineering-1-150x150.webp 150w, https:\/\/lpr.de\/de\/wp-content\/uploads\/sites\/3\/2026\/04\/engineering-1-768x768.webp 768w\" sizes=\"auto, (max-width: 900px) 100vw, 900px\" \/><\/div><\/figure>[\/vc_column][vc_column width=&#8221;1\/2&#8243;]<h2 class=\"vcex-heading vcex-heading-plain vcex-module wpex-heading wpex-text-2xl\"><span class=\"vcex-heading-inner wpex-inline-block\">Wenn jede Stunde Betriebszeit z\u00e4hlt<\/span><\/h2>[vc_column_text css=&#8221;&#8221; el_class=&#8221;removepad&#8221;]In der Produktion h\u00e4ngen Betriebszeit und Termintreue direkt an der Verf\u00fcgbarkeit Ihrer Anlagen. F\u00e4llt eine Linie aus, entstehen Ihren Endkunden schnell hohe Kosten \u2013 besonders, wenn Ersatzteile und Service-Eins\u00e4tze europaweit koordiniert werden m\u00fcssen.<\/p>\n<p>LPR verbindet Reparatur- und Wartungsprozessen mit einer abgestimmten europaweiten Ersatzteillogistik. So behalten Auftraggeber die volle Transparenz \u00fcber Best\u00e4nde, Auftr\u00e4ge und Reaktionszeiten \u2013 bei gleichzeitiger Entlastung der eigenen Teams.<\/p>\n<p>Das Ergebnis: besser planbare Serviceprozesse, klare Verantwortlichkeiten und einheitliche Standards in allen europ\u00e4ischen M\u00e4rkten, in denen Ihre Maschinen im Einsatz sind.<br \/>\n[\/vc_column_text][\/vc_column][\/vc_row][vc_row content_placement=&#8221;middle&#8221; column_spacing=&#8221;50&#8243; el_class=&#8221;swap-on-mobile&#8221;][vc_column width=&#8221;1\/2&#8243;]<h2 class=\"vcex-heading vcex-heading-plain vcex-module wpex-heading wpex-text-2xl\"><span class=\"vcex-heading-inner wpex-inline-block\">Europaweit einheitlich, lokal pr\u00e4zise<\/span><\/h2>[vc_column_text css=&#8221;&#8221; el_class=&#8221;removepad&#8221;]Kunden aus dem Maschinenbau ben\u00f6tigen verl\u00e4ssliche Prozesse \u00fcber L\u00e4ndergrenzen hinweg. Mit Service-Leveln, die zu Maschinenkritikalit\u00e4t und lokalen Anforderungen passen. LPR unterst\u00fctzt mit standardisierten Abl\u00e4ufen, die sich modular an Ihre Organisation anpassen lassen.<\/p>\n<p>F\u00fcr Hersteller entsteht ein einheitliches Bild: von der Ersatzteillogistik bis zum Service-Einsatz vor Ort. F\u00fcr die Endkunden Ihrer Maschinen bedeutet das planbare Instandsetzung und minimale Unterbrechung im laufenden Betrieb.<br \/>\n[\/vc_column_text][\/vc_column][vc_column width=&#8221;1\/2&#8243;]<figure class=\"vcex-image vcex-module\"><div class=\"vcex-image-inner wpex-relative wpex-inline-block\"><img width=\"900\" height=\"900\" src=\"https:\/\/lpr.de\/de\/wp-content\/uploads\/sites\/3\/2026\/04\/engineering-2.webp\" class=\"vcex-image-img wpex-align-middle wpex-aspect-4-3 wpex-object-cover\" alt=\"scanning boxes\" loading=\"lazy\" decoding=\"async\" srcset=\"https:\/\/lpr.de\/de\/wp-content\/uploads\/sites\/3\/2026\/04\/engineering-2.webp 900w, https:\/\/lpr.de\/de\/wp-content\/uploads\/sites\/3\/2026\/04\/engineering-2-300x300.webp 300w, https:\/\/lpr.de\/de\/wp-content\/uploads\/sites\/3\/2026\/04\/engineering-2-150x150.webp 150w, https:\/\/lpr.de\/de\/wp-content\/uploads\/sites\/3\/2026\/04\/engineering-2-768x768.webp 768w\" sizes=\"auto, (max-width: 900px) 100vw, 900px\" \/><\/div><\/figure>[\/vc_column][\/vc_row][vc_row column_spacing=&#8221;60&#8243;][vc_column width=&#8221;1\/2&#8243;]<span class=\"vcex-heading vcex-heading-plain vcex-module wpex-heading wpex-text-2xl largeSectorCallout\"><span class=\"vcex-heading-inner wpex-inline-block\">Mehr Kontrolle f\u00fcr Hersteller, weniger Stillstand vor Ort<\/span><\/span>[\/vc_column][vc_column width=&#8221;1\/2&#8243;][vc_column_text css=&#8221;&#8221; el_class=&#8221;sectorList&#8221;]\n<ul>\n<li>Klare Transparenz \u00fcber alle Leistungen \u2013 ob Serviceauftrag oder Nachzustellung, jederzeit nachvollziehbar dokumentiert.<\/li>\n<li>Reduzierung ungeplanter Stillst\u00e4nde durch abgestimmte Ersatzteil- und Serviceprozesse.<\/li>\n<li>Einheitliche Service-Standards \u00fcber L\u00e4nder, Leistungsbausteine und Servicepartner hinweg.<\/li>\n<li>Flexible Belieferungsmodelle \u2013 von Werkstatt \u00fcber Kofferraum bis PUDO oder Parcel Locker \u2013 erm\u00f6glichen dynamische<\/li>\n<li>Techniker-Disposition.<\/li>\n<li>Klare Rollen- und Aufgabenverteilung zwischen Ihrem Team und LPR.<\/li>\n<li>Durchg\u00e4ngige, revisionssichere Dokumentation s\u00e4mtlicher Leistungen \u2013 als belastbare Grundlage f\u00fcr Audits und Reporting.<\/li>\n<li>Modular aufgebautes Leistungsportfolio \u2013 vom einzelnen Baustein bis zur integrierten Gesamtl\u00f6sung.<\/li>\n<li>Klare Schnittstellen und digitale \u00dcbergaben reduzieren Abstimmungsaufwand in Ihrer gesamten Organisation.<\/li>\n<\/ul>\n[\/vc_column_text][\/vc_column][\/vc_row][vc_row column_spacing=&#8221;60&#8243; gap=&#8221;35&#8243; equal_height=&#8221;yes&#8221; remove_bottom_col_margin=&#8221;true&#8221; el_class=&#8221;iconTileHolder&#8221;][vc_column width=&#8221;1\/3&#8243;][vc_row_inner][vc_column_inner el_class=&#8221;iconTile supplychainTile&#8221;][vc_single_image image=&#8221;726&#8243; alignment=&#8221;center&#8221; css=&#8221;&#8221;]<h3 class=\"vcex-heading vcex-heading-plain vcex-module wpex-heading wpex-text-2xl wpex-text-center iconTileHolder\"><span class=\"vcex-heading-inner wpex-inline-block\">F\u00fcr Hersteller: volle Transparenz<\/span><\/h3>[vc_column_text css=&#8221;&#8221;]Zentrale Sicht auf Best\u00e4nde, Servicef\u00e4lle und Durchlaufzeiten \u2013 als Grundlage f\u00fcr Planung, Budgetierung und kontinuierliche Verbesserung.[\/vc_column_text][\/vc_column_inner][\/vc_row_inner][\/vc_column][vc_column width=&#8221;1\/3&#8243;][vc_row_inner][vc_column_inner el_class=&#8221;iconTile supplychainTile&#8221;][vc_single_image image=&#8221;785&#8243; alignment=&#8221;center&#8221; css=&#8221;&#8221;]<h3 class=\"vcex-heading vcex-heading-plain vcex-module wpex-heading wpex-text-2xl wpex-text-center iconTileHolder\"><span class=\"vcex-heading-inner wpex-inline-block\">F\u00fcr Anwender: kurze Ausfallzeiten<\/span><\/h3>[vc_column_text css=&#8221;&#8221;]Teile und Service sind abgestimmt organisiert, damit Stillst\u00e4nde vor Ort m\u00f6glichst kurz bleiben und Eins\u00e4tze planbar erfolgen.[\/vc_column_text][\/vc_column_inner][\/vc_row_inner][\/vc_column][vc_column width=&#8221;1\/3&#8243;][vc_row_inner][vc_column_inner el_class=&#8221;iconTile supplychainTile&#8221;][vc_single_image image=&#8221;730&#8243; alignment=&#8221;center&#8221; css=&#8221;&#8221;]<h3 class=\"vcex-heading vcex-heading-plain vcex-module wpex-heading wpex-text-2xl wpex-text-center iconTileHolder\"><span class=\"vcex-heading-inner wpex-inline-block\">Ein Standard, viele M\u00e4rkte<\/span><\/h3>[vc_column_text css=&#8221;&#8221;]Einheitliche Prozesse und Dokumentation f\u00fcr alle europ\u00e4ischen L\u00e4nder, in denen Ihre Maschinen installiert sind \u2013 mit Raum f\u00fcr lokale Besonderheiten.[\/vc_column_text][\/vc_column_inner][\/vc_row_inner][\/vc_column][\/vc_row][vc_row remove_bottom_col_margin=&#8221;true&#8221; el_class=&#8221;callout&#8221; css=&#8221;.vc_custom_1776618252882{background-image: url(https:\/\/lpr.de\/de\/wp-content\/uploads\/sites\/3\/2026\/04\/engineering-cta.webp?id=432) !important;background-position: center !important;background-repeat: no-repeat !important;background-size: cover !important;}&#8221;][vc_column width=&#8221;3\/4&#8243;]<h2 class=\"vcex-heading vcex-heading-plain vcex-module wpex-heading wpex-text-2xl white\"><span class=\"vcex-heading-inner wpex-inline-block\">Sprechen Sie mit uns \u00fcber unsere L\u00f6sungen.<\/span><\/h2>[\/vc_column][vc_column width=&#8221;1\/4&#8243;]<a href=\"\/de\/contact\/\" class=\"vcex-button theme-button inline solid widebut\"><span class=\"vcex-button-inner theme-button-inner wpex-flex wpex-flex-wrap wpex-items-center wpex-justify-center\">Kontakt aufnehmen<\/span><\/a> [\/vc_column][\/vc_row][vc_row remove_bottom_col_margin=&#8221;true&#8221;][vc_column]<h2 class=\"vcex-heading vcex-heading-plain vcex-module wpex-heading wpex-text-2xl\"><span class=\"vcex-heading-inner wpex-inline-block\">Kernservices f\u00fcr den allgemeinen Maschinenbau<\/span><\/h2>[vc_column_text css=&#8221;&#8221;]F\u00fcr Hersteller von Produktionsmaschinen kombiniert LPR Transparenz und Prozessstabilit\u00e4t im Service und Logistik \u2013 modular nach Bedarf. [\/vc_column_text][vc_row_inner remove_bottom_col_margin=&#8221;true&#8221; el_class=&#8221;relatedLinks&#8221;][vc_column_inner width=&#8221;1\/4&#8243;][vc_single_image image=&#8221;192&#8243; onclick=&#8221;custom_link&#8221; css=&#8221;&#8221; link=&#8221;\/de\/services\/nightexpress\/&#8221;]<h5 class=\"vcex-heading vcex-heading-plain vcex-module wpex-heading wpex-text-2xl\"><a href=\"\/de\/services\/nightexpress\/\" class=\"wpex-no-underline\" target=\"_self\"><span class=\"vcex-heading-inner wpex-inline-block\">Nachtexpress<\/span><\/a><\/h5>[vc_column_text css=&#8221;&#8221;]Zeitkritische Versorgung von Ersatzteilen \u00fcber Nacht, damit Maschinen europaweit schnell wieder anlaufen k\u00f6nnen.[\/vc_column_text][\/vc_column_inner][vc_column_inner width=&#8221;1\/4&#8243;][vc_single_image image=&#8221;189&#8243; onclick=&#8221;custom_link&#8221; css=&#8221;&#8221; link=&#8221;\/de\/services\/end-to-end-solutions\/&#8221;]<h5 class=\"vcex-heading vcex-heading-plain vcex-module wpex-heading wpex-text-2xl\"><a href=\"\/de\/services\/end-to-end-solutions\/\" class=\"wpex-no-underline\" target=\"_self\"><span class=\"vcex-heading-inner wpex-inline-block\">End-to-End solutions<\/span><\/a><\/h5>[vc_column_text css=&#8221;&#8221;]Durchg\u00e4ngige Service-Logistik vom Ersatzteillager bis zum Einsatzort \u2013 mit klaren Schnittstellen zu Ihrem ERP und Service-Team.[\/vc_column_text][\/vc_column_inner][vc_column_inner width=&#8221;1\/4&#8243;][vc_single_image image=&#8221;196&#8243; onclick=&#8221;custom_link&#8221; css=&#8221;&#8221; link=&#8221;\/de\/services\/end-to-end-solutions\/&#8221;]<h5 class=\"vcex-heading vcex-heading-plain vcex-module wpex-heading wpex-text-2xl\"><a href=\"\/de\/services\/warehousing\/\" class=\"wpex-no-underline\" target=\"_self\"><span class=\"vcex-heading-inner wpex-inline-block\">Warehousing<\/span><\/a><\/h5>[vc_column_text css=&#8221;&#8221;]Strukturierte Lagerung technischer Komponenten mit definierten Prozessen f\u00fcr Einlagerung, Kommissionierung und Bestandskontrolle.[\/vc_column_text][\/vc_column_inner][vc_column_inner width=&#8221;1\/4&#8243;][vc_single_image image=&#8221;209&#8243; onclick=&#8221;custom_link&#8221; css=&#8221;&#8221; link=&#8221;\/de\/services\/fsl-forward-stocking-locations\/&#8221;]<h5 class=\"vcex-heading vcex-heading-plain vcex-module wpex-heading wpex-text-2xl\"><a href=\"\/de\/services\/fsl-forward-stocking-locations\/\" class=\"wpex-no-underline\" target=\"_self\"><span class=\"vcex-heading-inner wpex-inline-block\">FSL<\/span><\/a><\/h5>[vc_column_text css=&#8221;&#8221;]Dezentrale Field-Stock-L\u00f6sungen nahe Ihren Einsatzorten, um kritische Komponenten schneller verf\u00fcgbar zu machen.[\/vc_column_text][\/vc_column_inner][\/vc_row_inner]<div class=\"vcex-module vcex-divider vcex-divider-solid vcex-divider-center wpex-mx-auto wpex-block wpex-h-0 wpex-border-b wpex-border-solid wpex-border-main\" style=\"margin-block-start:40px;border-bottom-width:2px;border-color:#0f329b;\"><\/div>[\/vc_column][\/vc_row][vc_row remove_bottom_col_margin=&#8221;true&#8221;][vc_column]<div class=\"templatera_shortcode\"><div class=\"vc_row wpb_row vc_row-fluid relatedLinks wpex-relative\"><div class=\"wpb_column vc_column_container vc_col-sm-4\"><div class=\"vc_column-inner\"><div class=\"wpb_wrapper\">\n\t<div  class=\"wpb_single_image wpb_content_element vc_align_ wpb_content_element\">\n\t\t\n\t\t<figure class=\"wpb_wrapper vc_figure\">\n\t\t\t<a href=\"\/de\/why-lpr\/\" target=\"_self\" class=\"vc_single_image-wrapper wpex-image-hover opacity   vc_box_border_grey\"><img width=\"828\" height=\"497\" src=\"https:\/\/lpr.de\/de\/wp-content\/uploads\/sites\/3\/2026\/04\/why-lpr-1.webp\" class=\"vc_single_image-img attachment-full\" alt=\"LPR engineer\" title=\"why-lpr (1)\" srcset=\"https:\/\/lpr.de\/de\/wp-content\/uploads\/sites\/3\/2026\/04\/why-lpr-1.webp 828w, https:\/\/lpr.de\/de\/wp-content\/uploads\/sites\/3\/2026\/04\/why-lpr-1-300x180.webp 300w, https:\/\/lpr.de\/de\/wp-content\/uploads\/sites\/3\/2026\/04\/why-lpr-1-768x461.webp 768w\" sizes=\"(max-width: 828px) 100vw, 828px\" \/><\/a>\n\t\t<\/figure>\n\t<\/div>\n<h5 class=\"vcex-heading vcex-heading-plain vcex-module wpex-heading wpex-text-2xl\"><a href=\"\/de\/why-lpr\/\" class=\"wpex-no-underline\" target=\"_self\"><span class=\"vcex-heading-inner wpex-inline-block\">Warum LPR?<\/span><\/a><\/h5>\n\t<div class=\"wpb_text_column wpb_content_element\" >\n\t\t<div class=\"wpb_wrapper\">\n\t\t\t<p>Weil wir Ersatzteillogistik mit Vor-Ort-Services und Rollouts kombinieren und so Ihre Serviceorganisation ganzheitlich im Feld unterst\u00fctzen.<\/p>\n\n\t\t<\/div>\n\t<\/div>\n<\/div><\/div><\/div><div class=\"wpb_column vc_column_container vc_col-sm-4\"><div class=\"vc_column-inner\"><div class=\"wpb_wrapper\">\n\t<div  class=\"wpb_single_image wpb_content_element vc_align_ wpb_content_element\">\n\t\t\n\t\t<figure class=\"wpb_wrapper vc_figure\">\n\t\t\t<a href=\"\/de\/services\/\" target=\"_self\" class=\"vc_single_image-wrapper wpex-image-hover opacity   vc_box_border_grey\"><img width=\"828\" height=\"497\" src=\"https:\/\/lpr.de\/de\/wp-content\/uploads\/sites\/3\/2026\/04\/find-solution.webp\" class=\"vc_single_image-img attachment-full\" alt=\"driver in van\" title=\"find-solution\" srcset=\"https:\/\/lpr.de\/de\/wp-content\/uploads\/sites\/3\/2026\/04\/find-solution.webp 828w, https:\/\/lpr.de\/de\/wp-content\/uploads\/sites\/3\/2026\/04\/find-solution-300x180.webp 300w, https:\/\/lpr.de\/de\/wp-content\/uploads\/sites\/3\/2026\/04\/find-solution-768x461.webp 768w\" sizes=\"(max-width: 828px) 100vw, 828px\" \/><\/a>\n\t\t<\/figure>\n\t<\/div>\n<h5 class=\"vcex-heading vcex-heading-plain vcex-module wpex-heading wpex-text-2xl\"><a href=\"\/de\/services\/\" class=\"wpex-no-underline\" target=\"_self\"><span class=\"vcex-heading-inner wpex-inline-block\">Finden Sie Ihre L\u00f6sung<\/span><\/a><\/h5>\n\t<div class=\"wpb_text_column wpb_content_element\" >\n\t\t<div class=\"wpb_wrapper\">\n\t\t\t<p>Stellen Sie Ihr individuelles Setup aus Logistik- und Servicebausteinen zusammen \u2013 von einzelnen Leistungsbaustein bis zu End-to-End-Szenarien.<\/p>\n\n\t\t<\/div>\n\t<\/div>\n<\/div><\/div><\/div><div class=\"wpb_column vc_column_container vc_col-sm-4\"><div class=\"vc_column-inner\"><div class=\"wpb_wrapper\">\n\t<div  class=\"wpb_single_image wpb_content_element vc_align_ wpb_content_element\">\n\t\t\n\t\t<figure class=\"wpb_wrapper vc_figure\">\n\t\t\t<a href=\"\/de\/insights\/\" target=\"_self\" class=\"vc_single_image-wrapper wpex-image-hover opacity   vc_box_border_grey\"><img width=\"828\" height=\"497\" src=\"https:\/\/lpr.de\/de\/wp-content\/uploads\/sites\/3\/2026\/04\/insights-small.webp\" class=\"vc_single_image-img attachment-full\" alt=\"conveyor belt\" title=\"insights-small\" srcset=\"https:\/\/lpr.de\/de\/wp-content\/uploads\/sites\/3\/2026\/04\/insights-small.webp 828w, https:\/\/lpr.de\/de\/wp-content\/uploads\/sites\/3\/2026\/04\/insights-small-300x180.webp 300w, https:\/\/lpr.de\/de\/wp-content\/uploads\/sites\/3\/2026\/04\/insights-small-768x461.webp 768w\" sizes=\"(max-width: 828px) 100vw, 828px\" \/><\/a>\n\t\t<\/figure>\n\t<\/div>\n<h5 class=\"vcex-heading vcex-heading-plain vcex-module wpex-heading wpex-text-2xl\"><a href=\"\/de\/insights\/\" class=\"wpex-no-underline\" target=\"_self\"><span class=\"vcex-heading-inner wpex-inline-block\">Insights<\/span><\/a><\/h5>\n\t<div class=\"wpb_text_column wpb_content_element\" >\n\t\t<div class=\"wpb_wrapper\">\n\t\t\t<p>Entdecken Sie Praxisbeispiele, wie Retailer durch integrierte Logistik- und Serviceketten Verf\u00fcgbarkeit, Transparenz und Steuerbarkeit erh\u00f6hen.<\/p>\n\n\t\t<\/div>\n\t<\/div>\n<\/div><\/div><\/div><\/div><\/div>[\/vc_column][\/vc_row]\n<\/div>","protected":false},"excerpt":{"rendered":"Wenn jede Stunde Betriebszeit z\u00e4hlt In der Produktion h\u00e4ngen Betriebszeit und Termintreue direkt an der Verf\u00fcgbarkeit Ihrer Anlagen. F\u00e4llt eine Linie aus, entstehen Ihren Endkunden schnell hohe Kosten \u2013 besonders, wenn Ersatzteile und Service-Eins\u00e4tze europaweit koordiniert werden m\u00fcssen. LPR verbindet Reparatur- und Wartungsprozessen mit einer abgestimmten europaweiten Ersatzteillogistik. So behalten Auftraggeber die volle Transparenz \u00fcber&hellip;","protected":false},"author":1,"featured_media":0,"parent":178,"menu_order":0,"comment_status":"closed","ping_status":"closed","template":"","meta":{"inline_featured_image":false,"footnotes":""},"class_list":["post-206","page","type-page","status-publish","hentry","entry","no-media"],"_links":{"self":[{"href":"https:\/\/lpr.de\/de\/wp-json\/wp\/v2\/pages\/206","targetHints":{"allow":["GET"]}}],"collection":[{"href":"https:\/\/lpr.de\/de\/wp-json\/wp\/v2\/pages"}],"about":[{"href":"https:\/\/lpr.de\/de\/wp-json\/wp\/v2\/types\/page"}],"author":[{"embeddable":true,"href":"https:\/\/lpr.de\/de\/wp-json\/wp\/v2\/users\/1"}],"replies":[{"embeddable":true,"href":"https:\/\/lpr.de\/de\/wp-json\/wp\/v2\/comments?post=206"}],"version-history":[{"count":9,"href":"https:\/\/lpr.de\/de\/wp-json\/wp\/v2\/pages\/206\/revisions"}],"predecessor-version":[{"id":787,"href":"https:\/\/lpr.de\/de\/wp-json\/wp\/v2\/pages\/206\/revisions\/787"}],"up":[{"embeddable":true,"href":"https:\/\/lpr.de\/de\/wp-json\/wp\/v2\/pages\/178"}],"wp:attachment":[{"href":"https:\/\/lpr.de\/de\/wp-json\/wp\/v2\/media?parent=206"}],"curies":[{"name":"wp","href":"https:\/\/api.w.org\/{rel}","templated":true}]}}