{"id":180,"date":"2026-04-08T14:08:30","date_gmt":"2026-04-08T14:08:30","guid":{"rendered":"https:\/\/lpr.de\/de\/?page_id=180"},"modified":"2026-04-22T14:15:38","modified_gmt":"2026-04-22T14:15:38","slug":"automotive","status":"publish","type":"page","link":"https:\/\/lpr.de\/de\/industries\/automotive\/","title":{"rendered":"Automotive"},"content":{"rendered":"<div class=\"wpb-content-wrapper\">[vc_row content_placement=&#8221;middle&#8221; column_spacing=&#8221;50&#8243;][vc_column width=&#8221;1\/2&#8243;]<figure class=\"vcex-image vcex-module\"><div class=\"vcex-image-inner wpex-relative wpex-inline-block\"><img width=\"900\" height=\"900\" src=\"https:\/\/lpr.de\/de\/wp-content\/uploads\/sites\/3\/2026\/04\/automotive-1.webp\" class=\"vcex-image-img wpex-align-middle wpex-aspect-4-3 wpex-object-cover\" alt=\"mechanic in action\" loading=\"lazy\" decoding=\"async\" srcset=\"https:\/\/lpr.de\/de\/wp-content\/uploads\/sites\/3\/2026\/04\/automotive-1.webp 900w, https:\/\/lpr.de\/de\/wp-content\/uploads\/sites\/3\/2026\/04\/automotive-1-300x300.webp 300w, https:\/\/lpr.de\/de\/wp-content\/uploads\/sites\/3\/2026\/04\/automotive-1-150x150.webp 150w, https:\/\/lpr.de\/de\/wp-content\/uploads\/sites\/3\/2026\/04\/automotive-1-768x768.webp 768w\" sizes=\"auto, (max-width: 900px) 100vw, 900px\" \/><\/div><\/figure>[\/vc_column][vc_column width=&#8221;1\/2&#8243;]<h2 class=\"vcex-heading vcex-heading-plain vcex-module wpex-heading wpex-text-2xl\"><span class=\"vcex-heading-inner wpex-inline-block\">Wenn Verf\u00fcgbarkeit \u00fcber Kundentreue entscheidet<\/span><\/h2>[vc_column_text css=&#8221;&#8221; el_class=&#8221;removepad&#8221;]In der Automobilbranche ist Teileverf\u00fcgbarkeit kein interner Prozess, sondern ein Kundenerlebnis. Autofahrer und Flottenkunden erwarten minimale Standzeiten und schnelle L\u00f6sungen \u2013 Werkst\u00e4tten und Handel m\u00fcssen diese Erwartung zuverl\u00e4ssig erf\u00fcllen.<\/p>\n<p>Gleichzeitig stehen Hersteller und Importeure unter Kosten- und Service-Level-Druck. Fahrzeugmodelle werden komplexer, und Anforderungen der Endkundschaft ver\u00e4ndern sich.<\/p>\n<p>LPR unterst\u00fctzt Sie dabei, Ihre After-Sales Logistik so zu strukturieren, dass Kosten kontrollierbar bleiben, Qualit\u00e4tsanforderungen erf\u00fcllt werden und Service-Level gegen\u00fcber Werkst\u00e4tten und Partnerbetrieben stabil bleiben.<br \/>\n[\/vc_column_text][\/vc_column][\/vc_row][vc_row content_placement=&#8221;middle&#8221; column_spacing=&#8221;50&#8243; el_class=&#8221;swap-on-mobile&#8221;][vc_column width=&#8221;1\/2&#8243;]<h2 class=\"vcex-heading vcex-heading-plain vcex-module wpex-heading wpex-text-2xl\"><span class=\"vcex-heading-inner wpex-inline-block\">Zeitkritische Ersatzteile \u2013 verf\u00fcgbar, wenn sie gebraucht werden<\/span><\/h2>[vc_column_text css=&#8221;&#8221; el_class=&#8221;removepad&#8221;]Mit LPR steuern Sie zeitkritische Ersatzteilefl\u00fcsse f\u00fcr Werkst\u00e4tten und Handelsbetriebe transparent und nachvollziehbar. So sichern Sie die Versorgung auch bei engen Zeitfenstern und saisonalen Spitzen.<\/p>\n<p>Ob einzelne Bausteine wie Nachtexpress, Tagexpress oder ein vollst\u00e4ndig integriertes Ersatzteilkonzept, unsere L\u00f6sungen passen sich Ihrer Struktur an. Sie steuern Kosten, Qualit\u00e4t und Servicelevel, wir sorgen f\u00fcr eine verl\u00e4ssliche Teileversorgung im Werkstattbetrieb.<\/p>\n<p>d-to-end scenarios. You keep control of cost, quality, and service levels, while the local network benefits from a dependable, constant supply.[\/vc_column_text][\/vc_column][vc_column width=&#8221;1\/2&#8243;]<figure class=\"vcex-image vcex-module\"><div class=\"vcex-image-inner wpex-relative wpex-inline-block\"><img width=\"900\" height=\"900\" src=\"https:\/\/lpr.de\/de\/wp-content\/uploads\/sites\/3\/2026\/04\/automotive-2.webp\" class=\"vcex-image-img wpex-align-middle wpex-aspect-4-3 wpex-object-cover\" alt=\"packing car parts\" loading=\"lazy\" decoding=\"async\" srcset=\"https:\/\/lpr.de\/de\/wp-content\/uploads\/sites\/3\/2026\/04\/automotive-2.webp 900w, https:\/\/lpr.de\/de\/wp-content\/uploads\/sites\/3\/2026\/04\/automotive-2-300x300.webp 300w, https:\/\/lpr.de\/de\/wp-content\/uploads\/sites\/3\/2026\/04\/automotive-2-150x150.webp 150w, https:\/\/lpr.de\/de\/wp-content\/uploads\/sites\/3\/2026\/04\/automotive-2-768x768.webp 768w\" sizes=\"auto, (max-width: 900px) 100vw, 900px\" \/><\/div><\/figure>[\/vc_column][\/vc_row][vc_row column_spacing=&#8221;60&#8243;][vc_column width=&#8221;1\/2&#8243;]<span class=\"vcex-heading vcex-heading-plain vcex-module wpex-heading wpex-text-2xl largeSectorCallout\"><span class=\"vcex-heading-inner wpex-inline-block\">Planbarkeit im Automotive After-Sales<\/span><\/span>[\/vc_column][vc_column width=&#8221;1\/2&#8243;][vc_column_text css=&#8221;&#8221; el_class=&#8221;sectorList&#8221;]\n<ul>\n<li>Sichere Teileverf\u00fcgbarkeit, damit Werkst\u00e4tten und H\u00e4ndler termingerecht liefern k\u00f6nnen.<\/li>\n<li>Bessere Planbarkeit von Ersatzteilen durch strukturierte und transparente Prozesse.<\/li>\n<li>Reduzierte Standzeiten in Werkst\u00e4tten durch verl\u00e4ssliche Teileanlieferung.<\/li>\n<li>Transparenz \u00fcber zeitkritische Sendungen und Materialfl\u00fcsse.<\/li>\n<li>Klare Verantwortlichkeiten entlang der gesamten Supply-Chain.<\/li>\n<li>Standardisierte Prozesse und einheitlich hohe Qualit\u00e4tsstandards in Deutschland und Europa.<\/li>\n<\/ul>\n[\/vc_column_text][\/vc_column][\/vc_row][vc_row column_spacing=&#8221;60&#8243; gap=&#8221;35&#8243; equal_height=&#8221;yes&#8221; remove_bottom_col_margin=&#8221;true&#8221; el_class=&#8221;iconTileHolder&#8221;][vc_column width=&#8221;1\/3&#8243;][vc_row_inner][vc_column_inner el_class=&#8221;iconTile supplychainTile&#8221;][vc_single_image image=&#8221;770&#8243; alignment=&#8221;center&#8221; css=&#8221;&#8221;]<h3 class=\"vcex-heading vcex-heading-plain vcex-module wpex-heading wpex-text-2xl wpex-text-center iconTileHolder\"><span class=\"vcex-heading-inner wpex-inline-block\">Verl\u00e4ssliche Ersatzteilversorgung \u00fcber Standorte hinweg<\/span><\/h3>[vc_column_text css=&#8221;&#8221;]LPR hilft, zugesagte Service-Level gegen\u00fcber Werkst\u00e4tten und H\u00e4ndlern besser einzuhalten \u2013 durch transparente und klare Prozesse.[\/vc_column_text][\/vc_column_inner][\/vc_row_inner][\/vc_column][vc_column width=&#8221;1\/3&#8243;][vc_row_inner][vc_column_inner el_class=&#8221;iconTile supplychainTile&#8221;][vc_single_image image=&#8221;751&#8243; alignment=&#8221;center&#8221; css=&#8221;&#8221;]<h3 class=\"vcex-heading vcex-heading-plain vcex-module wpex-heading wpex-text-2xl wpex-text-center iconTileHolder\"><span class=\"vcex-heading-inner wpex-inline-block\">Planbare Ersatzteilverf\u00fcgbarkeit<\/span><\/h3>[vc_column_text css=&#8221;&#8221;]Verl\u00e4ssliche Zustellprozesse stellen sicher, dass Ersatzteile termingerecht dort eintreffen, wo sie ben\u00f6tigt werden.[\/vc_column_text][\/vc_column_inner][\/vc_row_inner][\/vc_column][vc_column width=&#8221;1\/3&#8243;][vc_row_inner][vc_column_inner el_class=&#8221;iconTile supplychainTile&#8221;][vc_single_image image=&#8221;727&#8243; alignment=&#8221;center&#8221; css=&#8221;&#8221;]<h3 class=\"vcex-heading vcex-heading-plain vcex-module wpex-heading wpex-text-2xl wpex-text-center iconTileHolder\"><span class=\"vcex-heading-inner wpex-inline-block\">Flexibel und skalierbar<\/span><\/h3>[vc_column_text css=&#8221;&#8221;]Ob mehr Volumen, zus\u00e4tzliche Standorte oder neue Leistungsanforderungen \u2013 unsere Logistikbausteine lassen sich gezielt ausbauen, ohne Ihre bestehenden Prozesse zu \u00fcberlasten.[\/vc_column_text][\/vc_column_inner][\/vc_row_inner][\/vc_column][\/vc_row][vc_row remove_bottom_col_margin=&#8221;true&#8221; el_class=&#8221;callout&#8221; css=&#8221;.vc_custom_1776617887013{background-image: url(https:\/\/lpr.de\/de\/wp-content\/uploads\/sites\/3\/2026\/04\/auto-cta.webp?id=430) !important;background-position: center !important;background-repeat: no-repeat !important;background-size: cover !important;}&#8221;][vc_column width=&#8221;3\/4&#8243;]<h2 class=\"vcex-heading vcex-heading-plain vcex-module wpex-heading wpex-text-2xl white\"><span class=\"vcex-heading-inner wpex-inline-block\">Sprechen wir \u00fcber Ihre After-Sales Logistik.<\/span><\/h2>[\/vc_column][vc_column width=&#8221;1\/4&#8243;]<a href=\"\/de\/contact\/\" class=\"vcex-button theme-button inline solid widebut\"><span class=\"vcex-button-inner theme-button-inner wpex-flex wpex-flex-wrap wpex-items-center wpex-justify-center\">Kontakt aufnehmen<\/span><\/a> [\/vc_column][\/vc_row][vc_row remove_bottom_col_margin=&#8221;true&#8221;][vc_column]<h2 class=\"vcex-heading vcex-heading-plain vcex-module wpex-heading wpex-text-2xl\"><span class=\"vcex-heading-inner wpex-inline-block\">Kernservices f\u00fcr Automotive<\/span><\/h2>[vc_column_text css=&#8221;&#8221;]Entscheidend sind schnelle Verf\u00fcgbarkeit, konstant hohe Qualit\u00e4t und eine planbare Teileversorgung. Genau hier setzen die LPR Logistikservices an und schaffen die strukturellen Voraussetzungen f\u00fcr eine verl\u00e4ssliche Umsetzung.[\/vc_column_text][vc_row_inner remove_bottom_col_margin=&#8221;true&#8221; el_class=&#8221;relatedLinks&#8221;][vc_column_inner width=&#8221;1\/4&#8243;][vc_single_image image=&#8221;192&#8243; onclick=&#8221;custom_link&#8221; css=&#8221;&#8221; link=&#8221;\/de\/services\/nightexpress\/&#8221;]<h5 class=\"vcex-heading vcex-heading-plain vcex-module wpex-heading wpex-text-2xl\"><a href=\"\/de\/services\/nightexpress\/\" class=\"wpex-no-underline\" target=\"_self\"><span class=\"vcex-heading-inner wpex-inline-block\">Nachtexpress<\/span><\/a><\/h5>[vc_column_text css=&#8221;&#8221;]Nachtzustellung von kritischen Fahrzeugersatzteilen an Werkst\u00e4tten und H\u00e4ndlerbetriebe. So k\u00f6nnen Reparaturen am n\u00e4chsten Arbeitstag planbar starten.[\/vc_column_text][\/vc_column_inner][vc_column_inner width=&#8221;1\/4&#8243;][vc_single_image image=&#8221;189&#8243; onclick=&#8221;custom_link&#8221; css=&#8221;&#8221; link=&#8221;\/de\/services\/end-to-end-solutions\/&#8221;]<h5 class=\"vcex-heading vcex-heading-plain vcex-module wpex-heading wpex-text-2xl\"><a href=\"\/de\/services\/end-to-end-solutions\/\" class=\"wpex-no-underline\" target=\"_self\"><span class=\"vcex-heading-inner wpex-inline-block\">End-to-End solutions<\/span><\/a><\/h5>[vc_column_text css=&#8221;&#8221;]Integrierte End-to-End Szenarien vom Zentrallager, Regionall\u00e4ger bis zur Last-Mile. F\u00fcr durchg\u00e4ngig abgestimmte Prozesse und einheitliche Service-Level.[\/vc_column_text][\/vc_column_inner][vc_column_inner width=&#8221;1\/4&#8243;][vc_single_image image=&#8221;196&#8243; onclick=&#8221;custom_link&#8221; css=&#8221;&#8221; link=&#8221;\/de\/services\/warehousing\/&#8221;]<h5 class=\"vcex-heading vcex-heading-plain vcex-module wpex-heading wpex-text-2xl\"><a href=\"\/de\/services\/warehousing\/\" class=\"wpex-no-underline\" target=\"_self\"><span class=\"vcex-heading-inner wpex-inline-block\">Warehousing<\/span><\/a><\/h5>[vc_column_text css=&#8221;&#8221;]Strukturierte Lagerung technischer Komponenten mit definierten Prozessen f\u00fcr Einlagerung, Kommissionierung und Bestandskontrolle.[\/vc_column_text][\/vc_column_inner][vc_column_inner width=&#8221;1\/4&#8243;][\/vc_column_inner][\/vc_row_inner]<div class=\"vcex-module vcex-divider vcex-divider-solid vcex-divider-center wpex-mx-auto wpex-block wpex-h-0 wpex-border-b wpex-border-solid wpex-border-main\" style=\"margin-block-start:40px;border-bottom-width:2px;border-color:#0f329b;\"><\/div>[\/vc_column][\/vc_row][vc_row remove_bottom_col_margin=&#8221;true&#8221;][vc_column]<div class=\"templatera_shortcode\"><div class=\"vc_row wpb_row vc_row-fluid relatedLinks wpex-relative\"><div class=\"wpb_column vc_column_container vc_col-sm-4\"><div class=\"vc_column-inner\"><div class=\"wpb_wrapper\">\n\t<div  class=\"wpb_single_image wpb_content_element vc_align_ wpb_content_element\">\n\t\t\n\t\t<figure class=\"wpb_wrapper vc_figure\">\n\t\t\t<a href=\"\/de\/why-lpr\/\" target=\"_self\" class=\"vc_single_image-wrapper wpex-image-hover opacity   vc_box_border_grey\"><img width=\"828\" height=\"497\" src=\"https:\/\/lpr.de\/de\/wp-content\/uploads\/sites\/3\/2026\/04\/why-lpr-1.webp\" class=\"vc_single_image-img attachment-full\" alt=\"LPR engineer\" title=\"why-lpr (1)\" srcset=\"https:\/\/lpr.de\/de\/wp-content\/uploads\/sites\/3\/2026\/04\/why-lpr-1.webp 828w, https:\/\/lpr.de\/de\/wp-content\/uploads\/sites\/3\/2026\/04\/why-lpr-1-300x180.webp 300w, https:\/\/lpr.de\/de\/wp-content\/uploads\/sites\/3\/2026\/04\/why-lpr-1-768x461.webp 768w\" sizes=\"(max-width: 828px) 100vw, 828px\" \/><\/a>\n\t\t<\/figure>\n\t<\/div>\n<h5 class=\"vcex-heading vcex-heading-plain vcex-module wpex-heading wpex-text-2xl\"><a href=\"\/de\/why-lpr\/\" class=\"wpex-no-underline\" target=\"_self\"><span class=\"vcex-heading-inner wpex-inline-block\">Warum LPR?<\/span><\/a><\/h5>\n\t<div class=\"wpb_text_column wpb_content_element\" >\n\t\t<div class=\"wpb_wrapper\">\n\t\t\t<p>Weil wir Ersatzteillogistik mit Vor-Ort-Services und Rollouts kombinieren und so Ihre Serviceorganisation ganzheitlich im Feld unterst\u00fctzen.<\/p>\n\n\t\t<\/div>\n\t<\/div>\n<\/div><\/div><\/div><div class=\"wpb_column vc_column_container vc_col-sm-4\"><div class=\"vc_column-inner\"><div class=\"wpb_wrapper\">\n\t<div  class=\"wpb_single_image wpb_content_element vc_align_ wpb_content_element\">\n\t\t\n\t\t<figure class=\"wpb_wrapper vc_figure\">\n\t\t\t<a href=\"\/de\/services\/\" target=\"_self\" class=\"vc_single_image-wrapper wpex-image-hover opacity   vc_box_border_grey\"><img width=\"828\" height=\"497\" src=\"https:\/\/lpr.de\/de\/wp-content\/uploads\/sites\/3\/2026\/04\/find-solution.webp\" class=\"vc_single_image-img attachment-full\" alt=\"driver in van\" title=\"find-solution\" srcset=\"https:\/\/lpr.de\/de\/wp-content\/uploads\/sites\/3\/2026\/04\/find-solution.webp 828w, https:\/\/lpr.de\/de\/wp-content\/uploads\/sites\/3\/2026\/04\/find-solution-300x180.webp 300w, https:\/\/lpr.de\/de\/wp-content\/uploads\/sites\/3\/2026\/04\/find-solution-768x461.webp 768w\" sizes=\"(max-width: 828px) 100vw, 828px\" \/><\/a>\n\t\t<\/figure>\n\t<\/div>\n<h5 class=\"vcex-heading vcex-heading-plain vcex-module wpex-heading wpex-text-2xl\"><a href=\"\/de\/services\/\" class=\"wpex-no-underline\" target=\"_self\"><span class=\"vcex-heading-inner wpex-inline-block\">Finden Sie Ihre L\u00f6sung<\/span><\/a><\/h5>\n\t<div class=\"wpb_text_column wpb_content_element\" >\n\t\t<div class=\"wpb_wrapper\">\n\t\t\t<p>Stellen Sie Ihr individuelles Setup aus Logistik- und Servicebausteinen zusammen \u2013 von einzelnen Leistungsbaustein bis zu End-to-End-Szenarien.<\/p>\n\n\t\t<\/div>\n\t<\/div>\n<\/div><\/div><\/div><div class=\"wpb_column vc_column_container vc_col-sm-4\"><div class=\"vc_column-inner\"><div class=\"wpb_wrapper\">\n\t<div  class=\"wpb_single_image wpb_content_element vc_align_ wpb_content_element\">\n\t\t\n\t\t<figure class=\"wpb_wrapper vc_figure\">\n\t\t\t<a href=\"\/de\/insights\/\" target=\"_self\" class=\"vc_single_image-wrapper wpex-image-hover opacity   vc_box_border_grey\"><img width=\"828\" height=\"497\" src=\"https:\/\/lpr.de\/de\/wp-content\/uploads\/sites\/3\/2026\/04\/insights-small.webp\" class=\"vc_single_image-img attachment-full\" alt=\"conveyor belt\" title=\"insights-small\" srcset=\"https:\/\/lpr.de\/de\/wp-content\/uploads\/sites\/3\/2026\/04\/insights-small.webp 828w, https:\/\/lpr.de\/de\/wp-content\/uploads\/sites\/3\/2026\/04\/insights-small-300x180.webp 300w, https:\/\/lpr.de\/de\/wp-content\/uploads\/sites\/3\/2026\/04\/insights-small-768x461.webp 768w\" sizes=\"(max-width: 828px) 100vw, 828px\" \/><\/a>\n\t\t<\/figure>\n\t<\/div>\n<h5 class=\"vcex-heading vcex-heading-plain vcex-module wpex-heading wpex-text-2xl\"><a href=\"\/de\/insights\/\" class=\"wpex-no-underline\" target=\"_self\"><span class=\"vcex-heading-inner wpex-inline-block\">Insights<\/span><\/a><\/h5>\n\t<div class=\"wpb_text_column wpb_content_element\" >\n\t\t<div class=\"wpb_wrapper\">\n\t\t\t<p>Entdecken Sie Praxisbeispiele, wie Retailer durch integrierte Logistik- und Serviceketten Verf\u00fcgbarkeit, Transparenz und Steuerbarkeit erh\u00f6hen.<\/p>\n\n\t\t<\/div>\n\t<\/div>\n<\/div><\/div><\/div><\/div><\/div>[\/vc_column][\/vc_row]\n<\/div>","protected":false},"excerpt":{"rendered":"Wenn Verf\u00fcgbarkeit \u00fcber Kundentreue entscheidet In der Automobilbranche ist Teileverf\u00fcgbarkeit kein interner Prozess, sondern ein Kundenerlebnis. Autofahrer und Flottenkunden erwarten minimale Standzeiten und schnelle L\u00f6sungen \u2013 Werkst\u00e4tten und Handel m\u00fcssen diese Erwartung zuverl\u00e4ssig erf\u00fcllen. Gleichzeitig stehen Hersteller und Importeure unter Kosten- und Service-Level-Druck. Fahrzeugmodelle werden komplexer, und Anforderungen der Endkundschaft ver\u00e4ndern sich. LPR unterst\u00fctzt Sie&hellip;","protected":false},"author":1,"featured_media":0,"parent":178,"menu_order":0,"comment_status":"closed","ping_status":"closed","template":"","meta":{"inline_featured_image":false,"footnotes":""},"class_list":["post-180","page","type-page","status-publish","hentry","entry","no-media"],"_links":{"self":[{"href":"https:\/\/lpr.de\/de\/wp-json\/wp\/v2\/pages\/180","targetHints":{"allow":["GET"]}}],"collection":[{"href":"https:\/\/lpr.de\/de\/wp-json\/wp\/v2\/pages"}],"about":[{"href":"https:\/\/lpr.de\/de\/wp-json\/wp\/v2\/types\/page"}],"author":[{"embeddable":true,"href":"https:\/\/lpr.de\/de\/wp-json\/wp\/v2\/users\/1"}],"replies":[{"embeddable":true,"href":"https:\/\/lpr.de\/de\/wp-json\/wp\/v2\/comments?post=180"}],"version-history":[{"count":21,"href":"https:\/\/lpr.de\/de\/wp-json\/wp\/v2\/pages\/180\/revisions"}],"predecessor-version":[{"id":816,"href":"https:\/\/lpr.de\/de\/wp-json\/wp\/v2\/pages\/180\/revisions\/816"}],"up":[{"embeddable":true,"href":"https:\/\/lpr.de\/de\/wp-json\/wp\/v2\/pages\/178"}],"wp:attachment":[{"href":"https:\/\/lpr.de\/de\/wp-json\/wp\/v2\/media?parent=180"}],"curies":[{"name":"wp","href":"https:\/\/api.w.org\/{rel}","templated":true}]}}