{"id":128,"date":"2026-04-08T12:31:35","date_gmt":"2026-04-08T12:31:35","guid":{"rendered":"https:\/\/lpr.de\/de\/?page_id=128"},"modified":"2026-04-22T13:16:32","modified_gmt":"2026-04-22T13:16:32","slug":"warehousing","status":"publish","type":"page","link":"https:\/\/lpr.de\/de\/services\/warehousing\/","title":{"rendered":"Lagerlogistik f\u00fcr zeitkritische Ersatzteile"},"content":{"rendered":"<div class=\"wpb-content-wrapper\">[vc_row content_placement=&#8221;middle&#8221; column_spacing=&#8221;50&#8243; el_class=&#8221;swap-on-mobile&#8221;][vc_column width=&#8221;1\/2&#8243;]<h2 class=\"vcex-heading vcex-heading-plain vcex-module wpex-heading wpex-text-2xl\"><span class=\"vcex-heading-inner wpex-inline-block\">Lagerstrukturen, die Ihrem Service folgen<\/span><\/h2>[vc_column_text css=&#8221;&#8221; el_class=&#8221;removepad&#8221;]Ihre Ersatzteile sind kein Massengesch\u00e4ft. Deshalb bauen wir Warehouse-Strukturen, die Ihre Serviceprozesse abbilden \u2013 nicht umgekehrt. Vom FSL-Standort bis zum zentralen Ersatzteillager sind Prozesse, Best\u00e4nde und Zugriffe konsequent auf SLA-relevante Eins\u00e4tze abgestimmt.<\/p>\n<p>Sie behalten die volle Transparenz: Best\u00e4nden, Bewegungen und Servicelevels. Strukturierte Daten und klare Schnittstellen schaffen die Grundlage f\u00fcr Planungssicherheit \u2013 auch bei komplexen Anforderungen.<\/p>\n<p>Auf Wunsch binden wir Ihr Warehouse direkt an den LPR Nachtexpress und g\u00e4ngige KEP-Systeme an. So werden Lager und Transport zu einem durchg\u00e4ngigen, steuerbaren Baustein in Ihrem After-Sales-Setup.<br \/>\n[\/vc_column_text][\/vc_column][vc_column width=&#8221;1\/2&#8243;]<figure class=\"vcex-image vcex-module\"><div class=\"vcex-image-inner wpex-relative wpex-inline-block\"><img width=\"850\" height=\"850\" src=\"https:\/\/lpr.de\/de\/wp-content\/uploads\/sites\/3\/2026\/04\/warehousing-2.webp\" class=\"vcex-image-img wpex-align-middle wpex-aspect-4-3 wpex-object-cover\" alt=\"warehouse team\" loading=\"lazy\" decoding=\"async\" srcset=\"https:\/\/lpr.de\/de\/wp-content\/uploads\/sites\/3\/2026\/04\/warehousing-2.webp 850w, https:\/\/lpr.de\/de\/wp-content\/uploads\/sites\/3\/2026\/04\/warehousing-2-300x300.webp 300w, https:\/\/lpr.de\/de\/wp-content\/uploads\/sites\/3\/2026\/04\/warehousing-2-150x150.webp 150w, https:\/\/lpr.de\/de\/wp-content\/uploads\/sites\/3\/2026\/04\/warehousing-2-768x768.webp 768w\" sizes=\"auto, (max-width: 850px) 100vw, 850px\" \/><\/div><\/figure>[\/vc_column][\/vc_row][vc_row remove_bottom_col_margin=&#8221;true&#8221;][vc_column]<h2 class=\"vcex-heading vcex-heading-plain vcex-module wpex-heading wpex-text-2xl wpex-text-center\"><span class=\"vcex-heading-inner wpex-inline-block\">Why use LPR?<\/span><\/h2>[\/vc_column][\/vc_row][vc_row column_spacing=&#8221;50&#8243; gap=&#8221;35&#8243; equal_height=&#8221;yes&#8221; remove_bottom_col_margin=&#8221;true&#8221; el_class=&#8221;iconTileHolder&#8221;][vc_column width=&#8221;1\/3&#8243;][vc_row_inner][vc_column_inner el_class=&#8221;iconTile supplychainTile&#8221;][vc_single_image image=&#8221;725&#8243; alignment=&#8221;center&#8221; css=&#8221;&#8221;]<h3 class=\"vcex-heading vcex-heading-plain vcex-module wpex-heading wpex-text-2xl wpex-text-center iconTileHolder\"><span class=\"vcex-heading-inner wpex-inline-block\">Individuelle Warehouse-Konzepte f\u00fcr zeitkritische Ersatzteile \u2013 abgestimmt auf Ihre Prozesse.<\/span><\/h3>[\/vc_column_inner][\/vc_row_inner][\/vc_column][vc_column width=&#8221;1\/3&#8243;][vc_row_inner][vc_column_inner el_class=&#8221;iconTile supplychainTile&#8221;][vc_single_image image=&#8221;726&#8243; alignment=&#8221;center&#8221; css=&#8221;&#8221;]<h3 class=\"vcex-heading vcex-heading-plain vcex-module wpex-heading wpex-text-2xl wpex-text-center iconTileHolder\"><span class=\"vcex-heading-inner wpex-inline-block\">Klare Transparenz \u00fcber Best\u00e4nde, Warenbewegungen und Kennzahlen \u2013 wahlweise in unserem WMS oder in Ihrem bestehenden Systemumfeld.<\/span><\/h3>[\/vc_column_inner][\/vc_row_inner][\/vc_column][vc_column width=&#8221;1\/3&#8243;][vc_row_inner][vc_column_inner el_class=&#8221;iconTile supplychainTile&#8221;][vc_single_image image=&#8221;727&#8243; alignment=&#8221;center&#8221; css=&#8221;&#8221;]<h3 class=\"vcex-heading vcex-heading-plain vcex-module wpex-heading wpex-text-2xl wpex-text-center iconTileHolder\"><span class=\"vcex-heading-inner wpex-inline-block\">Nahtlose Anbindung an das LPR Logistik-Netzwerk und g\u00e4ngige KEP-Systeme f\u00fcr schnelle Verf\u00fcgbarkeit.<\/span><\/h3>[\/vc_column_inner][\/vc_row_inner][\/vc_column][\/vc_row][vc_row column_spacing=&#8221;60&#8243; gap=&#8221;35&#8243; equal_height=&#8221;yes&#8221; el_class=&#8221;iconTileHolder&#8221;][vc_column width=&#8221;1\/3&#8243;][vc_row_inner][vc_column_inner el_class=&#8221;iconTile supplychainTile&#8221;][vc_single_image image=&#8221;728&#8243; alignment=&#8221;center&#8221; css=&#8221;&#8221;]<h3 class=\"vcex-heading vcex-heading-plain vcex-module wpex-heading wpex-text-2xl wpex-text-center iconTileHolder\"><span class=\"vcex-heading-inner wpex-inline-block\">Gezielte Bestandsreduzierung ohne unn\u00f6tiges Risiko f\u00fcr Ihre Einsatzbereitschaft.<\/span><\/h3>[\/vc_column_inner][\/vc_row_inner][\/vc_column][vc_column width=&#8221;1\/3&#8243;][vc_row_inner][vc_column_inner el_class=&#8221;iconTile supplychainTile&#8221;][vc_single_image image=&#8221;729&#8243; alignment=&#8221;center&#8221; css=&#8221;&#8221;]<h3 class=\"vcex-heading vcex-heading-plain vcex-module wpex-heading wpex-text-2xl wpex-text-center iconTileHolder\"><span class=\"vcex-heading-inner wpex-inline-block\">Skalierbare Strukturen f\u00fcr saisonale Peaks, neue Produkte und zus\u00e4tzliche Servicegebiete.<\/span><\/h3>[\/vc_column_inner][\/vc_row_inner][\/vc_column][vc_column width=&#8221;1\/3&#8243;][vc_row_inner][vc_column_inner el_class=&#8221;iconTile supplychainTile&#8221;][vc_single_image image=&#8221;730&#8243; alignment=&#8221;center&#8221; css=&#8221;&#8221;]<h3 class=\"vcex-heading vcex-heading-plain vcex-module wpex-heading wpex-text-2xl wpex-text-center iconTileHolder\"><span class=\"vcex-heading-inner wpex-inline-block\">Technische Mehrwertleistungen im Lager - Refurbishment, Staging und Assembling werden direkt in die Lagerprozesse integriert \u2013 ohne Prozessbr\u00fcche.<\/span><\/h3>[\/vc_column_inner][\/vc_row_inner][\/vc_column][\/vc_row][vc_row content_placement=&#8221;middle&#8221; column_spacing=&#8221;50&#8243; el_class=&#8221;padtop&#8221;][vc_column width=&#8221;1\/3&#8243;][vc_single_image image=&#8221;176&#8243; css=&#8221;&#8221;][\/vc_column][vc_column width=&#8221;2\/3&#8243;]<h2 class=\"vcex-heading vcex-heading-plain vcex-module wpex-heading wpex-text-2xl yellow\"><span class=\"vcex-heading-inner wpex-inline-block\">Mehr als Lagerfl\u00e4che: Prozessgef\u00fchrtes Warehouse-Management<\/span><\/h2>[vc_column_text css=&#8221;&#8221; el_class=&#8221;removepad&#8221;]Wir denken die Lagerung von Ersatzteile aus Sicht Ihres Servicegesch\u00e4fts. Statt Standardprozessen im Massengesch\u00e4ft definieren wir klare, nachvollziehbare Abl\u00e4ufe f\u00fcr zeitkritische Ersatzteile \u2013 von der Einlagerung \u00fcber Cut-off-Zeiten bis zur \u00dcbergabe an den Nachtexpress oder KEP-Dienstleister. So bleibt Ihr Technikerteam vor Ort planbar einsatzbereit.<\/p>\n<p>Gleichzeitig behalten Sie die Kontrolle: mit transparenten Best\u00e4nden und nachvollziehbarer Dokumentation jeder Warenbewegung. Unsere L\u00f6sungen bleiben modular \u2013 vom einzelnen Lagerstandort bis zur integrierten End-to-End-L\u00f6sung f\u00fcgen wir nur die Bausteine hinzu, die Sie wirklich ben\u00f6tigen.<br \/>\n[\/vc_column_text][\/vc_column][\/vc_row][vc_row remove_bottom_col_margin=&#8221;true&#8221; el_class=&#8221;callout&#8221; css=&#8221;.vc_custom_1776618374632{background-image: url(https:\/\/lpr.de\/de\/wp-content\/uploads\/sites\/3\/2026\/04\/warehousing-cta.webp?id=434) !important;background-position: center !important;background-repeat: no-repeat !important;background-size: cover !important;}&#8221;][vc_column width=&#8221;3\/4&#8243;]<h2 class=\"vcex-heading vcex-heading-plain vcex-module wpex-heading wpex-text-2xl white\"><span class=\"vcex-heading-inner wpex-inline-block\">Sprechen wir \u00fcber Ihr Ersatzteil-Warehouse.<\/span><\/h2>[\/vc_column][vc_column width=&#8221;1\/4&#8243;]<a href=\"\/de\/contact\/\" class=\"vcex-button theme-button inline solid widebut\"><span class=\"vcex-button-inner theme-button-inner wpex-flex wpex-flex-wrap wpex-items-center wpex-justify-center\">Mehr Informationen<\/span><\/a> [\/vc_column][\/vc_row][vc_row remove_bottom_col_margin=&#8221;true&#8221;][vc_column]<h2 class=\"vcex-heading vcex-heading-plain vcex-module wpex-heading wpex-text-2xl\"><span class=\"vcex-heading-inner wpex-inline-block\">Unsere Kernbranchen f\u00fcr Warehouse-L\u00f6sungen<\/span><\/h2>[vc_column_text css=&#8221;&#8221;]Wir kombinieren Warehouse-Expertise f\u00fcr zeitkritische Ersatzteile mit Branchenverst\u00e4ndnis \u2013 f\u00fcr verl\u00e4ssliche Versorgung Ihrer Kunden und Serviceorganisation.[\/vc_column_text][vc_row_inner el_class=&#8221;relatedLinks&#8221;][vc_column_inner width=&#8221;1\/4&#8243;][vc_single_image image=&#8221;69&#8243; onclick=&#8221;custom_link&#8221; css=&#8221;&#8221; link=&#8221;\/de\/industries\/material-handling\/&#8221; img_hover=&#8221;opacity&#8221;]<h5 class=\"vcex-heading vcex-heading-plain vcex-module wpex-heading wpex-text-2xl\"><a href=\"\/de\/industries\/material-handling\/\" class=\"wpex-no-underline\" target=\"_self\"><span class=\"vcex-heading-inner wpex-inline-block\">Material Handling<\/span><\/a><\/h5>[vc_column_text css=&#8221;&#8221; el_class=&#8221;removepad&#8221;]Effiziente Ersatzteil-Lager f\u00fcr Flurf\u00f6rderzeuge und Lagertechnik mit klarer Verf\u00fcgbarkeit f\u00fcr Ihre Eins\u00e4tze.[\/vc_column_text][\/vc_column_inner][vc_column_inner width=&#8221;1\/4&#8243;][vc_single_image image=&#8221;68&#8243; onclick=&#8221;custom_link&#8221; css=&#8221;&#8221; link=&#8221;\/de\/industries\/engineering\/&#8221; img_hover=&#8221;opacity&#8221;]<h5 class=\"vcex-heading vcex-heading-plain vcex-module wpex-heading wpex-text-2xl\"><a href=\"\/de\/sectors\/engineering\/\" class=\"wpex-no-underline\" target=\"_self\"><span class=\"vcex-heading-inner wpex-inline-block\">Engineering<\/span><\/a><\/h5>[vc_column_text css=&#8221;&#8221; el_class=&#8221;removepad&#8221;]Ersatzteillogistik f\u00fcr komplexe Maschinenparks \u2013 mit gesicherter Verf\u00fcgbarkeit und transparenter Bestandssteuerung.[\/vc_column_text][\/vc_column_inner][vc_column_inner width=&#8221;1\/4&#8243;][vc_single_image image=&#8221;663&#8243; onclick=&#8221;custom_link&#8221; css=&#8221;&#8221; link=&#8221;\/de\/industries\/infrastructure\/&#8221; img_hover=&#8221;opacity&#8221;]<h5 class=\"vcex-heading vcex-heading-plain vcex-module wpex-heading wpex-text-2xl\"><a href=\"\/sectors\/infrastructure\/\" class=\"wpex-no-underline\" target=\"_self\"><span class=\"vcex-heading-inner wpex-inline-block\">Infrastruktur<\/span><\/a><\/h5>[vc_column_text css=&#8221;&#8221; el_class=&#8221;removepad&#8221;]Lagerung zeitkritischer Komponenten f\u00fcr Infrastruktur und Netze mit klar geregelten Servicezugriffen.[\/vc_column_text][\/vc_column_inner][vc_column_inner width=&#8221;1\/4&#8243;][vc_single_image image=&#8221;65&#8243; onclick=&#8221;custom_link&#8221; css=&#8221;&#8221; link=&#8221;\/de\/industries\/Medtech\/&#8221; img_hover=&#8221;opacity&#8221;]<h5 class=\"vcex-heading vcex-heading-plain vcex-module wpex-heading wpex-text-2xl\"><a href=\"\/de\/sectors\/Medtech\/\" class=\"wpex-no-underline\" target=\"_self\"><span class=\"vcex-heading-inner wpex-inline-block\">MedTech<\/span><\/a><\/h5>[vc_column_text css=&#8221;&#8221; el_class=&#8221;removepad&#8221;]Prozessorientierte Lagerung sensibler Medizintechnik-Ersatzteile mit Fokus auf Verf\u00fcgbarkeit, Nachvollziehbarkeit und Compliance.[\/vc_column_text][\/vc_column_inner][\/vc_row_inner][\/vc_column][\/vc_row]\n<\/div>","protected":false},"excerpt":{"rendered":"<p>[vc_row content_placement=&#8221;middle&#8221; column_spacing=&#8221;50&#8243; el_class=&#8221;swap-on-mobile&#8221;][vc_column width=&#8221;1\/2&#8243;][vc_column_text css=&#8221;&#8221; el_class=&#8221;removepad&#8221;]Ihre Ersatzteile sind kein Massengesch\u00e4ft. Deshalb bauen wir Warehouse-Strukturen, die Ihre Serviceprozesse abbilden \u2013 nicht umgekehrt. Vom FSL-Standort bis zum zentralen Ersatzteillager sind Prozesse, Best\u00e4nde und Zugriffe konsequent auf SLA-relevante Eins\u00e4tze abgestimmt. Sie behalten die volle Transparenz: Best\u00e4nden, Bewegungen und Servicelevels. Strukturierte Daten und klare Schnittstellen schaffen die Grundlage&hellip;<\/p>\n","protected":false},"author":1,"featured_media":0,"parent":82,"menu_order":0,"comment_status":"closed","ping_status":"closed","template":"","meta":{"inline_featured_image":false,"footnotes":""},"class_list":["post-128","page","type-page","status-publish","hentry","entry","no-media"],"_links":{"self":[{"href":"https:\/\/lpr.de\/de\/wp-json\/wp\/v2\/pages\/128","targetHints":{"allow":["GET"]}}],"collection":[{"href":"https:\/\/lpr.de\/de\/wp-json\/wp\/v2\/pages"}],"about":[{"href":"https:\/\/lpr.de\/de\/wp-json\/wp\/v2\/types\/page"}],"author":[{"embeddable":true,"href":"https:\/\/lpr.de\/de\/wp-json\/wp\/v2\/users\/1"}],"replies":[{"embeddable":true,"href":"https:\/\/lpr.de\/de\/wp-json\/wp\/v2\/comments?post=128"}],"version-history":[{"count":12,"href":"https:\/\/lpr.de\/de\/wp-json\/wp\/v2\/pages\/128\/revisions"}],"predecessor-version":[{"id":793,"href":"https:\/\/lpr.de\/de\/wp-json\/wp\/v2\/pages\/128\/revisions\/793"}],"up":[{"embeddable":true,"href":"https:\/\/lpr.de\/de\/wp-json\/wp\/v2\/pages\/82"}],"wp:attachment":[{"href":"https:\/\/lpr.de\/de\/wp-json\/wp\/v2\/media?parent=128"}],"curies":[{"name":"wp","href":"https:\/\/api.w.org\/{rel}","templated":true}]}}