{"id":124,"date":"2026-04-08T12:14:49","date_gmt":"2026-04-08T12:14:49","guid":{"rendered":"https:\/\/lpr.de\/de\/?page_id=124"},"modified":"2026-04-22T13:18:41","modified_gmt":"2026-04-22T13:18:41","slug":"technical-repair-centre","status":"publish","type":"page","link":"https:\/\/lpr.de\/de\/services\/technical-repair-centre\/","title":{"rendered":"Repair Center"},"content":{"rendered":"<div class=\"wpb-content-wrapper\">[vc_row content_placement=&#8221;middle&#8221; column_spacing=&#8221;50&#8243; el_class=&#8221;swap-on-mobile&#8221;][vc_column width=&#8221;1\/2&#8243;]<h2 class=\"vcex-heading vcex-heading-plain vcex-module wpex-heading wpex-text-2xl\"><span class=\"vcex-heading-inner wpex-inline-block\">Zentrales Repair-Center f\u00fcr zuverl\u00e4ssige Ger\u00e4teinstandsetzung.<\/span><\/h2>[vc_column_text css=&#8221;&#8221; el_class=&#8221;removepad&#8221;]Viele Hersteller, Distributoren und H\u00e4ndler sto\u00dfen bei Reparaturen an Grenzen. Vor-Ort-L\u00f6sungen sind teuer, schwer zu standardisieren und nur begrenzt skalierbar. Gleichzeitig erwarten Ihre Gesch\u00e4ftskunden eine schnelle, verl\u00e4ssliche Abwicklung \u2013 innerhalb und au\u00dferhalb der Garantiezeit.<\/p>\n<p>Mit dem Repair Center von LPR verlagern Sie Reparaturen in eine professionelle Werkstattstruktur. Sie erhalten planbare Kosten pro Reparaturfall, klare Prozesse und einheitliche Qualit\u00e4t.<\/p>\n<p>LPR arbeitet ausschlie\u00dflich im B2B-Auftrag. Wir stehen im Hintergrund, Sie behalten die Beziehung zu Ihren Kunden \u2013 und Ihr Serviceversprechen bleibt konsequent eingehalten.<br \/>\n[\/vc_column_text][\/vc_column][vc_column width=&#8221;1\/2&#8243;]<figure class=\"vcex-image vcex-module\"><div class=\"vcex-image-inner wpex-relative wpex-inline-block\"><img width=\"850\" height=\"850\" src=\"https:\/\/lpr.de\/de\/wp-content\/uploads\/sites\/3\/2026\/04\/tech-repair-1.webp\" class=\"vcex-image-img wpex-align-middle wpex-aspect-4-3 wpex-object-cover\" alt=\"technical repair\" loading=\"lazy\" decoding=\"async\" srcset=\"https:\/\/lpr.de\/de\/wp-content\/uploads\/sites\/3\/2026\/04\/tech-repair-1.webp 850w, https:\/\/lpr.de\/de\/wp-content\/uploads\/sites\/3\/2026\/04\/tech-repair-1-300x300.webp 300w, https:\/\/lpr.de\/de\/wp-content\/uploads\/sites\/3\/2026\/04\/tech-repair-1-150x150.webp 150w, https:\/\/lpr.de\/de\/wp-content\/uploads\/sites\/3\/2026\/04\/tech-repair-1-768x768.webp 768w\" sizes=\"auto, (max-width: 850px) 100vw, 850px\" \/><\/div><\/figure>[\/vc_column][\/vc_row][vc_row remove_bottom_col_margin=&#8221;true&#8221;][vc_column]<h2 class=\"vcex-heading vcex-heading-plain vcex-module wpex-heading wpex-text-2xl wpex-text-center\"><span class=\"vcex-heading-inner wpex-inline-block\">Warum LPR verwenden?<\/span><\/h2>[\/vc_column][\/vc_row][vc_row column_spacing=&#8221;50&#8243; gap=&#8221;35&#8243; equal_height=&#8221;yes&#8221; remove_bottom_col_margin=&#8221;true&#8221; el_class=&#8221;iconTileHolder&#8221;][vc_column width=&#8221;1\/3&#8243;][vc_row_inner][vc_column_inner el_class=&#8221;iconTile supplychainTile&#8221;][vc_single_image image=&#8221;732&#8243; alignment=&#8221;center&#8221; css=&#8221;&#8221;]<h3 class=\"vcex-heading vcex-heading-plain vcex-module wpex-heading wpex-text-2xl wpex-text-center iconTileHolder\"><span class=\"vcex-heading-inner wpex-inline-block\">Planbare Kosten pro Auftrag<\/span><\/h3>[vc_column_text css=&#8221;&#8221;]Standardisierte Reparatur-Prozesse erm\u00f6glichen klare Kostenstrukturen je Ger\u00e4tetyp und Servicefall.[\/vc_column_text][\/vc_column_inner][\/vc_row_inner][\/vc_column][vc_column width=&#8221;1\/3&#8243;][vc_row_inner][vc_column_inner el_class=&#8221;iconTile supplychainTile&#8221;][vc_single_image image=&#8221;733&#8243; alignment=&#8221;center&#8221; css=&#8221;&#8221;]<h3 class=\"vcex-heading vcex-heading-plain vcex-module wpex-heading wpex-text-2xl wpex-text-center iconTileHolder\"><span class=\"vcex-heading-inner wpex-inline-block\">Skalierbare Kapazit\u00e4ten<\/span><\/h3>[vc_column_text css=&#8221;&#8221;]Reparaturvolumen lassen sich flexibel hoch- und herunterfahren, ohne eigene Werkstattressourcen aufzubauen.[\/vc_column_text][\/vc_column_inner][\/vc_row_inner][\/vc_column][vc_column width=&#8221;1\/3&#8243;][vc_row_inner][vc_column_inner el_class=&#8221;iconTile supplychainTile&#8221;][vc_single_image image=&#8221;726&#8243; alignment=&#8221;center&#8221; css=&#8221;&#8221;]<h3 class=\"vcex-heading vcex-heading-plain vcex-module wpex-heading wpex-text-2xl wpex-text-center iconTileHolder\"><span class=\"vcex-heading-inner wpex-inline-block\">Transparenz und Reporting<\/span><\/h3>[vc_column_text css=&#8221;&#8221;]Jedes Ger\u00e4t ist \u00fcber den gesamten Prozess hinweg nachverfolgbar, inklusive Status und Auswertungen.[\/vc_column_text][\/vc_column_inner][\/vc_row_inner][\/vc_column][\/vc_row][vc_row column_spacing=&#8221;60&#8243; gap=&#8221;35&#8243; equal_height=&#8221;yes&#8221; el_class=&#8221;iconTileHolder&#8221;][vc_column width=&#8221;1\/3&#8243;][vc_row_inner][vc_column_inner el_class=&#8221;iconTile supplychainTile&#8221;][vc_single_image image=&#8221;734&#8243; alignment=&#8221;center&#8221; css=&#8221;&#8221;]<h3 class=\"vcex-heading vcex-heading-plain vcex-module wpex-heading wpex-text-2xl wpex-text-center iconTileHolder\"><span class=\"vcex-heading-inner wpex-inline-block\">Standardisierte Qualit\u00e4t<\/span><\/h3>[vc_column_text css=&#8221;&#8221;]Einheitliche Pr\u00fcf- und Reparaturschritte sorgen f\u00fcr vergleichbare Qualit\u00e4t.[\/vc_column_text][\/vc_column_inner][\/vc_row_inner][\/vc_column][vc_column width=&#8221;1\/3&#8243;][vc_row_inner][vc_column_inner el_class=&#8221;iconTile supplychainTile&#8221;][vc_single_image image=&#8221;735&#8243; alignment=&#8221;center&#8221; css=&#8221;&#8221;]<h3 class=\"vcex-heading vcex-heading-plain vcex-module wpex-heading wpex-text-2xl wpex-text-center iconTileHolder\"><span class=\"vcex-heading-inner wpex-inline-block\">Mehr als Reparatur<\/span><\/h3>[vc_column_text css=&#8221;&#8221;]Refurbishment, Wartungen, Pr\u00fcfungen sowie Staging und Assembling werden zentral geb\u00fcndelt und effizient umgesetzt.[\/vc_column_text][\/vc_column_inner][\/vc_row_inner][\/vc_column][vc_column width=&#8221;1\/3&#8243;][vc_row_inner][vc_column_inner el_class=&#8221;iconTile supplychainTile&#8221;][vc_single_image image=&#8221;736&#8243; alignment=&#8221;center&#8221; css=&#8221;&#8221;]<h3 class=\"vcex-heading vcex-heading-plain vcex-module wpex-heading wpex-text-2xl wpex-text-center iconTileHolder\"><span class=\"vcex-heading-inner wpex-inline-block\">Markenversprechen gesch\u00fctzt<\/span><\/h3>[vc_column_text css=&#8221;&#8221;]Ihre Kunden erleben einen professionellen Service, w\u00e4hrend Ihre Marke sichtbar im Vordergrund bleibt.[\/vc_column_text][\/vc_column_inner][\/vc_row_inner][\/vc_column][\/vc_row][vc_row content_placement=&#8221;middle&#8221; column_spacing=&#8221;50&#8243; el_class=&#8221;padtop&#8221;][vc_column width=&#8221;1\/3&#8243;][vc_single_image image=&#8221;173&#8243; css=&#8221;&#8221;][\/vc_column][vc_column width=&#8221;2\/3&#8243;]<h2 class=\"vcex-heading vcex-heading-plain vcex-module wpex-heading wpex-text-2xl yellow\"><span class=\"vcex-heading-inner wpex-inline-block\">Repair-Center als verl\u00e4ngerter Arm Ihres Serviceversprechens<\/span><\/h2>[vc_column_text css=&#8221;&#8221; el_class=&#8221;removepad&#8221;]Das Repair Center von LPR ist kein anonymer Werkstattdienst. Wir arbeiten als integrierter Teil Ihrer Serviceorganisation. Abl\u00e4ufe, Kommunikationswege und Dokumentation werden auf Ihre Ger\u00e4te, Ihre M\u00e4rkte und Ihre bestehenden Prozesse zugeschnitten. So behalten Sie die Kontrolle, ohne eigene Repair-Center aufbauen oder erweitern zu m\u00fcssen.<\/p>\n<p>Sie erhalten klar strukturierte, modular aufgebaute Leistungen: vom reinen Werkstatt-Repair \u00fcber Test, Refurbishment und Austauschlogik bis zu detailliertem Reporting. Wir nehmen keine direkten Endkundenauftr\u00e4ge an und konzentrieren uns vollst\u00e4ndig auf Hersteller, Distributoren und H\u00e4ndler. Damit bleiben Markenf\u00fchrung, Preisgestaltung und Kundenerlebnis in Ihrer Hand \u2013 bei gleichzeitig professioneller Ausf\u00fchrung im Hintergrund.<br \/>\n[\/vc_column_text][\/vc_column][\/vc_row][vc_row remove_bottom_col_margin=&#8221;true&#8221; el_class=&#8221;callout&#8221; css=&#8221;.vc_custom_1776619000029{background-image: url(https:\/\/lpr.de\/de\/wp-content\/uploads\/sites\/3\/2026\/04\/repair-cta.webp?id=437) !important;background-position: center !important;background-repeat: no-repeat !important;background-size: cover !important;}&#8221;][vc_column width=&#8221;3\/4&#8243;]<h2 class=\"vcex-heading vcex-heading-plain vcex-module wpex-heading wpex-text-2xl white\"><span class=\"vcex-heading-inner wpex-inline-block\">Sprechen wir \u00fcber Ihre Anforderungen.<\/span><\/h2>[\/vc_column][vc_column width=&#8221;1\/4&#8243;]<a href=\"\/de\/contact\/\" class=\"vcex-button theme-button inline solid widebut\"><span class=\"vcex-button-inner theme-button-inner wpex-flex wpex-flex-wrap wpex-items-center wpex-justify-center\">Erfahren Sie mehr<\/span><\/a> [\/vc_column][\/vc_row][vc_row remove_bottom_col_margin=&#8221;true&#8221;][vc_column]<h2 class=\"vcex-heading vcex-heading-plain vcex-module wpex-heading wpex-text-2xl\"><span class=\"vcex-heading-inner wpex-inline-block\">Unsere Kernbranchen f\u00fcr unser Repair Center.<\/span><\/h2>[vc_column_text css=&#8221;&#8221;]Das LPR Repair Center wird \u00fcberall dort eingesetzt, wo Ger\u00e4teflotten zuverl\u00e4ssig, nachvollziehbar und markenkonform instand gesetzt werden m\u00fcssen. Besonders relevant ist der Service in folgenden Branchen:[\/vc_column_text][vc_row_inner el_class=&#8221;relatedLinks&#8221;][vc_column_inner width=&#8221;1\/4&#8243;][vc_single_image image=&#8221;65&#8243; onclick=&#8221;custom_link&#8221; css=&#8221;&#8221; link=&#8221;\/de\/industries\/Medtech\/&#8221; img_hover=&#8221;opacity&#8221;]<h5 class=\"vcex-heading vcex-heading-plain vcex-module wpex-heading wpex-text-2xl\"><a href=\"\/de\/sectors\/Medtech\/\" class=\"wpex-no-underline\" target=\"_self\"><span class=\"vcex-heading-inner wpex-inline-block\">MedTech<\/span><\/a><\/h5>[vc_column_text css=&#8221;&#8221; el_class=&#8221;removepad&#8221;]Nachvollziehbare Repair-Prozesse f\u00fcr sensible, zeitkritische medizintechnische Ger\u00e4te.[\/vc_column_text][\/vc_column_inner][vc_column_inner width=&#8221;1\/4&#8243;][vc_single_image image=&#8221;66&#8243; onclick=&#8221;custom_link&#8221; css=&#8221;&#8221; link=&#8221;\/de\/industries\/high-tech\/&#8221; img_hover=&#8221;opacity&#8221;]<h5 class=\"vcex-heading vcex-heading-plain vcex-module wpex-heading wpex-text-2xl\"><a href=\"\/de\/sectors\/high-tech\/\" class=\"wpex-no-underline\" target=\"_self\"><span class=\"vcex-heading-inner wpex-inline-block\">High Tech<\/span><\/a><\/h5>[vc_column_text css=&#8221;&#8221; el_class=&#8221;removepad&#8221;]Standardisierte Werkstatt-Reparaturen f\u00fcr komplexe Elektronik und Komponenten.[\/vc_column_text][\/vc_column_inner][vc_column_inner width=&#8221;1\/4&#8243;][vc_single_image image=&#8221;64&#8243; onclick=&#8221;custom_link&#8221; css=&#8221;&#8221; link=&#8221;\/de\/industries\/retail\/&#8221; img_hover=&#8221;opacity&#8221;]<h5 class=\"vcex-heading vcex-heading-plain vcex-module wpex-heading wpex-text-2xl\"><a href=\"\/de\/sectors\/retail\/\" class=\"wpex-no-underline\" target=\"_self\"><span class=\"vcex-heading-inner wpex-inline-block\">Retail<\/span><\/a><\/h5>[vc_column_text css=&#8221;&#8221; el_class=&#8221;removepad&#8221;]Zentrales Repair-Center f\u00fcr Kassensysteme und Kundenhardware.[\/vc_column_text][\/vc_column_inner][vc_column_inner width=&#8221;1\/4&#8243;][vc_single_image image=&#8221;71&#8243; onclick=&#8221;custom_link&#8221; css=&#8221;&#8221; link=&#8221;\/de\/industries\/office-devices\/&#8221; img_hover=&#8221;opacity&#8221;]<h5 class=\"vcex-heading vcex-heading-plain vcex-module wpex-heading wpex-text-2xl\"><a href=\"\/de\/sectors\/office-devices\/\" class=\"wpex-no-underline\" target=\"_self\"><span class=\"vcex-heading-inner wpex-inline-block\">Office Devices<\/span><\/a><\/h5>[vc_column_text css=&#8221;&#8221; el_class=&#8221;removepad&#8221;]Effiziente Werkstatt-Reparaturen f\u00fcr Drucker, MFPs und weitere B\u00fcroger\u00e4te.[\/vc_column_text][\/vc_column_inner][\/vc_row_inner][\/vc_column][\/vc_row]\n<\/div>","protected":false},"excerpt":{"rendered":"<p>[vc_row content_placement=&#8221;middle&#8221; column_spacing=&#8221;50&#8243; el_class=&#8221;swap-on-mobile&#8221;][vc_column width=&#8221;1\/2&#8243;][vc_column_text css=&#8221;&#8221; el_class=&#8221;removepad&#8221;]Viele Hersteller, Distributoren und H\u00e4ndler sto\u00dfen bei Reparaturen an Grenzen. Vor-Ort-L\u00f6sungen sind teuer, schwer zu standardisieren und nur begrenzt skalierbar. Gleichzeitig erwarten Ihre Gesch\u00e4ftskunden eine schnelle, verl\u00e4ssliche Abwicklung \u2013 innerhalb und au\u00dferhalb der Garantiezeit. Mit dem Repair Center von LPR verlagern Sie Reparaturen in eine professionelle Werkstattstruktur. Sie erhalten&hellip;<\/p>\n","protected":false},"author":1,"featured_media":0,"parent":82,"menu_order":0,"comment_status":"closed","ping_status":"closed","template":"","meta":{"inline_featured_image":false,"footnotes":""},"class_list":["post-124","page","type-page","status-publish","hentry","entry","no-media"],"_links":{"self":[{"href":"https:\/\/lpr.de\/de\/wp-json\/wp\/v2\/pages\/124","targetHints":{"allow":["GET"]}}],"collection":[{"href":"https:\/\/lpr.de\/de\/wp-json\/wp\/v2\/pages"}],"about":[{"href":"https:\/\/lpr.de\/de\/wp-json\/wp\/v2\/types\/page"}],"author":[{"embeddable":true,"href":"https:\/\/lpr.de\/de\/wp-json\/wp\/v2\/users\/1"}],"replies":[{"embeddable":true,"href":"https:\/\/lpr.de\/de\/wp-json\/wp\/v2\/comments?post=124"}],"version-history":[{"count":10,"href":"https:\/\/lpr.de\/de\/wp-json\/wp\/v2\/pages\/124\/revisions"}],"predecessor-version":[{"id":794,"href":"https:\/\/lpr.de\/de\/wp-json\/wp\/v2\/pages\/124\/revisions\/794"}],"up":[{"embeddable":true,"href":"https:\/\/lpr.de\/de\/wp-json\/wp\/v2\/pages\/82"}],"wp:attachment":[{"href":"https:\/\/lpr.de\/de\/wp-json\/wp\/v2\/media?parent=124"}],"curies":[{"name":"wp","href":"https:\/\/api.w.org\/{rel}","templated":true}]}}