{"id":119,"date":"2026-04-08T12:03:18","date_gmt":"2026-04-08T12:03:18","guid":{"rendered":"https:\/\/lpr.de\/de\/?page_id=119"},"modified":"2026-04-22T13:30:41","modified_gmt":"2026-04-22T13:30:41","slug":"on-site-service","status":"publish","type":"page","link":"https:\/\/lpr.de\/de\/services\/on-site-service\/","title":{"rendered":"Vor-Ort-Service"},"content":{"rendered":"<div class=\"wpb-content-wrapper\">[vc_row content_placement=&#8221;middle&#8221; column_spacing=&#8221;50&#8243; el_class=&#8221;swap-on-mobile&#8221;][vc_column width=&#8221;1\/2&#8243;]<h2 class=\"vcex-heading vcex-heading-plain vcex-module wpex-heading wpex-text-2xl\"><span class=\"vcex-heading-inner wpex-inline-block\">Vor-Ort-Eins\u00e4tze, die Ihr Markenversprechen einl\u00f6sen<\/span><\/h2>[vc_column_text css=&#8221;&#8221; el_class=&#8221;removepad&#8221;]Ihre Ger\u00e4te und Maschinen sichern die Wertsch\u00f6pfung Ihrer Kunden. Wenn etwas ausf\u00e4llt, muss der Service zuverl\u00e4ssig und gut vorbereitet funktionieren \u2013 im Namen Ihrer Marke.<\/p>\n<p>Mit den Vor-Ort-Services von LPR steht Ihnen ein bundesweit verf\u00fcgbares Technikernetzwerk zur Seite \u2013 als verl\u00e4ssliche Verl\u00e4ngerung Ihrer eigenen Organisation. Wir planen, steuern und dokumentieren Eins\u00e4tze so, dass hohe Serviceanforderungen gegen\u00fcber Ihren Endkunden eingehalten werden k\u00f6nnen.<\/p>\n<p>LPR agiert als neutraler Dienstleister in Ihrem Namen. Sie behalten die volle Kontrolle \u00fcber Leistungsumfang, Prozesse und Kommunikation \u2013 wir \u00fcbernehmen die operative Umsetzung beim Endkunden.<br \/>\n[\/vc_column_text][\/vc_column][vc_column width=&#8221;1\/2&#8243;]<figure class=\"vcex-image vcex-module\"><div class=\"vcex-image-inner wpex-relative wpex-inline-block\"><img width=\"850\" height=\"850\" src=\"https:\/\/lpr.de\/de\/wp-content\/uploads\/sites\/3\/2026\/04\/on-site-2.webp\" class=\"vcex-image-img wpex-align-middle wpex-aspect-4-3 wpex-object-cover\" alt=\"engineer\" loading=\"lazy\" decoding=\"async\" srcset=\"https:\/\/lpr.de\/de\/wp-content\/uploads\/sites\/3\/2026\/04\/on-site-2.webp 850w, https:\/\/lpr.de\/de\/wp-content\/uploads\/sites\/3\/2026\/04\/on-site-2-300x300.webp 300w, https:\/\/lpr.de\/de\/wp-content\/uploads\/sites\/3\/2026\/04\/on-site-2-150x150.webp 150w, https:\/\/lpr.de\/de\/wp-content\/uploads\/sites\/3\/2026\/04\/on-site-2-768x768.webp 768w\" sizes=\"auto, (max-width: 850px) 100vw, 850px\" \/><\/div><\/figure>[\/vc_column][\/vc_row][vc_row remove_bottom_col_margin=&#8221;true&#8221;][vc_column]<h2 class=\"vcex-heading vcex-heading-plain vcex-module wpex-heading wpex-text-2xl wpex-text-center\"><span class=\"vcex-heading-inner wpex-inline-block\">Warum LPR?<\/span><\/h2>[\/vc_column][\/vc_row][vc_row column_spacing=&#8221;50&#8243; gap=&#8221;35&#8243; equal_height=&#8221;yes&#8221; remove_bottom_col_margin=&#8221;true&#8221; el_class=&#8221;iconTileHolder&#8221;][vc_column width=&#8221;1\/3&#8243;][vc_row_inner][vc_column_inner el_class=&#8221;iconTile supplychainTile&#8221;][vc_single_image image=&#8221;743&#8243; alignment=&#8221;center&#8221; css=&#8221;&#8221;]<h3 class=\"vcex-heading vcex-heading-plain vcex-module wpex-heading wpex-text-2xl wpex-text-center iconTileHolder\"><span class=\"vcex-heading-inner wpex-inline-block\">Bundesweites Technikernetzwerk<\/span><\/h3>[vc_column_text css=&#8221;&#8221;]Planbare Vor-Ort-Eins\u00e4tze durch fl\u00e4chendeckende Strukturen und klare Einsatzsteuerung.[\/vc_column_text][\/vc_column_inner][\/vc_row_inner][\/vc_column][vc_column width=&#8221;1\/3&#8243;][vc_row_inner][vc_column_inner el_class=&#8221;iconTile supplychainTile&#8221;][vc_single_image image=&#8221;744&#8243; alignment=&#8221;center&#8221; css=&#8221;&#8221;]<h3 class=\"vcex-heading vcex-heading-plain vcex-module wpex-heading wpex-text-2xl wpex-text-center iconTileHolder\"><span class=\"vcex-heading-inner wpex-inline-block\">Hohe First-Time-Fix-Rate<\/span><\/h3>[vc_column_text css=&#8221;&#8221;]Gezielte Einsatzvorbereitung und gesicherte Teileverf\u00fcgbarkeit erh\u00f6hen die L\u00f6sungsquote beim ersten Termin.<br \/>\n[\/vc_column_text][\/vc_column_inner][\/vc_row_inner][\/vc_column][vc_column width=&#8221;1\/3&#8243;][vc_row_inner][vc_column_inner el_class=&#8221;iconTile supplychainTile&#8221;][vc_single_image image=&#8221;745&#8243; alignment=&#8221;center&#8221; css=&#8221;&#8221;]<h3 class=\"vcex-heading vcex-heading-plain vcex-module wpex-heading wpex-text-2xl wpex-text-center iconTileHolder\"><span class=\"vcex-heading-inner wpex-inline-block\">Reduzierte Ausfallzeiten<\/span><\/h3>[vc_column_text css=&#8221;&#8221;]Klare Priorisierung und strukturierte Steuerung minimieren Stillstand beim Endkunden.[\/vc_column_text][\/vc_column_inner][\/vc_row_inner][\/vc_column][\/vc_row][vc_row column_spacing=&#8221;60&#8243; gap=&#8221;35&#8243; equal_height=&#8221;yes&#8221; el_class=&#8221;iconTileHolder&#8221;][vc_column width=&#8221;1\/3&#8243;][vc_row_inner][vc_column_inner el_class=&#8221;iconTile supplychainTile&#8221;][vc_single_image image=&#8221;746&#8243; alignment=&#8221;center&#8221; css=&#8221;&#8221;]<h3 class=\"vcex-heading vcex-heading-plain vcex-module wpex-heading wpex-text-2xl wpex-text-center iconTileHolder\"><span class=\"vcex-heading-inner wpex-inline-block\">Skalierbare Kostenstruktur<\/span><\/h3>[vc_column_text css=&#8221;&#8221;]Standardisierte Prozesse und flexible Kapazit\u00e4ten erm\u00f6glichen planbare Servicekosten.[\/vc_column_text][\/vc_column_inner][\/vc_row_inner][\/vc_column][vc_column width=&#8221;1\/3&#8243;][vc_row_inner][vc_column_inner el_class=&#8221;iconTile supplychainTile&#8221;][vc_single_image image=&#8221;747&#8243; alignment=&#8221;center&#8221; css=&#8221;&#8221;]<h3 class=\"vcex-heading vcex-heading-plain vcex-module wpex-heading wpex-text-2xl wpex-text-center iconTileHolder\"><span class=\"vcex-heading-inner wpex-inline-block\">Transparente und revisionssichere Dokumentation<\/span><\/h3>[vc_column_text css=&#8221;&#8221;]Vollst\u00e4ndig dokumentierte Eins\u00e4tze schaffen Nachvollziehbarkeit \u00fcber Qualit\u00e4t, Zeiten und Ma\u00dfnahmen.[\/vc_column_text][\/vc_column_inner][\/vc_row_inner][\/vc_column][vc_column width=&#8221;1\/3&#8243;][vc_row_inner][vc_column_inner el_class=&#8221;iconTile supplychainTile&#8221;][vc_single_image image=&#8221;748&#8243; alignment=&#8221;center&#8221; css=&#8221;&#8221;]<h3 class=\"vcex-heading vcex-heading-plain vcex-module wpex-heading wpex-text-2xl wpex-text-center iconTileHolder\"><span class=\"vcex-heading-inner wpex-inline-block\">Integrierte Wartungs- und Pr\u00fcfleistungen<\/span><\/h3>[vc_column_text css=&#8221;&#8221;]Wartungen und wiederkehrende Pr\u00fcfungen (z. B. DGUV) werden fachgerecht durchgef\u00fchrt und dokumentiert.[\/vc_column_text][\/vc_column_inner][\/vc_row_inner][\/vc_column][\/vc_row][vc_row content_placement=&#8221;middle&#8221; column_spacing=&#8221;50&#8243; el_class=&#8221;padtop&#8221;][vc_column width=&#8221;1\/3&#8243;][vc_single_image image=&#8221;165&#8243; css=&#8221;&#8221;][\/vc_column][vc_column width=&#8221;2\/3&#8243;]<h2 class=\"vcex-heading vcex-heading-plain vcex-module wpex-heading wpex-text-2xl yellow\"><span class=\"vcex-heading-inner wpex-inline-block\">So organisiert LPR Ihre Vor-Ort-Reparaturen<\/span><\/h2>[vc_column_text css=&#8221;&#8221; el_class=&#8221;removepad&#8221;]Wir strukturieren Reparaturen und Wartungen als durchg\u00e4ngigen Prozess: von der Annahme des Servicefalls \u00fcber die Disposition bis zum Einsatzbericht. Die Techniker erhalten vorab alle relevanten Informationen und die ben\u00f6tigten Teile, damit m\u00f6glichst viele Eins\u00e4tze beim ersten Besuch abgeschlossen werden k\u00f6nnen.<\/p>\n<p>F\u00fcr Sie als Auftraggeber bleiben Steuerung und Transparenz entscheidend. Deshalb definieren wir gemeinsam Servicefenster, Reaktionslogiken und Reportingstrukturen. LPR \u00fcbernimmt beim Endkunden die Rolle, die zu Ihrem Modell passt: als sichtbarer Servicepartner Ihrer Marke oder als neutraler Dienstleister im Hintergrund \u2013 mit klaren Kommunikationslinien und transparenten Prozessen.[\/vc_column_text][\/vc_column][\/vc_row][vc_row remove_bottom_col_margin=&#8221;true&#8221; el_class=&#8221;callout &#8221; css=&#8221;.vc_custom_1776864640064{background-image: url(https:\/\/lpr.de\/de\/wp-content\/uploads\/sites\/3\/2026\/04\/on-site-cta.webp?id=441) !important;background-position: center !important;background-repeat: no-repeat !important;background-size: cover !important;}&#8221;][vc_column width=&#8221;3\/4&#8243;]<h2 class=\"vcex-heading vcex-heading-plain vcex-module wpex-heading wpex-text-2xl white ctaPullup\"><span class=\"vcex-heading-inner wpex-inline-block\">Wie k\u00f6nnen Vor-Ort-Eins\u00e4tze von LPR Ihren After-Sales optimieren?<\/span><\/h2>[\/vc_column][vc_column width=&#8221;1\/4&#8243;]<a href=\"\/de\/contact\/\" class=\"vcex-button theme-button inline solid widebut\"><span class=\"vcex-button-inner theme-button-inner wpex-flex wpex-flex-wrap wpex-items-center wpex-justify-center\">Nehmen Sie Kontakt auf<\/span><\/a> [\/vc_column][\/vc_row][vc_row remove_bottom_col_margin=&#8221;true&#8221;][vc_column]<h2 class=\"vcex-heading vcex-heading-plain vcex-module wpex-heading wpex-text-2xl\"><span class=\"vcex-heading-inner wpex-inline-block\">Unsere Schl\u00fcsselbranchen f\u00fcr Vor-Ort-Services<\/span><\/h2>[vc_column_text css=&#8221;&#8221;]LPR bildet Reparaturen und Wartungen vor Ort f\u00fcr unterschiedliche Branchen \u2013 immer zugeschnitten auf die Anforderungen Ihrer Endkunden.<br \/>\n[\/vc_column_text][vc_row_inner el_class=&#8221;relatedLinks&#8221;][vc_column_inner width=&#8221;1\/4&#8243;][vc_single_image image=&#8221;663&#8243; onclick=&#8221;custom_link&#8221; css=&#8221;&#8221; link=&#8221;\/de\/industries\/infrastructure\/&#8221; img_hover=&#8221;opacity&#8221;]<h5 class=\"vcex-heading vcex-heading-plain vcex-module wpex-heading wpex-text-2xl\"><a href=\"\/de\/sectors\/infrastructure\/\" class=\"wpex-no-underline\" target=\"_self\"><span class=\"vcex-heading-inner wpex-inline-block\">Infrastruktur<\/span><\/a><\/h5>[vc_column_text css=&#8221;&#8221; el_class=&#8221;removepad&#8221;]Vor-Ort-Service f\u00fcr zeitkritische Infrastruktur wie Ticketautomaten, Terminals oder Zugangssysteme mit hohen Verf\u00fcgbarkeitsanforderungen.[\/vc_column_text][\/vc_column_inner][vc_column_inner width=&#8221;1\/4&#8243;][vc_single_image image=&#8221;64&#8243; onclick=&#8221;custom_link&#8221; css=&#8221;&#8221; link=&#8221;\/de\/industries\/retail\/&#8221; img_hover=&#8221;opacity&#8221;]<h5 class=\"vcex-heading vcex-heading-plain vcex-module wpex-heading wpex-text-2xl\"><a href=\"\/de\/sectors\/retail\/\" class=\"wpex-no-underline\" target=\"_self\"><span class=\"vcex-heading-inner wpex-inline-block\">Retail<\/span><\/a><\/h5>[vc_column_text css=&#8221;&#8221; el_class=&#8221;removepad&#8221;]Reparaturen im laufenden Store-Betrieb, damit Kassen-, Back-Office- und Display-Technik weiter verf\u00fcgbar bleibt.<br \/>\n[\/vc_column_text][\/vc_column_inner][vc_column_inner width=&#8221;1\/4&#8243;][vc_single_image image=&#8221;71&#8243; onclick=&#8221;custom_link&#8221; css=&#8221;&#8221; link=&#8221;\/de\/industries\/office-devices\/&#8221; img_hover=&#8221;opacity&#8221;]<h5 class=\"vcex-heading vcex-heading-plain vcex-module wpex-heading wpex-text-2xl\"><a href=\"\/de\/sectors\/office-devices\/\" class=\"wpex-no-underline\" target=\"_self\"><span class=\"vcex-heading-inner wpex-inline-block\">Office Devices<\/span><\/a><\/h5>[vc_column_text css=&#8221;&#8221; el_class=&#8221;removepad&#8221;]Vor-Ort-Eins\u00e4tze f\u00fcr Drucker, MFPs und weitere B\u00fcroger\u00e4te, ohne den Arbeitsalltag im B\u00fcro unn\u00f6tig zu st\u00f6ren.[\/vc_column_text][\/vc_column_inner][vc_column_inner width=&#8221;1\/4&#8243;][vc_single_image image=&#8221;65&#8243; onclick=&#8221;custom_link&#8221; css=&#8221;&#8221; link=&#8221;\/de\/industries\/medtech\/&#8221; img_hover=&#8221;opacity&#8221;]<h5 class=\"vcex-heading vcex-heading-plain vcex-module wpex-heading wpex-text-2xl\"><a href=\"\/de\/sectors\/medtech\/\" class=\"wpex-no-underline\" target=\"_self\"><span class=\"vcex-heading-inner wpex-inline-block\">MedTech<\/span><\/a><\/h5>[vc_column_text css=&#8221;&#8221; el_class=&#8221;removepad&#8221;]Technischer Service vor Ort f\u00fcr medizintechnische Ger\u00e4te in sensiblen Umgebungen mit klaren Compliance-Vorgaben.[\/vc_column_text][\/vc_column_inner][\/vc_row_inner][\/vc_column][\/vc_row]\n<\/div>","protected":false},"excerpt":{"rendered":"<p>[vc_row content_placement=&#8221;middle&#8221; column_spacing=&#8221;50&#8243; el_class=&#8221;swap-on-mobile&#8221;][vc_column width=&#8221;1\/2&#8243;][vc_column_text css=&#8221;&#8221; el_class=&#8221;removepad&#8221;]Ihre Ger\u00e4te und Maschinen sichern die Wertsch\u00f6pfung Ihrer Kunden. Wenn etwas ausf\u00e4llt, muss der Service zuverl\u00e4ssig und gut vorbereitet funktionieren \u2013 im Namen Ihrer Marke. Mit den Vor-Ort-Services von LPR steht Ihnen ein bundesweit verf\u00fcgbares Technikernetzwerk zur Seite \u2013 als verl\u00e4ssliche Verl\u00e4ngerung Ihrer eigenen Organisation. Wir planen, steuern und&hellip;<\/p>\n","protected":false},"author":1,"featured_media":0,"parent":82,"menu_order":0,"comment_status":"closed","ping_status":"closed","template":"","meta":{"inline_featured_image":false,"footnotes":""},"class_list":["post-119","page","type-page","status-publish","hentry","entry","no-media"],"_links":{"self":[{"href":"https:\/\/lpr.de\/de\/wp-json\/wp\/v2\/pages\/119","targetHints":{"allow":["GET"]}}],"collection":[{"href":"https:\/\/lpr.de\/de\/wp-json\/wp\/v2\/pages"}],"about":[{"href":"https:\/\/lpr.de\/de\/wp-json\/wp\/v2\/types\/page"}],"author":[{"embeddable":true,"href":"https:\/\/lpr.de\/de\/wp-json\/wp\/v2\/users\/1"}],"replies":[{"embeddable":true,"href":"https:\/\/lpr.de\/de\/wp-json\/wp\/v2\/comments?post=119"}],"version-history":[{"count":13,"href":"https:\/\/lpr.de\/de\/wp-json\/wp\/v2\/pages\/119\/revisions"}],"predecessor-version":[{"id":799,"href":"https:\/\/lpr.de\/de\/wp-json\/wp\/v2\/pages\/119\/revisions\/799"}],"up":[{"embeddable":true,"href":"https:\/\/lpr.de\/de\/wp-json\/wp\/v2\/pages\/82"}],"wp:attachment":[{"href":"https:\/\/lpr.de\/de\/wp-json\/wp\/v2\/media?parent=119"}],"curies":[{"name":"wp","href":"https:\/\/api.w.org\/{rel}","templated":true}]}}