{"id":117,"date":"2026-04-08T11:54:47","date_gmt":"2026-04-08T11:54:47","guid":{"rendered":"https:\/\/lpr.de\/de\/?page_id=117"},"modified":"2026-04-28T14:14:07","modified_gmt":"2026-04-28T14:14:07","slug":"nightexpress","status":"publish","type":"page","link":"https:\/\/lpr.de\/de\/services\/nightexpress\/","title":{"rendered":"Nachtexpress f\u00fcr zeitkritische Ersatzteile"},"content":{"rendered":"<div class=\"wpb-content-wrapper\">[vc_row content_placement=&#8221;middle&#8221; column_spacing=&#8221;50&#8243; el_class=&#8221;swap-on-mobile&#8221;][vc_column width=&#8221;1\/2&#8243;]<h2 class=\"vcex-heading vcex-heading-plain vcex-module wpex-heading wpex-text-2xl\"><span class=\"vcex-heading-inner wpex-inline-block\">Ersatzteile \u00fcber Nacht \u2013 bereit vor Arbeitsbeginn.<\/span><\/h2>[vc_column_text css=&#8221;&#8221; el_class=&#8221;removepad&#8221;]Service-Level-Anforderungen werden strenger, Maschinenstillst\u00e4nde teurer und Endkunden erwarten morgens einsatzbereite Technik. Gleichzeitig sollen Best\u00e4nde im Fahrzeug, in regionalen Lagern und beim Endkunden sinken. Der Nachtexpress verbindet diese Anforderungen in einem steuerbaren, dokumentierten Prozess.<\/p>\n<p>Wir holen zeitkritische Sendungen sp\u00e4t ab und stellen sie fr\u00fch zu &#8211; direkt an Technikerfahrzeuge, Werkst\u00e4tten, Paketstationen, PUDO, FSL-Standorte oder Endkunden. Klare Cut-off-Zeiten und Scanpunkte machen Ihre Ersatzteillogistik planbar und transparent.<\/p>\n<p>So unterst\u00fctzen wir Sie dabei, Lagerbest\u00e4nde zu minimieren, Teileverf\u00fcgbarkeit im Feld zu erh\u00f6hen und ungeplante Ad-hoc-Transporte zu reduzieren \u2013 als einzelnes Service-Modul oder integriert in eine End-to-End-L\u00f6sung.<br \/>\n[\/vc_column_text][\/vc_column][vc_column width=&#8221;1\/2&#8243;]<figure class=\"vcex-image vcex-module\"><div class=\"vcex-image-inner wpex-relative wpex-inline-block\"><img width=\"850\" height=\"850\" src=\"https:\/\/lpr.de\/de\/wp-content\/uploads\/sites\/3\/2026\/04\/nightexpress-1.webp\" class=\"vcex-image-img wpex-align-middle wpex-aspect-4-3 wpex-object-cover\" alt=\"night delivery\" loading=\"lazy\" decoding=\"async\" srcset=\"https:\/\/lpr.de\/de\/wp-content\/uploads\/sites\/3\/2026\/04\/nightexpress-1.webp 850w, https:\/\/lpr.de\/de\/wp-content\/uploads\/sites\/3\/2026\/04\/nightexpress-1-300x300.webp 300w, https:\/\/lpr.de\/de\/wp-content\/uploads\/sites\/3\/2026\/04\/nightexpress-1-150x150.webp 150w, https:\/\/lpr.de\/de\/wp-content\/uploads\/sites\/3\/2026\/04\/nightexpress-1-768x768.webp 768w\" sizes=\"auto, (max-width: 850px) 100vw, 850px\" \/><\/div><\/figure>[\/vc_column][\/vc_row][vc_row remove_bottom_col_margin=&#8221;true&#8221;][vc_column]<h2 class=\"vcex-heading vcex-heading-plain vcex-module wpex-heading wpex-text-2xl wpex-text-center\"><span class=\"vcex-heading-inner wpex-inline-block\">Warum LPR?<\/span><\/h2>[\/vc_column][\/vc_row][vc_row column_spacing=&#8221;50&#8243; gap=&#8221;35&#8243; equal_height=&#8221;yes&#8221; remove_bottom_col_margin=&#8221;true&#8221; el_class=&#8221;iconTileHolder&#8221;][vc_column width=&#8221;1\/3&#8243;][vc_row_inner][vc_column_inner el_class=&#8221;iconTile supplychainTile&#8221;][vc_single_image image=&#8221;750&#8243; alignment=&#8221;center&#8221; css=&#8221;&#8221;]<h3 class=\"vcex-heading vcex-heading-plain vcex-module wpex-heading wpex-text-2xl wpex-text-center iconTileHolder\"><span class=\"vcex-heading-inner wpex-inline-block\">Sp\u00e4te Abholung, fr\u00fche Zustellung<\/span><\/h3>[vc_column_text css=&#8221;&#8221;]Der Nachtexpress unterst\u00fctzt enge Service-Zeitfenster mit definierten Cut-offs und Zustellzeiten am Morgen bis 7.00 Uhr.[\/vc_column_text][\/vc_column_inner][\/vc_row_inner][\/vc_column][vc_column width=&#8221;1\/3&#8243;][vc_row_inner][vc_column_inner el_class=&#8221;iconTile supplychainTile&#8221;][vc_single_image image=&#8221;751&#8243; alignment=&#8221;center&#8221; css=&#8221;&#8221;]<h3 class=\"vcex-heading vcex-heading-plain vcex-module wpex-heading wpex-text-2xl wpex-text-center iconTileHolder\"><span class=\"vcex-heading-inner wpex-inline-block\">Reduzierte Kapitalbindung<\/span><\/h3>[vc_column_text css=&#8221;&#8221;]Optimiert Teilebest\u00e4nde in Technikerfahrzeugen, regionalen Lagern und beim Endkunden.[\/vc_column_text][\/vc_column_inner][\/vc_row_inner][\/vc_column][vc_column width=&#8221;1\/3&#8243;][vc_row_inner][vc_column_inner el_class=&#8221;iconTile supplychainTile&#8221;][vc_single_image image=&#8221;752&#8243; alignment=&#8221;center&#8221; css=&#8221;&#8221;]<h3 class=\"vcex-heading vcex-heading-plain vcex-module wpex-heading wpex-text-2xl wpex-text-center iconTileHolder\"><span class=\"vcex-heading-inner wpex-inline-block\">Transparente, nachverfolgbare Logistik<\/span><\/h3>[vc_column_text css=&#8221;&#8221;]Durchg\u00e4ngige Scan- und Statusinformationen schaffen Sichtbarkeit f\u00fcr Disposition, Serviceleitung und Endkunden.[\/vc_column_text][\/vc_column_inner][\/vc_row_inner][\/vc_column][\/vc_row][vc_row column_spacing=&#8221;60&#8243; gap=&#8221;35&#8243; equal_height=&#8221;yes&#8221; el_class=&#8221;iconTileHolder&#8221;][vc_column width=&#8221;1\/3&#8243;][vc_row_inner][vc_column_inner el_class=&#8221;iconTile supplychainTile&#8221;][vc_single_image image=&#8221;753&#8243; alignment=&#8221;center&#8221; css=&#8221;&#8221;]<h3 class=\"vcex-heading vcex-heading-plain vcex-module wpex-heading wpex-text-2xl wpex-text-center iconTileHolder\"><span class=\"vcex-heading-inner wpex-inline-block\">Planbare Kostenstruktur<\/span><\/h3>[vc_column_text css=&#8221;&#8221;]Standardisierte Abl\u00e4ufe und definierte Relationen unterst\u00fctzen eine klare Kalkulation Ihrer Service-Logistik.[\/vc_column_text][\/vc_column_inner][\/vc_row_inner][\/vc_column][vc_column width=&#8221;1\/3&#8243;][vc_row_inner][vc_column_inner el_class=&#8221;iconTile supplychainTile&#8221;][vc_single_image image=&#8221;754&#8243; alignment=&#8221;center&#8221; css=&#8221;&#8221;]<h3 class=\"vcex-heading vcex-heading-plain vcex-module wpex-heading wpex-text-2xl wpex-text-center iconTileHolder\"><span class=\"vcex-heading-inner wpex-inline-block\">Flexibel kombinierbar<\/span><\/h3>[vc_column_text css=&#8221;&#8221;]Der Nachtexpress funktioniert eigenst\u00e4ndig oder in Kombination mit Warehousing, FSL und weiteren LPR-Services.[\/vc_column_text][\/vc_column_inner][\/vc_row_inner][\/vc_column][vc_column width=&#8221;1\/3&#8243;][vc_row_inner][vc_column_inner el_class=&#8221;iconTile supplychainTile&#8221;][vc_single_image image=&#8221;755&#8243; alignment=&#8221;center&#8221; css=&#8221;&#8221;]<h3 class=\"vcex-heading vcex-heading-plain vcex-module wpex-heading wpex-text-2xl wpex-text-center iconTileHolder\"><span class=\"vcex-heading-inner wpex-inline-block\">Mehr als Zustellung<\/span><\/h3>[vc_column_text css=&#8221;&#8221;]Integrierte Retouren-und Entsorgungsprozesse reduzieren Schnittstellen und schaffen geschlossene Materialkreisl\u00e4ufe.[\/vc_column_text][\/vc_column_inner][\/vc_row_inner][\/vc_column][\/vc_row][vc_row content_placement=&#8221;middle&#8221; column_spacing=&#8221;50&#8243; el_class=&#8221;padtop&#8221;][vc_column width=&#8221;1\/3&#8243;][vc_single_image image=&#8221;162&#8243; css=&#8221;&#8221;][\/vc_column][vc_column width=&#8221;2\/3&#8243;]<h2 class=\"vcex-heading vcex-heading-plain vcex-module wpex-heading wpex-text-2xl yellow\"><span class=\"vcex-heading-inner wpex-inline-block\">Nachtexpress, zugeschnitten auf Serviceorganisationen<\/span><\/h2>[vc_column_text css=&#8221;&#8221; el_class=&#8221;removepad&#8221;]LPR fokussiert sich auf zeitkritische Service- und Ersatzteillogistik. Unser Nachtexpress-Netzwerk ist darauf ausgelegt, Technikerteams, Werkst\u00e4tten und Endkunden zuverl\u00e4ssig zu versorgen. Das schafft Kontrolle f\u00fcr den Auftraggeber und eine konsistente Erfahrung f\u00fcr alle, die vor Ort mit der Technik arbeiten.<\/p>\n<p>Der LPR Nachtexpress ist modular aufgebaut: Ob regional, bundesweit oder europaweit \u2013 unser Nachtexpress passt sich Ihrer Struktur an. Auf Wunsch kombinieren wir unseren Service mit Warehousing, Field-Stocking-Locations oder vollumf\u00e4ngliche End-to-End-L\u00f6sungen. So behalten Sie die Hoheit \u00fcber Prozesse und Best\u00e4nde, w\u00e4hrend Techniker und Kunden morgens mit den richtigen Teilen starten und Stillst\u00e4nde m\u00f6glichst kurz bleiben.<br \/>\n[\/vc_column_text][\/vc_column][\/vc_row][vc_row remove_bottom_col_margin=&#8221;true&#8221; el_class=&#8221;callout ctaPullup&#8221; css=&#8221;.vc_custom_1776864572192{background-image: url(https:\/\/lpr.de\/de\/wp-content\/uploads\/sites\/3\/2026\/04\/road-at-night.webp?id=254) !important;background-position: center !important;background-repeat: no-repeat !important;background-size: cover !important;}&#8221;][vc_column width=&#8221;3\/4&#8243;]<h2 class=\"vcex-heading vcex-heading-plain vcex-module wpex-heading wpex-text-2xl white ctaPullup\"><span class=\"vcex-heading-inner wpex-inline-block\">Sprechen Sie mit uns \u00fcber Ihre Nachtexpress-Anforderungen.<\/span><\/h2>[\/vc_column][vc_column width=&#8221;1\/4&#8243;]<a href=\"\/de\/contact\/\" class=\"vcex-button theme-button inline solid widebut\"><span class=\"vcex-button-inner theme-button-inner wpex-flex wpex-flex-wrap wpex-items-center wpex-justify-center\">Kontakt aufnehmen<\/span><\/a> [\/vc_column][\/vc_row][vc_row remove_bottom_col_margin=&#8221;true&#8221;][vc_column]<h2 class=\"vcex-heading vcex-heading-plain vcex-module wpex-heading wpex-text-2xl\"><span class=\"vcex-heading-inner wpex-inline-block\">Unsere Kernbranchen im Nachtexpress<\/span><\/h2>[vc_column_text css=&#8221;&#8221;]Nachtexpress ist die L\u00f6sung f\u00fcr Techniker, Werkst\u00e4tten und Handelsbetriebe, die vor Arbeitsbeginn mit den richtigen Teilen versorgt sein m\u00fcssen \u2013 weil Stillstand teuer ist.[\/vc_column_text][vc_row_inner el_class=&#8221;relatedLinks&#8221;][vc_column_inner width=&#8221;1\/4&#8243;][vc_single_image image=&#8221;65&#8243; onclick=&#8221;custom_link&#8221; css=&#8221;&#8221; link=&#8221;\/de\/industries\/medtech\/&#8221; img_hover=&#8221;opacity&#8221;]<h5 class=\"vcex-heading vcex-heading-plain vcex-module wpex-heading wpex-text-2xl\"><a href=\"\/de\/sectors\/medtech\/\" class=\"wpex-no-underline\" target=\"_self\"><span class=\"vcex-heading-inner wpex-inline-block\">MedTech<\/span><\/a><\/h5>[vc_column_text css=&#8221;&#8221; el_class=&#8221;removepad&#8221;]Kritische Medizinsysteme mit Ersatzteilen versorgen, bevor OP- und Diagnostikpl\u00e4ne starten.[\/vc_column_text][\/vc_column_inner][vc_column_inner width=&#8221;1\/4&#8243;][vc_single_image image=&#8221;66&#8243; onclick=&#8221;custom_link&#8221; css=&#8221;&#8221; link=&#8221;\/de\/industries\/high-tech\/&#8221; img_hover=&#8221;opacity&#8221;]<h5 class=\"vcex-heading vcex-heading-plain vcex-module wpex-heading wpex-text-2xl\"><a href=\"\/de\/sectors\/high-tech\/\" class=\"wpex-no-underline\" target=\"_self\"><span class=\"vcex-heading-inner wpex-inline-block\">High Tech<\/span><\/a><\/h5>[vc_column_text css=&#8221;&#8221; el_class=&#8221;removepad&#8221;]Komponenten f\u00fcr IT- und High-Tech-Anlagen zeitkritisch und nachvollziehbar zustellen.[\/vc_column_text][\/vc_column_inner][vc_column_inner width=&#8221;1\/4&#8243;][vc_single_image image=&#8221;69&#8243; onclick=&#8221;custom_link&#8221; css=&#8221;&#8221; link=&#8221;\/de\/industries\/material-handling\/&#8221; img_hover=&#8221;opacity&#8221;]<h5 class=\"vcex-heading vcex-heading-plain vcex-module wpex-heading wpex-text-2xl\"><a href=\"\/de\/sectors\/material-handling\/\" class=\"wpex-no-underline\" target=\"_self\"><span class=\"vcex-heading-inner wpex-inline-block\">Material Handling<\/span><\/a><\/h5>[vc_column_text css=&#8221;&#8221; el_class=&#8221;removepad&#8221;]Ersatzteile f\u00fcr F\u00f6rdertechnik \u00fcber Nacht direkt an Techniker und Werkst\u00e4tten zustellen.[\/vc_column_text][\/vc_column_inner][vc_column_inner width=&#8221;1\/4&#8243;][vc_single_image image=&#8221;68&#8243; onclick=&#8221;custom_link&#8221; css=&#8221;&#8221; link=&#8221;\/de\/industries\/engineering\/&#8221; img_hover=&#8221;opacity&#8221;]<h5 class=\"vcex-heading vcex-heading-plain vcex-module wpex-heading wpex-text-2xl\"><a href=\"\/de\/sectors\/engineering\/\" class=\"wpex-no-underline\" target=\"_self\"><span class=\"vcex-heading-inner wpex-inline-block\">Engineering<\/span><\/a><\/h5>[vc_column_text css=&#8221;&#8221; el_class=&#8221;removepad&#8221;]Service-Teams im Anlagen- und Maschinenbau zuverl\u00e4ssig mit Ersatzteilen f\u00fcr den Tagesstart versorgen.[\/vc_column_text][\/vc_column_inner][\/vc_row_inner][\/vc_column][\/vc_row]\n<\/div>","protected":false},"excerpt":{"rendered":"<p>[vc_row content_placement=&#8221;middle&#8221; column_spacing=&#8221;50&#8243; el_class=&#8221;swap-on-mobile&#8221;][vc_column width=&#8221;1\/2&#8243;][vc_column_text css=&#8221;&#8221; el_class=&#8221;removepad&#8221;]Service-Level-Anforderungen werden strenger, Maschinenstillst\u00e4nde teurer und Endkunden erwarten morgens einsatzbereite Technik. Gleichzeitig sollen Best\u00e4nde im Fahrzeug, in regionalen Lagern und beim Endkunden sinken. Der Nachtexpress verbindet diese Anforderungen in einem steuerbaren, dokumentierten Prozess. Wir holen zeitkritische Sendungen sp\u00e4t ab und stellen sie fr\u00fch zu &#8211; direkt an Technikerfahrzeuge, Werkst\u00e4tten,&hellip;<\/p>\n","protected":false},"author":1,"featured_media":0,"parent":82,"menu_order":0,"comment_status":"closed","ping_status":"closed","template":"","meta":{"inline_featured_image":false,"footnotes":""},"class_list":["post-117","page","type-page","status-publish","hentry","entry","no-media"],"_links":{"self":[{"href":"https:\/\/lpr.de\/de\/wp-json\/wp\/v2\/pages\/117","targetHints":{"allow":["GET"]}}],"collection":[{"href":"https:\/\/lpr.de\/de\/wp-json\/wp\/v2\/pages"}],"about":[{"href":"https:\/\/lpr.de\/de\/wp-json\/wp\/v2\/types\/page"}],"author":[{"embeddable":true,"href":"https:\/\/lpr.de\/de\/wp-json\/wp\/v2\/users\/1"}],"replies":[{"embeddable":true,"href":"https:\/\/lpr.de\/de\/wp-json\/wp\/v2\/comments?post=117"}],"version-history":[{"count":10,"href":"https:\/\/lpr.de\/de\/wp-json\/wp\/v2\/pages\/117\/revisions"}],"predecessor-version":[{"id":875,"href":"https:\/\/lpr.de\/de\/wp-json\/wp\/v2\/pages\/117\/revisions\/875"}],"up":[{"embeddable":true,"href":"https:\/\/lpr.de\/de\/wp-json\/wp\/v2\/pages\/82"}],"wp:attachment":[{"href":"https:\/\/lpr.de\/de\/wp-json\/wp\/v2\/media?parent=117"}],"curies":[{"name":"wp","href":"https:\/\/api.w.org\/{rel}","templated":true}]}}