{"id":113,"date":"2026-04-08T11:19:20","date_gmt":"2026-04-08T11:19:20","guid":{"rendered":"https:\/\/lpr.de\/de\/?page_id=113"},"modified":"2026-04-22T13:36:34","modified_gmt":"2026-04-22T13:36:34","slug":"rollout-installation","status":"publish","type":"page","link":"https:\/\/lpr.de\/de\/services\/rollout-installation\/","title":{"rendered":"Rollout &#038; installation"},"content":{"rendered":"<div class=\"wpb-content-wrapper\">[vc_row content_placement=&#8221;middle&#8221; column_spacing=&#8221;50&#8243; el_class=&#8221;swap-on-mobile&#8221;][vc_column width=&#8221;1\/2&#8243;]<h2 class=\"vcex-heading vcex-heading-plain vcex-module wpex-heading wpex-text-2xl\"><span class=\"vcex-heading-inner wpex-inline-block\">Installationen mit System \u2013 auch bei gro\u00dfen Volumina<\/span><\/h2>[vc_column_text css=&#8221;&#8221; el_class=&#8221;removepad&#8221;]Wenn neue Ger\u00e4te in vielen Filialen oder Standorten ausgerollt werden, entscheidet die Umsetzung \u00fcber den Projekterfolg. Hohe Volumina, enge Zeitfenster und ein dichtes Filialnetz lassen sich nur mit klarer Steuerung und standardisierten Abl\u00e4ufen beherrschen.<\/p>\n<p>LPR \u00fcbernimmt die operative Verantwortung f\u00fcr Rollout, Installation und Rollback Ihrer Ger\u00e4te \u2013 bundesweit und skalierbar. Von der Terminplanung \u00fcber die Technikersteuerung bis zur Dokumentation erhalten Sie eine zentrale Schnittstelle.<br \/>\nSo reduzieren Sie Koordinationsaufwand, behalten die Kontrolle \u00fcber Ihr Projekt und sichern eine gleichbleibende Qualit\u00e4t \u00fcber alle Standorte \u2013 mit minimaler St\u00f6rung f\u00fcr Ihre Kunden und Teams vor Ort.<br \/>\n[\/vc_column_text][\/vc_column][vc_column width=&#8221;1\/2&#8243;]<figure class=\"vcex-image vcex-module\"><div class=\"vcex-image-inner wpex-relative wpex-inline-block\"><img width=\"850\" height=\"850\" src=\"https:\/\/lpr.de\/de\/wp-content\/uploads\/sites\/3\/2026\/04\/installation-1.webp\" class=\"vcex-image-img wpex-align-middle wpex-aspect-1-1 wpex-object-cover\" alt=\"computer installation\" loading=\"lazy\" decoding=\"async\" srcset=\"https:\/\/lpr.de\/de\/wp-content\/uploads\/sites\/3\/2026\/04\/installation-1.webp 850w, https:\/\/lpr.de\/de\/wp-content\/uploads\/sites\/3\/2026\/04\/installation-1-300x300.webp 300w, https:\/\/lpr.de\/de\/wp-content\/uploads\/sites\/3\/2026\/04\/installation-1-150x150.webp 150w, https:\/\/lpr.de\/de\/wp-content\/uploads\/sites\/3\/2026\/04\/installation-1-768x768.webp 768w\" sizes=\"auto, (max-width: 850px) 100vw, 850px\" \/><\/div><\/figure>[\/vc_column][\/vc_row][vc_row remove_bottom_col_margin=&#8221;true&#8221;][vc_column]<h2 class=\"vcex-heading vcex-heading-plain vcex-module wpex-heading wpex-text-2xl wpex-text-center\"><span class=\"vcex-heading-inner wpex-inline-block\">Warum LPR?<\/span><\/h2>[\/vc_column][\/vc_row][vc_row column_spacing=&#8221;50&#8243; gap=&#8221;35&#8243; equal_height=&#8221;yes&#8221; remove_bottom_col_margin=&#8221;true&#8221; el_class=&#8221;iconTileHolder&#8221;][vc_column width=&#8221;1\/3&#8243;][vc_row_inner][vc_column_inner el_class=&#8221;iconTile supplychainTile&#8221;][vc_single_image image=&#8221;757&#8243; alignment=&#8221;center&#8221; css=&#8221;&#8221;]<h3 class=\"vcex-heading vcex-heading-plain vcex-module wpex-heading wpex-text-2xl wpex-text-center iconTileHolder\"><span class=\"vcex-heading-inner wpex-inline-block\">Planbare Rollout-Wellen<\/span><\/h3>[vc_column_text css=&#8221;&#8221;]Wir strukturieren Ihre Rollouts mit klaren Wellen, Terminfenstern und definierten Meilensteinen.[\/vc_column_text][\/vc_column_inner][\/vc_row_inner][\/vc_column][vc_column width=&#8221;1\/3&#8243;][vc_row_inner][vc_column_inner el_class=&#8221;iconTile supplychainTile&#8221;][vc_single_image image=&#8221;758&#8243; alignment=&#8221;center&#8221; css=&#8221;&#8221;]<h3 class=\"vcex-heading vcex-heading-plain vcex-module wpex-heading wpex-text-2xl wpex-text-center iconTileHolder\"><span class=\"vcex-heading-inner wpex-inline-block\">Weniger Koordination f\u00fcr Sie<\/span><\/h3>[vc_column_text css=&#8221;&#8221;]Eine zentrale Projektleitung b\u00fcndelt Kommunikation, Technikereins\u00e4tze und Reporting.[\/vc_column_text][\/vc_column_inner][\/vc_row_inner][\/vc_column][vc_column width=&#8221;1\/3&#8243;][vc_row_inner][vc_column_inner el_class=&#8221;iconTile supplychainTile&#8221;][vc_single_image image=&#8221;759&#8243; alignment=&#8221;center&#8221; css=&#8221;&#8221;]<h3 class=\"vcex-heading vcex-heading-plain vcex-module wpex-heading wpex-text-2xl wpex-text-center iconTileHolder\"><span class=\"vcex-heading-inner wpex-inline-block\">Skalierbar bei gro\u00dfen Volumina<\/span><\/h3>[vc_column_text css=&#8221;&#8221;]Standardisierte Prozesse machen gro\u00dfe St\u00fcckzahlen umsetzbar.[\/vc_column_text][\/vc_column_inner][\/vc_row_inner][\/vc_column][\/vc_row][vc_row column_spacing=&#8221;60&#8243; gap=&#8221;35&#8243; equal_height=&#8221;yes&#8221; el_class=&#8221;iconTileHolder&#8221;][vc_column width=&#8221;1\/3&#8243;][vc_row_inner][vc_column_inner el_class=&#8221;iconTile supplychainTile&#8221;][vc_single_image image=&#8221;726&#8243; alignment=&#8221;center&#8221; css=&#8221;&#8221;]<h3 class=\"vcex-heading vcex-heading-plain vcex-module wpex-heading wpex-text-2xl wpex-text-center iconTileHolder\"><span class=\"vcex-heading-inner wpex-inline-block\">Transparente Steuerung<\/span><\/h3>[vc_column_text css=&#8221;&#8221;]Sie sehen Status, Fortschritt und Abweichungen pro Standort in nachvollziehbarer Form.[\/vc_column_text][\/vc_column_inner][\/vc_row_inner][\/vc_column][vc_column width=&#8221;1\/3&#8243;][vc_row_inner][vc_column_inner el_class=&#8221;iconTile supplychainTile&#8221;][vc_single_image image=&#8221;739&#8243; alignment=&#8221;center&#8221; css=&#8221;&#8221;]<h3 class=\"vcex-heading vcex-heading-plain vcex-module wpex-heading wpex-text-2xl wpex-text-center iconTileHolder\"><span class=\"vcex-heading-inner wpex-inline-block\">Schonender Filial- und Standortbetrieb<\/span><\/h3>[vc_column_text css=&#8221;&#8221;]Installationen werden an Betriebszeiten angepasst, um Ausfallzeiten zu minimieren.[\/vc_column_text][\/vc_column_inner][\/vc_row_inner][\/vc_column][vc_column width=&#8221;1\/3&#8243;][vc_row_inner][vc_column_inner el_class=&#8221;iconTile supplychainTile&#8221;][vc_single_image image=&#8221;760&#8243; alignment=&#8221;center&#8221; css=&#8221;&#8221;]<h3 class=\"vcex-heading vcex-heading-plain vcex-module wpex-heading wpex-text-2xl wpex-text-center iconTileHolder\"><span class=\"vcex-heading-inner wpex-inline-block\">Rollback inklusive<\/span><\/h3>[vc_column_text css=&#8221;&#8221;]Status-, Fortschritts- und Abweichungsanalysen schaffen Transparenz und erm\u00f6glichen aktive Steuerung.[\/vc_column_text][\/vc_column_inner][\/vc_row_inner][\/vc_column][\/vc_row][vc_row content_placement=&#8221;middle&#8221; column_spacing=&#8221;50&#8243; el_class=&#8221;padtop&#8221;][vc_column width=&#8221;1\/3&#8243;][vc_single_image image=&#8221;802&#8243; css=&#8221;&#8221;][\/vc_column][vc_column width=&#8221;2\/3&#8243;]<h2 class=\"vcex-heading vcex-heading-plain vcex-module wpex-heading wpex-text-2xl yellow\"><span class=\"vcex-heading-inner wpex-inline-block\">Vom Einzelprojekt zur gesteuerten Rollout-Serie<\/span><\/h2>[vc_column_text css=&#8221;&#8221; el_class=&#8221;removepad&#8221;]Klassische Installationsauftr\u00e4ge konzentrieren sich oft auf den n\u00e4chsten Termin. LPR denkt in Rollout- und Rollback-Serien \u00fcber viele Standorte hinweg. Wir definieren gemeinsam mit Ihnen Standards f\u00fcr die Abl\u00e4ufe vor Ort, Dokumentation und Qualit\u00e4tssicherung. So werden aus hohen St\u00fcckzahlen klar strukturierte Programme mit zentraler Steuerung.<\/p>\n<p>Unsere Installationen sind modular aufgebaut: Sie k\u00f6nnen Planung, Konfiguration, Logistik, Vor-Ort-Eins\u00e4tze, Funktionspr\u00fcfung, Einweisung des Filial- oder Standortteams und R\u00fcckbau separat oder als End-to-End-L\u00f6sung nutzen. Das gibt Ihnen die Flexibilit\u00e4t, vorhandene Strukturen einzubinden und trotzdem von einem einheitlichen Installationsprozess zu profitieren.[\/vc_column_text][\/vc_column][\/vc_row][vc_row remove_bottom_col_margin=&#8221;true&#8221; el_class=&#8221;callout&#8221; css=&#8221;.vc_custom_1776619103566{background-image: url(https:\/\/lpr.de\/de\/wp-content\/uploads\/sites\/3\/2026\/04\/installation-cta.webp?id=443) !important;background-position: center !important;background-repeat: no-repeat !important;background-size: cover !important;}&#8221;][vc_column width=&#8221;3\/4&#8243;]<h2 class=\"vcex-heading vcex-heading-plain vcex-module wpex-heading wpex-text-2xl white ctaPullup\"><span class=\"vcex-heading-inner wpex-inline-block\">Sprechen Sie mit uns \u00fcber Ihren n\u00e4chsten Ger\u00e4te-Rollout.<\/span><\/h2>[\/vc_column][vc_column width=&#8221;1\/4&#8243;]<a href=\"\/de\/contact\/\" class=\"vcex-button theme-button inline solid widebut\"><span class=\"vcex-button-inner theme-button-inner wpex-flex wpex-flex-wrap wpex-items-center wpex-justify-center\">Mehr erfahren<\/span><\/a> [\/vc_column][\/vc_row][vc_row remove_bottom_col_margin=&#8221;true&#8221;][vc_column]<h2 class=\"vcex-heading vcex-heading-plain vcex-module wpex-heading wpex-text-2xl\"><span class=\"vcex-heading-inner wpex-inline-block\">Unsere Kernbranchen f\u00fcr Installation<\/span><\/h2>[vc_column_text css=&#8221;&#8221;]Rollout &amp; Installation wird besonders kritisch, wenn viele Standorte, kurze Wartungsfenster und sensible Umgebungen zusammentreffen. Hier ist LPR schwerpunktm\u00e4\u00dfig im Einsatz:[\/vc_column_text][vc_row_inner el_class=&#8221;relatedLinks&#8221;][vc_column_inner width=&#8221;1\/4&#8243;][vc_single_image image=&#8221;66&#8243; onclick=&#8221;custom_link&#8221; css=&#8221;&#8221; link=&#8221;\/de\/industries\/high-tech\/&#8221; img_hover=&#8221;opacity&#8221;]<h5 class=\"vcex-heading vcex-heading-plain vcex-module wpex-heading wpex-text-2xl\"><a href=\"\/sectors\/high-tech\/\" class=\"wpex-no-underline\" target=\"_self\"><span class=\"vcex-heading-inner wpex-inline-block\">Robotics<\/span><\/a><\/h5>[vc_column_text css=&#8221;&#8221; el_class=&#8221;removepad&#8221;]Pr\u00e4zise Installation von Robotik- und Automationsl\u00f6sungen mit abgestimmten Zeitfenstern zum laufenden Betrieb.[\/vc_column_text][\/vc_column_inner][vc_column_inner width=&#8221;1\/4&#8243;][vc_single_image image=&#8221;64&#8243; onclick=&#8221;custom_link&#8221; css=&#8221;&#8221; link=&#8221;\/de\/industries\/retail\/&#8221; img_hover=&#8221;opacity&#8221;]<h5 class=\"vcex-heading vcex-heading-plain vcex-module wpex-heading wpex-text-2xl\"><a href=\"\/sectors\/retail\/\" class=\"wpex-no-underline\" target=\"_self\"><span class=\"vcex-heading-inner wpex-inline-block\">Retail<\/span><\/a><\/h5>[vc_column_text css=&#8221;&#8221; el_class=&#8221;removepad&#8221;]Rollout und Austausch von Kassen, Self-Checkout, Displays und weiteren Systemen \u00fcber ausgedehnte Filialnetze.[\/vc_column_text][\/vc_column_inner][vc_column_inner width=&#8221;1\/4&#8243;][vc_single_image image=&#8221;71&#8243; onclick=&#8221;custom_link&#8221; css=&#8221;&#8221; link=&#8221;\/de\/industries\/office-devices\/&#8221; img_hover=&#8221;opacity&#8221;]<h5 class=\"vcex-heading vcex-heading-plain vcex-module wpex-heading wpex-text-2xl\"><a href=\"\/de\/sectors\/office-devices\/\" class=\"wpex-no-underline\" target=\"_self\"><span class=\"vcex-heading-inner wpex-inline-block\">Office Devices<\/span><\/a><\/h5>[vc_column_text css=&#8221;&#8221; el_class=&#8221;removepad&#8221;]Strukturierter Austausch und Neuinstallation von Druckern, MFPs und IT-Peripherie in B\u00fcroumgebungen.[\/vc_column_text][\/vc_column_inner][vc_column_inner width=&#8221;1\/4&#8243;][vc_single_image image=&#8221;663&#8243; onclick=&#8221;custom_link&#8221; css=&#8221;&#8221; link=&#8221;\/de\/industries\/infrastructure\/&#8221; img_hover=&#8221;opacity&#8221;]<h5 class=\"vcex-heading vcex-heading-plain vcex-module wpex-heading wpex-text-2xl\"><a href=\"\/de\/sectors\/infrastructure\/\" class=\"wpex-no-underline\" target=\"_self\"><span class=\"vcex-heading-inner wpex-inline-block\">Infrastruktur<\/span><\/a><\/h5>[vc_column_text css=&#8221;&#8221; el_class=&#8221;removepad&#8221;]Installationen in verteilten Infrastrukturen, z.B. Terminals, Infopoints oder Zugangssysteme mit klarer, dokumentierter \u00dcbergabe.[\/vc_column_text][\/vc_column_inner][\/vc_row_inner][\/vc_column][\/vc_row]\n<\/div>","protected":false},"excerpt":{"rendered":"<p>[vc_row content_placement=&#8221;middle&#8221; column_spacing=&#8221;50&#8243; el_class=&#8221;swap-on-mobile&#8221;][vc_column width=&#8221;1\/2&#8243;][vc_column_text css=&#8221;&#8221; el_class=&#8221;removepad&#8221;]Wenn neue Ger\u00e4te in vielen Filialen oder Standorten ausgerollt werden, entscheidet die Umsetzung \u00fcber den Projekterfolg. Hohe Volumina, enge Zeitfenster und ein dichtes Filialnetz lassen sich nur mit klarer Steuerung und standardisierten Abl\u00e4ufen beherrschen. LPR \u00fcbernimmt die operative Verantwortung f\u00fcr Rollout, Installation und Rollback Ihrer Ger\u00e4te \u2013 bundesweit und&hellip;<\/p>\n","protected":false},"author":1,"featured_media":0,"parent":82,"menu_order":0,"comment_status":"closed","ping_status":"closed","template":"","meta":{"inline_featured_image":false,"footnotes":""},"class_list":["post-113","page","type-page","status-publish","hentry","entry","no-media"],"_links":{"self":[{"href":"https:\/\/lpr.de\/de\/wp-json\/wp\/v2\/pages\/113","targetHints":{"allow":["GET"]}}],"collection":[{"href":"https:\/\/lpr.de\/de\/wp-json\/wp\/v2\/pages"}],"about":[{"href":"https:\/\/lpr.de\/de\/wp-json\/wp\/v2\/types\/page"}],"author":[{"embeddable":true,"href":"https:\/\/lpr.de\/de\/wp-json\/wp\/v2\/users\/1"}],"replies":[{"embeddable":true,"href":"https:\/\/lpr.de\/de\/wp-json\/wp\/v2\/comments?post=113"}],"version-history":[{"count":14,"href":"https:\/\/lpr.de\/de\/wp-json\/wp\/v2\/pages\/113\/revisions"}],"predecessor-version":[{"id":803,"href":"https:\/\/lpr.de\/de\/wp-json\/wp\/v2\/pages\/113\/revisions\/803"}],"up":[{"embeddable":true,"href":"https:\/\/lpr.de\/de\/wp-json\/wp\/v2\/pages\/82"}],"wp:attachment":[{"href":"https:\/\/lpr.de\/de\/wp-json\/wp\/v2\/media?parent=113"}],"curies":[{"name":"wp","href":"https:\/\/api.w.org\/{rel}","templated":true}]}}