{"id":110,"date":"2026-04-08T11:10:14","date_gmt":"2026-04-08T11:10:14","guid":{"rendered":"https:\/\/lpr.de\/de\/?page_id=110"},"modified":"2026-04-22T09:19:52","modified_gmt":"2026-04-22T09:19:52","slug":"imac-rd","status":"publish","type":"page","link":"https:\/\/lpr.de\/de\/services\/imac-rd\/","title":{"rendered":"IMAC\/RD Services f\u00fcr Ihre Ger\u00e4teflotte"},"content":{"rendered":"<div class=\"wpb-content-wrapper\">[vc_row content_placement=&#8221;middle&#8221; column_spacing=&#8221;50&#8243; el_class=&#8221;swap-on-mobile&#8221;][vc_column width=&#8221;1\/2&#8243;]<h2 class=\"vcex-heading vcex-heading-plain vcex-module wpex-heading wpex-text-2xl\"><span class=\"vcex-heading-inner wpex-inline-block\">IMAC\/RD, das zu ihren Produkten passt<\/span><\/h2>[vc_column_text css=&#8221;&#8221; el_class=&#8221;removepad&#8221;]Ob neue Ger\u00e4teflotte oder neuer Gro\u00dfkunde mit vielen Filialen und B\u00fcros: Mit IMAC\/RD Services von LPR steuern Sie Installationen, Umz\u00fcge, Anpassungen, Rollbacks und De-Installationen \u00fcber einheitliche Prozesse \u2013 bundesweit. Sie behalten die Kontrolle, wir \u00fcbernehmen die operative Umsetzung.<\/p>\n<p>Ihre eigenen Technikerteams werden gezielt entlastet: LPR \u00fcbernimmt wiederkehrende, volumenstarke Aufgaben. Dadurch gewinnt Ihr Team Kapazit\u00e4t f\u00fcr zeitkritische und besonders komplexe Eins\u00e4tze.<\/p>\n<p>F\u00fcr Ihre Endkunden und Standorte bedeutet das: ein berechenbarer, verl\u00e4sslicher Service, konsistente Qualit\u00e4t und minimale St\u00f6rungen im Tagesgesch\u00e4ft \u2013 unabh\u00e4ngig davon, welche Filiale oder welches B\u00fcro gerade im Fokus steht.<br \/>\n[\/vc_column_text][\/vc_column][vc_column width=&#8221;1\/2&#8243;]<figure class=\"vcex-image vcex-module\"><div class=\"vcex-image-inner wpex-relative wpex-inline-block\"><img width=\"850\" height=\"850\" src=\"https:\/\/lpr.de\/de\/wp-content\/uploads\/sites\/3\/2026\/04\/imac-content-1.webp\" class=\"vcex-image-img wpex-align-middle wpex-aspect-4-3 wpex-object-cover\" alt=\"delivery arriving\" loading=\"lazy\" decoding=\"async\" srcset=\"https:\/\/lpr.de\/de\/wp-content\/uploads\/sites\/3\/2026\/04\/imac-content-1.webp 850w, https:\/\/lpr.de\/de\/wp-content\/uploads\/sites\/3\/2026\/04\/imac-content-1-300x300.webp 300w, https:\/\/lpr.de\/de\/wp-content\/uploads\/sites\/3\/2026\/04\/imac-content-1-150x150.webp 150w, https:\/\/lpr.de\/de\/wp-content\/uploads\/sites\/3\/2026\/04\/imac-content-1-768x768.webp 768w\" sizes=\"auto, (max-width: 850px) 100vw, 850px\" \/><\/div><\/figure>[\/vc_column][\/vc_row][vc_row remove_bottom_col_margin=&#8221;true&#8221;][vc_column]<h2 class=\"vcex-heading vcex-heading-plain vcex-module wpex-heading wpex-text-2xl wpex-text-center\"><span class=\"vcex-heading-inner wpex-inline-block\">Why use LPR?<\/span><\/h2>[\/vc_column][\/vc_row][vc_row column_spacing=&#8221;50&#8243; gap=&#8221;35&#8243; equal_height=&#8221;yes&#8221; remove_bottom_col_margin=&#8221;true&#8221; el_class=&#8221;iconTileHolder&#8221;][vc_column width=&#8221;1\/3&#8243;][vc_row_inner][vc_column_inner el_class=&#8221;iconTile supplychainTile&#8221;][vc_single_image image=&#8221;757&#8243; alignment=&#8221;center&#8221; css=&#8221;&#8221;]<h3 class=\"vcex-heading vcex-heading-plain vcex-module wpex-heading wpex-text-2xl wpex-text-center iconTileHolder\"><span class=\"vcex-heading-inner wpex-inline-block\">Planbare Rollouts und Changes<\/span><\/h3>[vc_column_text css=&#8221;&#8221;]Wiederholbare IMAC\/RD-Prozesse mit klaren Zeitfenstern und abgestimmten Abl\u00e4ufen.[\/vc_column_text][\/vc_column_inner][\/vc_row_inner][\/vc_column][vc_column width=&#8221;1\/3&#8243;][vc_row_inner][vc_column_inner el_class=&#8221;iconTile supplychainTile&#8221;][vc_single_image image=&#8221;762&#8243; alignment=&#8221;center&#8221; css=&#8221;&#8221;]<h3 class=\"vcex-heading vcex-heading-plain vcex-module wpex-heading wpex-text-2xl wpex-text-center iconTileHolder\"><span class=\"vcex-heading-inner wpex-inline-block\">Entlastung Ihres Technikerteams<\/span><\/h3>[vc_column_text css=&#8221;&#8221;]LPR \u00fcbernimmt standardisierte Aufgaben vor Ort, Ihr Team fokussiert sich auf h\u00f6herwertige Themen.[\/vc_column_text][\/vc_column_inner][\/vc_row_inner][\/vc_column][vc_column width=&#8221;1\/3&#8243;][vc_row_inner][vc_column_inner el_class=&#8221;iconTile supplychainTile&#8221;][vc_single_image image=&#8221;763&#8243; alignment=&#8221;center&#8221; css=&#8221;&#8221;]<h3 class=\"vcex-heading vcex-heading-plain vcex-module wpex-heading wpex-text-2xl wpex-text-center iconTileHolder\"><span class=\"vcex-heading-inner wpex-inline-block\">Skalierbar bei Volumenschwankungen<\/span><\/h3>[vc_column_text css=&#8221;&#8221;]Kapazit\u00e4ten lassen sich flexibel auf Spitzen, Kampagnen oder neue Gro\u00dfkunden ausrichten.[\/vc_column_text][\/vc_column_inner][\/vc_row_inner][\/vc_column][\/vc_row][vc_row column_spacing=&#8221;60&#8243; gap=&#8221;35&#8243; equal_height=&#8221;yes&#8221; el_class=&#8221;iconTileHolder&#8221;][vc_column width=&#8221;1\/3&#8243;][vc_row_inner][vc_column_inner el_class=&#8221;iconTile supplychainTile&#8221;][vc_single_image image=&#8221;734&#8243; alignment=&#8221;center&#8221; css=&#8221;&#8221;]<h3 class=\"vcex-heading vcex-heading-plain vcex-module wpex-heading wpex-text-2xl wpex-text-center iconTileHolder\"><span class=\"vcex-heading-inner wpex-inline-block\">Einheitliche Qualit\u00e4t \u00fcber alle Standorte<\/span><\/h3>[vc_column_text css=&#8221;&#8221;]Einheitliche Standards, strukturierte Checklisten und nachvollziehbare Dokumentation \u2013 standort\u00fcbergreifend f\u00fcr Unternehmen und Beh\u00f6rden mit mehreren Niederlassungen.[\/vc_column_text][\/vc_column_inner][\/vc_row_inner][\/vc_column][vc_column width=&#8221;1\/3&#8243;][vc_row_inner][vc_column_inner el_class=&#8221;iconTile supplychainTile&#8221;][vc_single_image image=&#8221;726&#8243; alignment=&#8221;center&#8221; css=&#8221;&#8221;]<h3 class=\"vcex-heading vcex-heading-plain vcex-module wpex-heading wpex-text-2xl wpex-text-center iconTileHolder\"><span class=\"vcex-heading-inner wpex-inline-block\">Transparenz und Nachvollziehbarkeit<\/span><\/h3>[vc_column_text css=&#8221;&#8221;]Jede Installation, \u00c4nderung oder De-Installation ist nachvollziehbar dokumentiert.[\/vc_column_text][\/vc_column_inner][\/vc_row_inner][\/vc_column][vc_column width=&#8221;1\/3&#8243;][vc_row_inner][vc_column_inner el_class=&#8221;iconTile supplychainTile&#8221;][vc_single_image image=&#8221;745&#8243; alignment=&#8221;center&#8221; css=&#8221;&#8221;]<h3 class=\"vcex-heading vcex-heading-plain vcex-module wpex-heading wpex-text-2xl wpex-text-center iconTileHolder\"><span class=\"vcex-heading-inner wpex-inline-block\">Modular einsetzbar<\/span><\/h3>[vc_column_text css=&#8221;&#8221;]IMAC\/RD Services \u2013 flexibel skalierbar und nahtlos eingebunden in unsere integrierten Service- und Logistikprozesse.[\/vc_column_text][\/vc_column_inner][\/vc_row_inner][\/vc_column][\/vc_row][vc_row content_placement=&#8221;middle&#8221; column_spacing=&#8221;50&#8243; el_class=&#8221;padtop&#8221;][vc_column width=&#8221;1\/3&#8243;][vc_single_image image=&#8221;153&#8243; css=&#8221;&#8221;][\/vc_column][vc_column width=&#8221;2\/3&#8243;]<h2 class=\"vcex-heading vcex-heading-plain vcex-module wpex-heading wpex-text-2xl yellow\"><span class=\"vcex-heading-inner wpex-inline-block\">IMAC\/RD als gesteuerter End-to-End-Prozess<\/span><\/h2>[vc_column_text css=&#8221;&#8221; el_class=&#8221;removepad&#8221;]LPR verbindet IMAC\/RD Services mit Logistik und technischer Umsetzung. Vom Eintreffen der Ger\u00e4te bis zur Abnahme vor Ort greifen alle Schritte ineinander. Sie erhalten klare Verantwortlichkeiten und eine l\u00fcckenlose Dokumentation \u2013 ohne dass Sie eigene Ressourcen dauerhaft binden m\u00fcssen.<\/p>\n<p>Unsere Teams arbeiten nach abgestimmten Standardprozessen, die sich an Ihre Richtlinien und Ihr Markenversprechen anpassen. So entsteht ein bundesweit einheitliches Serviceerlebnis f\u00fcr Ihre Endkunden \u2013 in der Filiale, im B\u00fcro oder an jedem anderen Standort \u2013 mit m\u00f6glichst wenig Unterbrechung des laufenden Betriebs.<br \/>\n[\/vc_column_text][\/vc_column][\/vc_row][vc_row remove_bottom_col_margin=&#8221;true&#8221; el_class=&#8221;callout&#8221; css=&#8221;.vc_custom_1776619131537{background-image: url(https:\/\/lpr.de\/de\/wp-content\/uploads\/sites\/3\/2026\/04\/imac-cta.webp?id=445) !important;background-position: center !important;background-repeat: no-repeat !important;background-size: cover !important;}&#8221;][vc_column width=&#8221;3\/4&#8243;]<h2 class=\"vcex-heading vcex-heading-plain vcex-module wpex-heading wpex-text-2xl white\"><span class=\"vcex-heading-inner wpex-inline-block\">Sprechen wir \u00fcber Ihre Anforderungen \u2013 von der ersten Filiale bis zum bundesweiten Rollout.<\/span><\/h2>[\/vc_column][vc_column width=&#8221;1\/4&#8243;]<a href=\"\/de\/contact\/\" class=\"vcex-button theme-button inline solid widebut\"><span class=\"vcex-button-inner theme-button-inner wpex-flex wpex-flex-wrap wpex-items-center wpex-justify-center\">Jetzt Kontakt aufnehmen<\/span><\/a> [\/vc_column][\/vc_row][vc_row remove_bottom_col_margin=&#8221;true&#8221;][vc_column]<h2 class=\"vcex-heading vcex-heading-plain vcex-module wpex-heading wpex-text-2xl\"><span class=\"vcex-heading-inner wpex-inline-block\">Unsere Kernbranchen f\u00fcr IMAC\/RD Services<\/span><\/h2>[vc_column_text css=&#8221;&#8221;]LPR Services sind besonders f\u00fcr Organisationen mit verteilten Standorten und standardisierten Arbeitspl\u00e4tzen geeignet.[\/vc_column_text][vc_row_inner el_class=&#8221;relatedLinks&#8221;][vc_column_inner width=&#8221;1\/4&#8243;][vc_single_image image=&#8221;64&#8243; onclick=&#8221;custom_link&#8221; css=&#8221;&#8221; link=&#8221;\/de\/industries\/retail\/&#8221; img_hover=&#8221;opacity&#8221;]<h5 class=\"vcex-heading vcex-heading-plain vcex-module wpex-heading wpex-text-2xl\"><a href=\"\/sectors\/retail\/\" class=\"wpex-no-underline\" target=\"_self\"><span class=\"vcex-heading-inner wpex-inline-block\">Retail<\/span><\/a><\/h5>[vc_column_text css=&#8221;&#8221; el_class=&#8221;removepad&#8221;]Rollouts, Umbauten und De-Installationen in Filialnetzen \u2013 von POS-Systemen bis zu Backoffice-Arbeitspl\u00e4tzen.[\/vc_column_text][\/vc_column_inner][vc_column_inner width=&#8221;1\/4&#8243;][vc_single_image image=&#8221;71&#8243; onclick=&#8221;custom_link&#8221; css=&#8221;&#8221; link=&#8221;\/de\/industries\/office-devices\/&#8221; img_hover=&#8221;opacity&#8221;]<h5 class=\"vcex-heading vcex-heading-plain vcex-module wpex-heading wpex-text-2xl\"><a href=\"\/de\/sectors\/office-devices\/\" class=\"wpex-no-underline\" target=\"_self\"><span class=\"vcex-heading-inner wpex-inline-block\">Office Devices<\/span><\/a><\/h5>[vc_column_text css=&#8221;&#8221; el_class=&#8221;removepad&#8221;]Arbeitsplatz- und Druckerumz\u00fcge, Ger\u00e4tetausch und Lifecycle-Wechsel in verteilten B\u00fcro- und Serviceumgebungen.[\/vc_column_text][\/vc_column_inner][vc_column_inner width=&#8221;1\/4&#8243;][\/vc_column_inner][vc_column_inner width=&#8221;1\/4&#8243;][\/vc_column_inner][\/vc_row_inner][\/vc_column][\/vc_row]\n<\/div>","protected":false},"excerpt":{"rendered":"<p>[vc_row content_placement=&#8221;middle&#8221; column_spacing=&#8221;50&#8243; el_class=&#8221;swap-on-mobile&#8221;][vc_column width=&#8221;1\/2&#8243;][vc_column_text css=&#8221;&#8221; el_class=&#8221;removepad&#8221;]Ob neue Ger\u00e4teflotte oder neuer Gro\u00dfkunde mit vielen Filialen und B\u00fcros: Mit IMAC\/RD Services von LPR steuern Sie Installationen, Umz\u00fcge, Anpassungen, Rollbacks und De-Installationen \u00fcber einheitliche Prozesse \u2013 bundesweit. Sie behalten die Kontrolle, wir \u00fcbernehmen die operative Umsetzung. Ihre eigenen Technikerteams werden gezielt entlastet: LPR \u00fcbernimmt wiederkehrende, volumenstarke Aufgaben.&hellip;<\/p>\n","protected":false},"author":1,"featured_media":0,"parent":82,"menu_order":0,"comment_status":"closed","ping_status":"closed","template":"","meta":{"inline_featured_image":false,"footnotes":""},"class_list":["post-110","page","type-page","status-publish","hentry","entry","no-media"],"_links":{"self":[{"href":"https:\/\/lpr.de\/de\/wp-json\/wp\/v2\/pages\/110","targetHints":{"allow":["GET"]}}],"collection":[{"href":"https:\/\/lpr.de\/de\/wp-json\/wp\/v2\/pages"}],"about":[{"href":"https:\/\/lpr.de\/de\/wp-json\/wp\/v2\/types\/page"}],"author":[{"embeddable":true,"href":"https:\/\/lpr.de\/de\/wp-json\/wp\/v2\/users\/1"}],"replies":[{"embeddable":true,"href":"https:\/\/lpr.de\/de\/wp-json\/wp\/v2\/comments?post=110"}],"version-history":[{"count":8,"href":"https:\/\/lpr.de\/de\/wp-json\/wp\/v2\/pages\/110\/revisions"}],"predecessor-version":[{"id":764,"href":"https:\/\/lpr.de\/de\/wp-json\/wp\/v2\/pages\/110\/revisions\/764"}],"up":[{"embeddable":true,"href":"https:\/\/lpr.de\/de\/wp-json\/wp\/v2\/pages\/82"}],"wp:attachment":[{"href":"https:\/\/lpr.de\/de\/wp-json\/wp\/v2\/media?parent=110"}],"curies":[{"name":"wp","href":"https:\/\/api.w.org\/{rel}","templated":true}]}}