{"id":106,"date":"2026-04-08T10:53:34","date_gmt":"2026-04-08T10:53:34","guid":{"rendered":"https:\/\/lpr.de\/de\/?page_id=106"},"modified":"2026-04-22T09:29:59","modified_gmt":"2026-04-22T09:29:59","slug":"end-to-end-solutions","status":"publish","type":"page","link":"https:\/\/lpr.de\/de\/services\/end-to-end-solutions\/","title":{"rendered":"End-to-End L\u00f6sungen f\u00fcr Ihre Ersatzteillogistik"},"content":{"rendered":"<div class=\"wpb-content-wrapper\">[vc_row content_placement=&#8221;middle&#8221; column_spacing=&#8221;50&#8243; el_class=&#8221;swap-on-mobile&#8221;][vc_column width=&#8221;1\/2&#8243;]<h2 class=\"vcex-heading vcex-heading-plain vcex-module wpex-heading wpex-text-2xl\"><span class=\"vcex-heading-inner wpex-inline-block\">Weniger Schnittstellen, mehr Kontrolle.<\/span><\/h2>[vc_column_text css=&#8221;&#8221; el_class=&#8221;removepad&#8221;]Neue Service- und Gesch\u00e4ftsmodelle stellen hohe Anforderungen an Ihre Ersatzteillogistik: Kurze Reaktionszeiten, hohe Verf\u00fcgbarkeit und Kostentransparenz. Gleichzeitig w\u00e4chst die Anzahl von Anforderungen, Standorten und Technikern. Punktuelle Einzell\u00f6sungen sto\u00dfen hier schnell an Grenzen.<\/p>\n<p>Mit den End-to-End L\u00f6sungen von LPR verbinden Sie Zentrallager, FSL, Nachtexpress und KEP-L\u00f6sungen zu einer durchg\u00e4ngigen Logistik \u2013 mit nur einer verantwortlichen Ansprechperson. So reduzieren Sie Schnittstellen zu verschiedenen Dienstleistern und gewinnen Kontrolle \u00fcber ihre Ersatzteillogistik.<\/p>\n<p>F\u00fcr Ihre Kunden bedeutet das: Ersatzteile sind planbar verf\u00fcgbar, in einheitlicher Qualit\u00e4t und mit minimalen Unterbrechungen im laufenden Betrieb.<br \/>\n[\/vc_column_text][\/vc_column][vc_column width=&#8221;1\/2&#8243;]<figure class=\"vcex-image vcex-module\"><div class=\"vcex-image-inner wpex-relative wpex-inline-block\"><img width=\"850\" height=\"850\" src=\"https:\/\/lpr.de\/de\/wp-content\/uploads\/sites\/3\/2026\/04\/e2e-content-1.webp\" class=\"vcex-image-img wpex-align-middle wpex-aspect-4-3 wpex-object-cover\" alt=\"Meeting room\" loading=\"lazy\" decoding=\"async\" srcset=\"https:\/\/lpr.de\/de\/wp-content\/uploads\/sites\/3\/2026\/04\/e2e-content-1.webp 850w, https:\/\/lpr.de\/de\/wp-content\/uploads\/sites\/3\/2026\/04\/e2e-content-1-300x300.webp 300w, https:\/\/lpr.de\/de\/wp-content\/uploads\/sites\/3\/2026\/04\/e2e-content-1-150x150.webp 150w, https:\/\/lpr.de\/de\/wp-content\/uploads\/sites\/3\/2026\/04\/e2e-content-1-768x768.webp 768w\" sizes=\"auto, (max-width: 850px) 100vw, 850px\" \/><\/div><\/figure>[\/vc_column][\/vc_row][vc_row remove_bottom_col_margin=&#8221;true&#8221;][vc_column]<h2 class=\"vcex-heading vcex-heading-plain vcex-module wpex-heading wpex-text-2xl wpex-text-center\"><span class=\"vcex-heading-inner wpex-inline-block\">Warum LPR?<\/span><\/h2>[\/vc_column][\/vc_row][vc_row column_spacing=&#8221;50&#8243; gap=&#8221;35&#8243; equal_height=&#8221;yes&#8221; remove_bottom_col_margin=&#8221;true&#8221; el_class=&#8221;iconTileHolder&#8221;][vc_column width=&#8221;1\/3&#8243;][vc_row_inner][vc_column_inner el_class=&#8221;iconTile supplychainTile&#8221;][vc_single_image image=&#8221;765&#8243; alignment=&#8221;center&#8221; css=&#8221;&#8221;]<h3 class=\"vcex-heading vcex-heading-plain vcex-module wpex-heading wpex-text-2xl wpex-text-center iconTileHolder\"><span class=\"vcex-heading-inner wpex-inline-block\">Ein durchg\u00e4ngiger Ansprechpartner f\u00fcr Planung, Betrieb und Optimierung Ihrer Ersatzteillogistik.<\/span><\/h3>[\/vc_column_inner][\/vc_row_inner][\/vc_column][vc_column width=&#8221;1\/3&#8243;][vc_row_inner][vc_column_inner el_class=&#8221;iconTile supplychainTile&#8221;][vc_single_image image=&#8221;766&#8243; alignment=&#8221;center&#8221; css=&#8221;&#8221;]<h3 class=\"vcex-heading vcex-heading-plain vcex-module wpex-heading wpex-text-2xl wpex-text-center iconTileHolder\"><span class=\"vcex-heading-inner wpex-inline-block\">Modulbaukasten aus Warehousing, FSL, Nachtexpress und KEP-Services \u2013 exakt nach Ihrem Bedarf kombinierbar.<\/span><\/h3>[\/vc_column_inner][\/vc_row_inner][\/vc_column][vc_column width=&#8221;1\/3&#8243;][vc_row_inner][vc_column_inner el_class=&#8221;iconTile supplychainTile&#8221;][vc_single_image image=&#8221;767&#8243; alignment=&#8221;center&#8221; css=&#8221;&#8221;]<h3 class=\"vcex-heading vcex-heading-plain vcex-module wpex-heading wpex-text-2xl wpex-text-center iconTileHolder\"><span class=\"vcex-heading-inner wpex-inline-block\">Klare Prozesse und digitale Dokumentation schaffen Transparenz \u00fcber Best\u00e4nde, Wege und Status in nahezu Echtzeit.<\/span><\/h3>[\/vc_column_inner][\/vc_row_inner][\/vc_column][\/vc_row][vc_row column_spacing=&#8221;60&#8243; gap=&#8221;35&#8243; equal_height=&#8221;yes&#8221; el_class=&#8221;iconTileHolder&#8221;][vc_column width=&#8221;1\/3&#8243;][vc_row_inner][vc_column_inner el_class=&#8221;iconTile supplychainTile&#8221;][vc_single_image image=&#8221;753&#8243; alignment=&#8221;center&#8221; css=&#8221;&#8221;]<h3 class=\"vcex-heading vcex-heading-plain vcex-module wpex-heading wpex-text-2xl wpex-text-center iconTileHolder\"><span class=\"vcex-heading-inner wpex-inline-block\">Optimierte Lager- und Netzwerkstruktur senkt Best\u00e4nde und unterst\u00fctzt Ihre Kosten- und Kapitalbindungsziele.<\/span><\/h3>[\/vc_column_inner][\/vc_row_inner][\/vc_column][vc_column width=&#8221;1\/3&#8243;][vc_row_inner][vc_column_inner el_class=&#8221;iconTile supplychainTile&#8221;][vc_single_image image=&#8221;751&#8243; alignment=&#8221;center&#8221; css=&#8221;&#8221;]<h3 class=\"vcex-heading vcex-heading-plain vcex-module wpex-heading wpex-text-2xl wpex-text-center iconTileHolder\"><span class=\"vcex-heading-inner wpex-inline-block\">Hohe Teileverf\u00fcgbarkeit f\u00fcr Kunden, ohne Sicherheitsbest\u00e4nde aufbauen zu m\u00fcssen.<\/span><\/h3>[\/vc_column_inner][\/vc_row_inner][\/vc_column][vc_column width=&#8221;1\/3&#8243;][vc_row_inner][vc_column_inner el_class=&#8221;iconTile supplychainTile&#8221;][vc_single_image image=&#8221;726&#8243; alignment=&#8221;center&#8221; css=&#8221;&#8221;]<h3 class=\"vcex-heading vcex-heading-plain vcex-module wpex-heading wpex-text-2xl wpex-text-center iconTileHolder\"><span class=\"vcex-heading-inner wpex-inline-block\">Messbare, nachvollziehbare Performance mit standardisierter und transparenter Reportingstruktur.<\/span><\/h3>[\/vc_column_inner][\/vc_row_inner][\/vc_column][\/vc_row][vc_row content_placement=&#8221;middle&#8221; column_spacing=&#8221;50&#8243; el_class=&#8221;padtop&#8221;][vc_column width=&#8221;1\/3&#8243;][vc_single_image image=&#8221;150&#8243; css=&#8221;&#8221;][\/vc_column][vc_column width=&#8221;2\/3&#8243;]<h2 class=\"vcex-heading vcex-heading-plain vcex-module wpex-heading wpex-text-2xl yellow\"><span class=\"vcex-heading-inner wpex-inline-block\">Ein Netzwerk, ein Prozess, ein Verantwortlicher.<\/span><\/h2>[vc_column_text css=&#8221;&#8221; el_class=&#8221;removepad&#8221;]Mit LPR m\u00fcssen Sie sich nicht mehr zwischen verschiedenen Dienstleistern entscheiden. Wir verbinden Zentrallager, FSL, Nachtexpress und KEP-Services zu einem gemeinsamen End-to-End Setup f\u00fcr Ihre Ersatzteillogistik \u2013 das Sie modular erweitern und anpassen k\u00f6nnen.<\/p>\n<p>Statt vieler Einzell\u00f6sungen erhalten Sie einen abgestimmten Prozess: Von der Bestellfreigabe \u00fcber Bestandsf\u00fchrung, Kommissionierung bis zur Zustellung an Werkst\u00e4tten, Techniker oder PUDO \u2013 inklusive R\u00fcckf\u00fchrungen und klarer digitaler Dokumentation. So behalten Sie die Kontrolle \u00fcber Verf\u00fcgbarkeit und Kosten, ohne selbst jede Schnittstelle koordinieren zu m\u00fcssen.<br \/>\n[\/vc_column_text][\/vc_column][\/vc_row][vc_row remove_bottom_col_margin=&#8221;true&#8221; el_class=&#8221;callout&#8221; css=&#8221;.vc_custom_1776619162627{background-image: url(https:\/\/lpr.de\/de\/wp-content\/uploads\/sites\/3\/2026\/04\/e2e-cta.webp?id=447) !important;background-position: center !important;background-repeat: no-repeat !important;background-size: cover !important;}&#8221;][vc_column width=&#8221;3\/4&#8243;]<h2 class=\"vcex-heading vcex-heading-plain vcex-module wpex-heading wpex-text-2xl white\"><span class=\"vcex-heading-inner wpex-inline-block\">Lassen Sie uns Ihre Ersatzteillogistik neu denken.<\/span><\/h2>[\/vc_column][vc_column width=&#8221;1\/4&#8243;]<a href=\"\/de\/contact\/\" class=\"vcex-button theme-button inline solid widebut\"><span class=\"vcex-button-inner theme-button-inner wpex-flex wpex-flex-wrap wpex-items-center wpex-justify-center\">Individuelle L\u00f6sung anfragen<\/span><\/a> [\/vc_column][\/vc_row][vc_row remove_bottom_col_margin=&#8221;true&#8221;][vc_column]<h2 class=\"vcex-heading vcex-heading-plain vcex-module wpex-heading wpex-text-2xl\"><span class=\"vcex-heading-inner wpex-inline-block\">Unsere Kernbranchen<\/span><\/h2>[vc_column_text css=&#8221;&#8221;]End-to-End L\u00f6sungen von LPR bew\u00e4hren sich besonders in Branchen mit zeitkritischen Eins\u00e4tzen und hohen Anforderungen an Ersatzteilverf\u00fcgbarkeit und Transparenz.[\/vc_column_text][vc_row_inner el_class=&#8221;relatedLinks&#8221;][vc_column_inner width=&#8221;1\/4&#8243;][vc_single_image image=&#8221;66&#8243; onclick=&#8221;custom_link&#8221; css=&#8221;&#8221; link=&#8221;\/de\/industries\/high-tech\/&#8221; img_hover=&#8221;opacity&#8221;]<h5 class=\"vcex-heading vcex-heading-plain vcex-module wpex-heading wpex-text-2xl\"><a href=\"\/de\/sectors\/high-tech\/\" class=\"wpex-no-underline\" target=\"_self\"><span class=\"vcex-heading-inner wpex-inline-block\">High Tech<\/span><\/a><\/h5>[vc_column_text css=&#8221;&#8221; el_class=&#8221;removepad&#8221;]In Bereich von Technologie-Produkten sichern unsere End-to-End L\u00f6sungen Ersatzteilverf\u00fcgbarkeit f\u00fcr Systeme und Ger\u00e4te[\/vc_column_text][\/vc_column_inner][vc_column_inner width=&#8221;1\/4&#8243;][vc_single_image image=&#8221;69&#8243; onclick=&#8221;custom_link&#8221; css=&#8221;&#8221; link=&#8221;\/de\/industries\/materials-handling\/&#8221; img_hover=&#8221;opacity&#8221;]<h5 class=\"vcex-heading vcex-heading-plain vcex-module wpex-heading wpex-text-2xl\"><a href=\"\/de\/sectors\/materials-handling\/\" class=\"wpex-no-underline\" target=\"_self\"><span class=\"vcex-heading-inner wpex-inline-block\">Material Handling<\/span><\/a><\/h5>[vc_column_text css=&#8221;&#8221; el_class=&#8221;removepad&#8221;]F\u00fcr Gabelstapler und Intralogistik-Systeme b\u00fcndeln wir Zentrallager, FSL und Nachtexpress zu effizienten und transparenten Ersatzteilprozessen.[\/vc_column_text][\/vc_column_inner][vc_column_inner width=&#8221;1\/4&#8243;][vc_single_image image=&#8221;68&#8243; onclick=&#8221;custom_link&#8221; css=&#8221;&#8221; link=&#8221;\/de\/industries\/engineering\/&#8221; img_hover=&#8221;opacity&#8221;]<h5 class=\"vcex-heading vcex-heading-plain vcex-module wpex-heading wpex-text-2xl\"><a href=\"\/de\/sectors\/engineering\/\" class=\"wpex-no-underline\" target=\"_self\"><span class=\"vcex-heading-inner wpex-inline-block\">Engineering<\/span><\/a><\/h5>[vc_column_text css=&#8221;&#8221; el_class=&#8221;removepad&#8221;]Im Maschinen- und Anlagenbau unterst\u00fctzen integrierte Logistikprozesse schnelle Eingriffe und transparente Bestandsf\u00fchrung.[\/vc_column_text][\/vc_column_inner][vc_column_inner width=&#8221;1\/4&#8243;][vc_single_image image=&#8221;70&#8243; onclick=&#8221;custom_link&#8221; css=&#8221;&#8221; link=&#8221;\/de\/industries\/automotive\/&#8221; img_hover=&#8221;opacity&#8221;]<h5 class=\"vcex-heading vcex-heading-plain vcex-module wpex-heading wpex-text-2xl\"><a href=\"\/de\/sectors\/automotive\/\" class=\"wpex-no-underline\" target=\"_self\"><span class=\"vcex-heading-inner wpex-inline-block\">Automotive<\/span><\/a><\/h5>[vc_column_text css=&#8221;&#8221; el_class=&#8221;removepad&#8221;]Im Automotive-Bereich b\u00fcndeln wir unsere logistischen Leistungen zu effizienten und transparenten Ersatzteilprozessen.[\/vc_column_text][\/vc_column_inner][\/vc_row_inner][\/vc_column][\/vc_row]\n<\/div>","protected":false},"excerpt":{"rendered":"<p>[vc_row content_placement=&#8221;middle&#8221; column_spacing=&#8221;50&#8243; el_class=&#8221;swap-on-mobile&#8221;][vc_column width=&#8221;1\/2&#8243;][vc_column_text css=&#8221;&#8221; el_class=&#8221;removepad&#8221;]Neue Service- und Gesch\u00e4ftsmodelle stellen hohe Anforderungen an Ihre Ersatzteillogistik: Kurze Reaktionszeiten, hohe Verf\u00fcgbarkeit und Kostentransparenz. Gleichzeitig w\u00e4chst die Anzahl von Anforderungen, Standorten und Technikern. Punktuelle Einzell\u00f6sungen sto\u00dfen hier schnell an Grenzen. Mit den End-to-End L\u00f6sungen von LPR verbinden Sie Zentrallager, FSL, Nachtexpress und KEP-L\u00f6sungen zu einer durchg\u00e4ngigen Logistik&hellip;<\/p>\n","protected":false},"author":1,"featured_media":0,"parent":82,"menu_order":0,"comment_status":"closed","ping_status":"closed","template":"","meta":{"inline_featured_image":false,"footnotes":""},"class_list":["post-106","page","type-page","status-publish","hentry","entry","no-media"],"_links":{"self":[{"href":"https:\/\/lpr.de\/de\/wp-json\/wp\/v2\/pages\/106","targetHints":{"allow":["GET"]}}],"collection":[{"href":"https:\/\/lpr.de\/de\/wp-json\/wp\/v2\/pages"}],"about":[{"href":"https:\/\/lpr.de\/de\/wp-json\/wp\/v2\/types\/page"}],"author":[{"embeddable":true,"href":"https:\/\/lpr.de\/de\/wp-json\/wp\/v2\/users\/1"}],"replies":[{"embeddable":true,"href":"https:\/\/lpr.de\/de\/wp-json\/wp\/v2\/comments?post=106"}],"version-history":[{"count":9,"href":"https:\/\/lpr.de\/de\/wp-json\/wp\/v2\/pages\/106\/revisions"}],"predecessor-version":[{"id":768,"href":"https:\/\/lpr.de\/de\/wp-json\/wp\/v2\/pages\/106\/revisions\/768"}],"up":[{"embeddable":true,"href":"https:\/\/lpr.de\/de\/wp-json\/wp\/v2\/pages\/82"}],"wp:attachment":[{"href":"https:\/\/lpr.de\/de\/wp-json\/wp\/v2\/media?parent=106"}],"curies":[{"name":"wp","href":"https:\/\/api.w.org\/{rel}","templated":true}]}}